{"id":2235,"date":"2025-09-15T13:37:53","date_gmt":"2025-09-15T10:37:53","guid":{"rendered":"https:\/\/kulttuuriperintostrategia.fi\/tillganglighetsutlatande\/"},"modified":"2025-11-12T12:57:33","modified_gmt":"2025-11-12T10:57:33","slug":"tillganglighetsutlatande","status":"publish","type":"page","link":"https:\/\/kulttuuriperintostrategia.fi\/sv\/tillganglighetsutlatande\/","title":{"rendered":"Tillg\u00e4nglighetsutl\u00e5tande"},"content":{"rendered":"\n<p>Denna tillg\u00e4nglighetsredog\u00f6relse g\u00e4ller webbplatsen <strong>https:\/\/kulttuuriperintostrategia.fi <\/strong>och har uppr\u00e4ttats den 5 november 2025. Tillg\u00e4ngligheten f\u00f6r denna digitala tj\u00e4nst har bed\u00f6mts av <strong>Motiva Oy <\/strong>tillsammans med en tredje part. <\/p>\n\n<h2 class=\"wp-block-heading\">Status f\u00f6r digital tj\u00e4nsts tillg\u00e4nglighet<\/h2>\n\n<p>Webbplatsen \u00e4r utformad i enlighet med riktlinjerna WCAG 2.1 p\u00e5 niv\u00e5 AA. Webbplatsen uppfyller de kritiska tillg\u00e4nglighetskraven. <\/p>\n\n<h2 class=\"wp-block-heading\">Har du uppt\u00e4ckt en brist i tillg\u00e4ngligheten p\u00e5 v\u00e5r digitala tj\u00e4nst?<\/h2>\n\n<p>Ber\u00e4tta f\u00f6r oss om du har uppt\u00e4ckt en brist i tillg\u00e4ngligheten, s\u00e5 g\u00f6r vi v\u00e5rt b\u00e4sta f\u00f6r att \u00e5tg\u00e4rda den.<\/p>\n\n<p>Du kan l\u00e4mna feedback genom att skicka e-post till: <br\/> kulttuuriperintostrategia.okm(at)gov.fi. Du kan f\u00f6rv\u00e4nta dig ett svar inom 14 dagar.  <\/p>\n\n<h2 class=\"wp-block-heading\">Tillsynsmyndighet<\/h2>\n\n<p>Om du inte \u00e4r n\u00f6jd med svaret eller inte f\u00e5r n\u00e5got svar alls inom tv\u00e5 veckor, kan du g\u00f6ra en anm\u00e4lan till Transport- och kommunikationsverket Traficom.<\/p>\n\n<p><strong>P\u00e5 Traficoms webbplats finns detaljerad information om hur du g\u00f6r en anm\u00e4lan och hur \u00e4rendet behandlas: <br\/> <a href=\"https:\/\/www.saavutettavuusvaatimukset.fi\/fi\">www.saavutettavuusvaatimukset.fi<\/a><\/strong><\/p>\n\n<p>Transport- och kommunikationsverket Traficom <br\/> Enheten f\u00f6r digital tillg\u00e4nglighet och tillg\u00e4nglighets\u00f6vervakning <br\/><a href=\"https:\/\/www.saavutettavuusvaatimukset.fi\/fi\">www.saavutettavuusvaatimukset.fi<\/a><br\/>saavutettavuus@traficom.fi <br\/> Telefonv\u00e4xel: 029 534 5000<\/p>\n\n<p><\/p>\n","protected":false},"excerpt":{"rendered":"<p>Denna tillg\u00e4nglighetsredog\u00f6relse g\u00e4ller webbplatsen https:\/\/kulttuuriperintostrategia.fi och har uppr\u00e4ttats den 5 november 2025. Tillg\u00e4ngligheten f\u00f6r denna digitala tj\u00e4nst har bed\u00f6mts av Motiva Oy tillsammans med en tredje part. Status f\u00f6r digital tj\u00e4nsts tillg\u00e4nglighet Webbplatsen \u00e4r utformad i enlighet med riktlinjerna WCAG 2.1 p\u00e5 niv\u00e5 AA. Webbplatsen uppfyller de kritiska tillg\u00e4nglighetskraven. Har du uppt\u00e4ckt en brist i &#8230; <a title=\"Tillg\u00e4nglighetsutl\u00e5tande\" class=\"read-more\" href=\"https:\/\/kulttuuriperintostrategia.fi\/sv\/tillganglighetsutlatande\/\" aria-label=\"L\u00e4s mer om Tillg\u00e4nglighetsutl\u00e5tande\">Read more<\/a><\/p>\n","protected":false},"author":1,"featured_media":0,"parent":0,"menu_order":0,"comment_status":"closed","ping_status":"closed","template":"","meta":{"_acf_changed":false,"footnotes":""},"categories":[],"class_list":["post-2235","page","type-page","status-publish"],"acf":[],"_links":{"self":[{"href":"https:\/\/kulttuuriperintostrategia.fi\/sv\/wp-json\/wp\/v2\/pages\/2235","targetHints":{"allow":["GET"]}}],"collection":[{"href":"https:\/\/kulttuuriperintostrategia.fi\/sv\/wp-json\/wp\/v2\/pages"}],"about":[{"href":"https:\/\/kulttuuriperintostrategia.fi\/sv\/wp-json\/wp\/v2\/types\/page"}],"author":[{"embeddable":true,"href":"https:\/\/kulttuuriperintostrategia.fi\/sv\/wp-json\/wp\/v2\/users\/1"}],"replies":[{"embeddable":true,"href":"https:\/\/kulttuuriperintostrategia.fi\/sv\/wp-json\/wp\/v2\/comments?post=2235"}],"version-history":[{"count":2,"href":"https:\/\/kulttuuriperintostrategia.fi\/sv\/wp-json\/wp\/v2\/pages\/2235\/revisions"}],"predecessor-version":[{"id":2316,"href":"https:\/\/kulttuuriperintostrategia.fi\/sv\/wp-json\/wp\/v2\/pages\/2235\/revisions\/2316"}],"wp:attachment":[{"href":"https:\/\/kulttuuriperintostrategia.fi\/sv\/wp-json\/wp\/v2\/media?parent=2235"}],"wp:term":[{"taxonomy":"category","embeddable":true,"href":"https:\/\/kulttuuriperintostrategia.fi\/sv\/wp-json\/wp\/v2\/categories?post=2235"}],"curies":[{"name":"wp","href":"https:\/\/api.w.org\/{rel}","templated":true}]}}