{"id":2206,"date":"2025-07-15T15:57:06","date_gmt":"2025-07-15T12:57:06","guid":{"rendered":"https:\/\/kulttuuriperintostrategia.fi\/skapa-ett-konto\/"},"modified":"2025-11-24T11:09:41","modified_gmt":"2025-11-24T09:09:41","slug":"skapa-ett-konto","status":"publish","type":"page","link":"https:\/\/kulttuuriperintostrategia.fi\/sv\/skapa-ett-konto\/","title":{"rendered":"Skapa ett konto"},"content":{"rendered":"\t\t<div id=\"magic-login-register\">\n\t\t\t<div class=\"registration_result\">\n\t\t\t\t<div class=\"info\">T\u00e4ytt\u00e4m\u00e4ll\u00e4 lomakkeen luot tilin kulttuuriperintostrategia.fi -sivustolle<\/div>\t\t\t<\/div>\n\n\t\t\t<form\n\t\t\t\tid=\"magic_login_registration_form\"\n\t\t\t\taction=\"\"\n\t\t\t\tmethod=\"post\"\n\t\t\t\tdata-ajax-url=\"https:\/\/kulttuuriperintostrategia.fi\/wp-admin\/admin-ajax.php\"\n\t\t\t\tdata-ajax-spinner=\"https:\/\/kulttuuriperintostrategia.fi\/wp-admin\/images\/spinner.gif\"\n\t\t\t\tdata-ajax-sending-msg=\"Processing your registration, please wait...\"\n\t\t\t\tdata-spam-protection-msg=\"Please verify that you are not a robot.\"\n\t\t\t>\n\t\t\t\t\n\t\t\t\t\t\t\t\t\t<div class=\"form-group\">\n\t\t\t\t\t\t<p>\n\t\t\t\t\t\t\t<label for=\"first_name\">F\u00f6rnamn<\/label>\n\t\t\t\t\t\t\t<input type=\"text\" name=\"first_name\" id=\"first_name\" value=\"\" required >\n\t\t\t\t\t\t<\/p>\n\t\t\t\t\t\t<p>\n\t\t\t\t\t\t\t<label for=\"last_name\">Efternamn<\/label>\n\t\t\t\t\t\t\t<input type=\"text\" name=\"last_name\" id=\"last_name\" value=\"\" required >\n\t\t\t\t\t\t<\/p>\n\t\t\t\t\t<\/div>\n\t\t\t\t\t\t\t\t<p>\n\t\t\t\t\t<label for=\"email\">E-post<\/label>\n\t\t\t\t\t<input type=\"email\" name=\"email\" id=\"email\" value=\"\" required>\n\t\t\t\t<\/p>\n\n\t\t\t\t\n\t\t\t\t\t\t\t\t\t\t\t\t<div class=\"magic-login-captcha-wrapper\"><div class=\"magic-login-cf-turnstile\" id=\"magic-login-cf-turnstile-container\" data-sitekey=\"0x4AAAAAACfGp4Cp5BLoO5vM\"><\/div><\/div>\t\t\t\t<p>\n\t\t\t\t\t<input type=\"hidden\" name=\"action\" value=\"magic_login_register_user\">\n\t\t\t\t\t<input type=\"hidden\" name=\"success_message\" value=\"Tilin luominen onnistui, kirjautumis-linkki l\u00e4hetetty ilmoittamaasi s\u00e4hk\u00f6postiosoitteeseen\">\n\t\t\t\t\t<input type=\"hidden\" name=\"security\" value=\"f7a15a9373\">\n\t\t\t\t\t<input type=\"hidden\" name=\"validation_rules\" value=\"eyJyZXF1aXJlX2ZpcnN0X25hbWUiOnRydWUsInJlcXVpcmVfbGFzdF9uYW1lIjp0cnVlLCJyZXF1aXJlX3Rlcm1zIjpmYWxzZSwicmVxdWlyZV9waG9uZSI6ZmFsc2V9\">\n\t\t\t\t\t<input type=\"hidden\" name=\"validation_hash\" value=\"1e19cbc1894d9d8d9d1acc7c2044021eb0dbaa108d6284d68bdf55f1b6581c6f\">\n\t\t\t\t\t<input type=\"submit\" name=\"submit_registration\" value=\"Luo tili\" class=\"magic-login-submit\">\n\t\t\t\t<\/p>\n\t\t\t<\/form>\n\t\t<\/div>\n\t\t\n\n<div style=\"height:60px\" aria-hidden=\"true\" class=\"wp-block-spacer\"><\/div>\n\n<h2 class=\"gb-text\">Har din e-postadress redan ett konto?<\/h2>\n\n<div class=\"wp-block-buttons is-layout-flex wp-block-buttons-is-layout-flex\">\n<div class=\"wp-block-button\"><a class=\"wp-block-button__link wp-element-button\" href=\"\/login\">Logga in<\/a><\/div>\n<\/div>\n\n<p><\/p>\n","protected":false},"excerpt":{"rendered":"<p>Har din e-postadress redan ett konto?<\/p>\n","protected":false},"author":1,"featured_media":0,"parent":0,"menu_order":0,"comment_status":"closed","ping_status":"closed","template":"","meta":{"_acf_changed":false,"footnotes":""},"categories":[],"class_list":["post-2206","page","type-page","status-publish"],"acf":[],"_links":{"self":[{"href":"https:\/\/kulttuuriperintostrategia.fi\/sv\/wp-json\/wp\/v2\/pages\/2206","targetHints":{"allow":["GET"]}}],"collection":[{"href":"https:\/\/kulttuuriperintostrategia.fi\/sv\/wp-json\/wp\/v2\/pages"}],"about":[{"href":"https:\/\/kulttuuriperintostrategia.fi\/sv\/wp-json\/wp\/v2\/types\/page"}],"author":[{"embeddable":true,"href":"https:\/\/kulttuuriperintostrategia.fi\/sv\/wp-json\/wp\/v2\/users\/1"}],"replies":[{"embeddable":true,"href":"https:\/\/kulttuuriperintostrategia.fi\/sv\/wp-json\/wp\/v2\/comments?post=2206"}],"version-history":[{"count":8,"href":"https:\/\/kulttuuriperintostrategia.fi\/sv\/wp-json\/wp\/v2\/pages\/2206\/revisions"}],"predecessor-version":[{"id":2376,"href":"https:\/\/kulttuuriperintostrategia.fi\/sv\/wp-json\/wp\/v2\/pages\/2206\/revisions\/2376"}],"wp:attachment":[{"href":"https:\/\/kulttuuriperintostrategia.fi\/sv\/wp-json\/wp\/v2\/media?parent=2206"}],"wp:term":[{"taxonomy":"category","embeddable":true,"href":"https:\/\/kulttuuriperintostrategia.fi\/sv\/wp-json\/wp\/v2\/categories?post=2206"}],"curies":[{"name":"wp","href":"https:\/\/api.w.org\/{rel}","templated":true}]}}