{"id":2102,"date":"2025-06-20T14:21:33","date_gmt":"2025-06-20T11:21:33","guid":{"rendered":"https:\/\/kulttuuriperintostrategia.fi\/sok-pa-kartan\/"},"modified":"2025-10-23T14:41:59","modified_gmt":"2025-10-23T11:41:59","slug":"sok-pa-kartan","status":"publish","type":"page","link":"https:\/\/kulttuuriperintostrategia.fi\/sv\/sok-pa-kartan\/","title":{"rendered":"S\u00f6k p\u00e5 kartan"},"content":{"rendered":"\n<p class=\"lead\">P\u00e5 kartan kan du ta del av \u00e5tg\u00e4rder och god praxis som fr\u00e4mjar \u00e5tg\u00e4rderna i kulturarvsstrategin. P\u00e5 kartan visas inte \u00e5tg\u00e4rder och god praxis som har uppgetts vara riksomfattande. <\/p>\n\n<p>L\u00e4s mer, bli inspirerad och l\u00e4gg till ditt projekt eller din goda praxis!<\/p>\n\n","protected":false},"excerpt":{"rendered":"<p>P\u00e5 kartan kan du ta del av \u00e5tg\u00e4rder och god praxis som fr\u00e4mjar \u00e5tg\u00e4rderna i kulturarvsstrategin. P\u00e5 kartan visas inte \u00e5tg\u00e4rder och god praxis som har uppgetts vara riksomfattande. L\u00e4s mer, bli inspirerad och l\u00e4gg till ditt projekt eller din goda praxis!<\/p>\n","protected":false},"author":1,"featured_media":0,"parent":0,"menu_order":0,"comment_status":"closed","ping_status":"closed","template":"","meta":{"_acf_changed":false,"footnotes":""},"categories":[],"class_list":["post-2102","page","type-page","status-publish"],"acf":[],"_links":{"self":[{"href":"https:\/\/kulttuuriperintostrategia.fi\/sv\/wp-json\/wp\/v2\/pages\/2102","targetHints":{"allow":["GET"]}}],"collection":[{"href":"https:\/\/kulttuuriperintostrategia.fi\/sv\/wp-json\/wp\/v2\/pages"}],"about":[{"href":"https:\/\/kulttuuriperintostrategia.fi\/sv\/wp-json\/wp\/v2\/types\/page"}],"author":[{"embeddable":true,"href":"https:\/\/kulttuuriperintostrategia.fi\/sv\/wp-json\/wp\/v2\/users\/1"}],"replies":[{"embeddable":true,"href":"https:\/\/kulttuuriperintostrategia.fi\/sv\/wp-json\/wp\/v2\/comments?post=2102"}],"version-history":[{"count":1,"href":"https:\/\/kulttuuriperintostrategia.fi\/sv\/wp-json\/wp\/v2\/pages\/2102\/revisions"}],"predecessor-version":[{"id":2103,"href":"https:\/\/kulttuuriperintostrategia.fi\/sv\/wp-json\/wp\/v2\/pages\/2102\/revisions\/2103"}],"wp:attachment":[{"href":"https:\/\/kulttuuriperintostrategia.fi\/sv\/wp-json\/wp\/v2\/media?parent=2102"}],"wp:term":[{"taxonomy":"category","embeddable":true,"href":"https:\/\/kulttuuriperintostrategia.fi\/sv\/wp-json\/wp\/v2\/categories?post=2102"}],"curies":[{"name":"wp","href":"https:\/\/api.w.org\/{rel}","templated":true}]}}