{"id":2098,"date":"2025-06-18T17:25:54","date_gmt":"2025-06-18T14:25:54","guid":{"rendered":"https:\/\/kulttuuriperintostrategia.fi\/meddela\/"},"modified":"2025-11-28T14:15:23","modified_gmt":"2025-11-28T12:15:23","slug":"meddela","status":"publish","type":"page","link":"https:\/\/kulttuuriperintostrategia.fi\/sv\/meddela\/","title":{"rendered":"Meddela en \u00e5tg\u00e4rd eller god praxis"},"content":{"rendered":"\n<p class=\"lead\">P\u00e5 den h\u00e4r sidan kan du l\u00e4gga till \u00e5tg\u00e4rder eller god praxis som uppfyller m\u00e5len i kulturarvsstrategin.<\/p>\n\n\n\n<ul class=\"wp-block-list\">\n<li><strong>En \u00e5tg\u00e4rd<\/strong> \u00e4r en verksamhet eller ett projekt som p\u00e5g\u00e5r eller planeras.<\/li>\n\n\n\n<li><strong>God praxis<\/strong> \u00e4r ett verksamhetss\u00e4tt eller en modell som redan anv\u00e4nds, inspirerar och fungerar som exempel f\u00f6r andra.<\/li>\n<\/ul>\n\n\n\n<h2 class=\"gb-text teemalink tl1\">Innan du meddelar en \u00e5tg\u00e4rd eller god praxis<\/h2>\n\n\n\n<p class=\"lead\">Bekanta dig noggrant med strategins teman och v\u00e4lj vilket tema och m\u00e5l \u00e5tg\u00e4rden eller den goda praxisen genomf\u00f6r.<\/p>\n\n\n\n<ul class=\"wp-block-list teemalinklist\">\n<li><a href=\"https:\/\/kulttuuriperintostrategia.fi\/sv\/kulturarvet-som-eget-och-gemensamt\/\" data-type=\"page\" data-id=\"278\" target=\"_blank\" rel=\"noreferrer noopener\">1. Kulturarv som eget och gemensamt<\/a><\/li>\n\n\n\n<li><a href=\"https:\/\/kulttuuriperintostrategia.fi\/sv\/kulturarv-natur-och-klimatforandring\/\" data-type=\"page\" data-id=\"281\" target=\"_blank\" rel=\"noreferrer noopener\">2. Kulturarv, natur och klimatf\u00f6r\u00e4ndring<\/a><\/li>\n\n\n\n<li><a href=\"https:\/\/kulttuuriperintostrategia.fi\/sv\/kulturarv-larande-kompetens-och-forskning\/\" data-type=\"page\" data-id=\"284\" target=\"_blank\" rel=\"noreferrer noopener\">3. Kulturarv, l\u00e4rande, kompetens och forskning<\/a><\/li>\n\n\n\n<li><a href=\"https:\/\/kulttuuriperintostrategia.fi\/sv\/kulturarvet-och-ekonomin-hallbart-och-kreativt\/\" data-type=\"page\" data-id=\"286\" target=\"_blank\" rel=\"noreferrer noopener\">4. Kulturarv och ekonomi \u2013 h\u00e5llbart och kreativt<\/a><\/li>\n<\/ul>\n\n\n\n<h2 class=\"gb-text\">S\u00e5 h\u00e4r meddelar du<\/h2>\n\n\n\n<ul class=\"wp-block-list\">\n<li>Se till att du har tillst\u00e5nd fr\u00e5n din organisation att meddela \u00e5tg\u00e4rden eller den goda praxisen till webbplatsen.<\/li>\n\n\n\n<li>Logga in p\u00e5 webbplatsen med din e-postadress.<\/li>\n\n\n\n<li>Fyll i formul\u00e4ret nedan.<\/li>\n\n\n\n<li>Skriv inte in personuppgifter p\u00e5 blanketten annat \u00e4n i de f\u00e4lt d\u00e4r de fr\u00e5gas. Personuppgifter publiceras inte. <\/li>\n\n\n\n<li>\u00c5tg\u00e4rden eller den goda praxisen publiceras i avsnittet Bekanta dig med \u00e5tg\u00e4rderna inom cirka en vecka.\n<ul class=\"wp-block-list\">\n<li>Innan publicering harmoniseras texterna vid behov.<\/li>\n\n\n\n<li>Du f\u00e5r ett meddelande n\u00e4r \u00e5tg\u00e4rden har publicerats.<\/li>\n<\/ul>\n<\/li>\n\n\n\n<li>Observera att enskilda evenemang, tillst\u00e4llningar eller utbildningar inte ska meddelas p\u00e5 webbplatsen.<\/li>\n<\/ul>\n\n\n\n<h2 class=\"gb-text\">Redigering och rapportering av uppgifter<\/h2>\n\n\n\n<p>Framsteg och resultat f\u00f6r \u00e5tg\u00e4rder rapporteras under Mina till\u00e4gg.<\/p>\n","protected":false},"excerpt":{"rendered":"<p>P\u00e5 den h\u00e4r sidan kan du l\u00e4gga till \u00e5tg\u00e4rder eller god praxis som uppfyller m\u00e5len i kulturarvsstrategin. Innan du meddelar en \u00e5tg\u00e4rd eller god praxis Bekanta dig noggrant med strategins teman och v\u00e4lj vilket tema och m\u00e5l \u00e5tg\u00e4rden eller den goda praxisen genomf\u00f6r. S\u00e5 h\u00e4r meddelar du Redigering och rapportering av uppgifter Framsteg och resultat &#8230; <a title=\"Meddela en \u00e5tg\u00e4rd eller god praxis\" class=\"read-more\" href=\"https:\/\/kulttuuriperintostrategia.fi\/sv\/meddela\/\" aria-label=\"L\u00e4s mer om Meddela en \u00e5tg\u00e4rd eller god praxis\">Read more<\/a><\/p>\n","protected":false},"author":1,"featured_media":0,"parent":0,"menu_order":0,"comment_status":"closed","ping_status":"closed","template":"","meta":{"_acf_changed":false,"footnotes":""},"categories":[],"class_list":["post-2098","page","type-page","status-publish"],"acf":[],"_links":{"self":[{"href":"https:\/\/kulttuuriperintostrategia.fi\/sv\/wp-json\/wp\/v2\/pages\/2098","targetHints":{"allow":["GET"]}}],"collection":[{"href":"https:\/\/kulttuuriperintostrategia.fi\/sv\/wp-json\/wp\/v2\/pages"}],"about":[{"href":"https:\/\/kulttuuriperintostrategia.fi\/sv\/wp-json\/wp\/v2\/types\/page"}],"author":[{"embeddable":true,"href":"https:\/\/kulttuuriperintostrategia.fi\/sv\/wp-json\/wp\/v2\/users\/1"}],"replies":[{"embeddable":true,"href":"https:\/\/kulttuuriperintostrategia.fi\/sv\/wp-json\/wp\/v2\/comments?post=2098"}],"version-history":[{"count":15,"href":"https:\/\/kulttuuriperintostrategia.fi\/sv\/wp-json\/wp\/v2\/pages\/2098\/revisions"}],"predecessor-version":[{"id":2419,"href":"https:\/\/kulttuuriperintostrategia.fi\/sv\/wp-json\/wp\/v2\/pages\/2098\/revisions\/2419"}],"wp:attachment":[{"href":"https:\/\/kulttuuriperintostrategia.fi\/sv\/wp-json\/wp\/v2\/media?parent=2098"}],"wp:term":[{"taxonomy":"category","embeddable":true,"href":"https:\/\/kulttuuriperintostrategia.fi\/sv\/wp-json\/wp\/v2\/categories?post=2098"}],"curies":[{"name":"wp","href":"https:\/\/api.w.org\/{rel}","templated":true}]}}