{"id":2094,"date":"2025-06-17T20:07:51","date_gmt":"2025-06-17T17:07:51","guid":{"rendered":"https:\/\/kulttuuriperintostrategia.fi\/4-4-kulturarvets-sardrag-och-egenvarde-respekteras-i-den-ekonomiska-verksamheten\/"},"modified":"2025-10-23T13:39:47","modified_gmt":"2025-10-23T10:39:47","slug":"4-4-kulturarvets-sardrag-och-egenvarde-respekteras-i-den-ekonomiska-verksamheten","status":"publish","type":"page","link":"https:\/\/kulttuuriperintostrategia.fi\/sv\/4-4-kulturarvets-sardrag-och-egenvarde-respekteras-i-den-ekonomiska-verksamheten\/","title":{"rendered":"4.4. Kulturarvets s\u00e4rdrag och egenv\u00e4rde respekteras i den ekonomiska verksamheten"},"content":{"rendered":"\n<ul class=\"wp-block-list\">\n<li>Medvetenheten om att kulturarvets v\u00e4rden beaktas i den ekonomiska verksamheten \u00f6kas.<\/li>\n\n\n\n<li>Den etiska praxisen f\u00f6r handel med och f\u00f6rfaranden i anslutning till kulturf\u00f6rem\u00e5l utvecklas i samarbete med olika akt\u00f6rer.<\/li>\n\n\n\n<li>Ursprungsfolkens r\u00e4ttigheter att anv\u00e4nda och utnyttja kulturarvet skyddas och f\u00f6ruts\u00e4ttningarna f\u00f6r att r\u00e4ttigheterna verkst\u00e4lls st\u00e4rks.<\/li>\n<\/ul>\n\n<p><\/p>\n","protected":false},"excerpt":{"rendered":"","protected":false},"author":1,"featured_media":0,"parent":0,"menu_order":0,"comment_status":"closed","ping_status":"closed","template":"","meta":{"_acf_changed":false,"footnotes":""},"categories":[50],"class_list":{"0":"post-2094","1":"page","2":"type-page","3":"status-publish","5":"category-4-kulttuuriperinto-ja-talous-kestavasti-ja-luovasti"},"acf":[],"_links":{"self":[{"href":"https:\/\/kulttuuriperintostrategia.fi\/sv\/wp-json\/wp\/v2\/pages\/2094","targetHints":{"allow":["GET"]}}],"collection":[{"href":"https:\/\/kulttuuriperintostrategia.fi\/sv\/wp-json\/wp\/v2\/pages"}],"about":[{"href":"https:\/\/kulttuuriperintostrategia.fi\/sv\/wp-json\/wp\/v2\/types\/page"}],"author":[{"embeddable":true,"href":"https:\/\/kulttuuriperintostrategia.fi\/sv\/wp-json\/wp\/v2\/users\/1"}],"replies":[{"embeddable":true,"href":"https:\/\/kulttuuriperintostrategia.fi\/sv\/wp-json\/wp\/v2\/comments?post=2094"}],"version-history":[{"count":1,"href":"https:\/\/kulttuuriperintostrategia.fi\/sv\/wp-json\/wp\/v2\/pages\/2094\/revisions"}],"predecessor-version":[{"id":2095,"href":"https:\/\/kulttuuriperintostrategia.fi\/sv\/wp-json\/wp\/v2\/pages\/2094\/revisions\/2095"}],"wp:attachment":[{"href":"https:\/\/kulttuuriperintostrategia.fi\/sv\/wp-json\/wp\/v2\/media?parent=2094"}],"wp:term":[{"taxonomy":"category","embeddable":true,"href":"https:\/\/kulttuuriperintostrategia.fi\/sv\/wp-json\/wp\/v2\/categories?post=2094"}],"curies":[{"name":"wp","href":"https:\/\/api.w.org\/{rel}","templated":true}]}}