{"id":2092,"date":"2025-06-17T20:07:29","date_gmt":"2025-06-17T17:07:29","guid":{"rendered":"https:\/\/kulttuuriperintostrategia.fi\/4-3-kulturarvet-ar-en-allt-viktigare-resurs-for-kreativ-ekonomi-och-annan-affarsverksamhet\/"},"modified":"2025-10-23T13:39:24","modified_gmt":"2025-10-23T10:39:24","slug":"4-3-kulturarvet-ar-en-allt-viktigare-resurs-for-kreativ-ekonomi-och-annan-affarsverksamhet","status":"publish","type":"page","link":"https:\/\/kulttuuriperintostrategia.fi\/sv\/4-3-kulturarvet-ar-en-allt-viktigare-resurs-for-kreativ-ekonomi-och-annan-affarsverksamhet\/","title":{"rendered":"4.3. Kulturarvet \u00e4r en allt viktigare resurs f\u00f6r kreativ ekonomi och annan aff\u00e4rsverksamhet"},"content":{"rendered":"\n<ul class=\"wp-block-list\">\n<li>Nya modeller f\u00f6r kulturarvsf\u00f6retagande och ansvarsfull aff\u00e4rsverksamhet med utg\u00e5ngspunkt i kulturarvet uppmuntras.<\/li>\n\n\n\n<li>Kommersiellt utnyttjande av kunskaperna om kulturarvet och digitalt inneh\u00e5ll fr\u00e4mjas, s\u00e4rskilt i utvecklingen av tj\u00e4nster inom resebranschen och innovativ teknologi.<\/li>\n\n\n\n<li>Utvecklingen av partnerskap och skapandet av v\u00e4rden\u00e4tverk mellan akt\u00f6rer inom kulturarvssektorn, f\u00f6retag samt forsknings-, utvecklings- och innovationsverksamhet st\u00f6ds.<\/li>\n\n\n\n<li>Akt\u00f6rerna inom kulturarvssektorn uppmuntras att aktivt utnyttja Europeiska unionens finansieringsprogram och strukturfonder.<\/li>\n<\/ul>\n\n<p><\/p>\n","protected":false},"excerpt":{"rendered":"","protected":false},"author":1,"featured_media":0,"parent":0,"menu_order":0,"comment_status":"closed","ping_status":"closed","template":"","meta":{"_acf_changed":false,"footnotes":""},"categories":[50],"class_list":{"0":"post-2092","1":"page","2":"type-page","3":"status-publish","5":"category-4-kulttuuriperinto-ja-talous-kestavasti-ja-luovasti"},"acf":[],"_links":{"self":[{"href":"https:\/\/kulttuuriperintostrategia.fi\/sv\/wp-json\/wp\/v2\/pages\/2092","targetHints":{"allow":["GET"]}}],"collection":[{"href":"https:\/\/kulttuuriperintostrategia.fi\/sv\/wp-json\/wp\/v2\/pages"}],"about":[{"href":"https:\/\/kulttuuriperintostrategia.fi\/sv\/wp-json\/wp\/v2\/types\/page"}],"author":[{"embeddable":true,"href":"https:\/\/kulttuuriperintostrategia.fi\/sv\/wp-json\/wp\/v2\/users\/1"}],"replies":[{"embeddable":true,"href":"https:\/\/kulttuuriperintostrategia.fi\/sv\/wp-json\/wp\/v2\/comments?post=2092"}],"version-history":[{"count":1,"href":"https:\/\/kulttuuriperintostrategia.fi\/sv\/wp-json\/wp\/v2\/pages\/2092\/revisions"}],"predecessor-version":[{"id":2093,"href":"https:\/\/kulttuuriperintostrategia.fi\/sv\/wp-json\/wp\/v2\/pages\/2092\/revisions\/2093"}],"wp:attachment":[{"href":"https:\/\/kulttuuriperintostrategia.fi\/sv\/wp-json\/wp\/v2\/media?parent=2092"}],"wp:term":[{"taxonomy":"category","embeddable":true,"href":"https:\/\/kulttuuriperintostrategia.fi\/sv\/wp-json\/wp\/v2\/categories?post=2092"}],"curies":[{"name":"wp","href":"https:\/\/api.w.org\/{rel}","templated":true}]}}