{"id":2090,"date":"2025-06-17T20:07:09","date_gmt":"2025-06-17T17:07:09","guid":{"rendered":"https:\/\/kulttuuriperintostrategia.fi\/4-2-finansieringsgrunden-for-den-ambitiosa-utvecklingen-av-kulturarvet-har-utvidgats-och-bevarandet-av-det-tryggas-med-offentliga-medel\/"},"modified":"2025-10-23T13:38:54","modified_gmt":"2025-10-23T10:38:54","slug":"4-2-finansieringsgrunden-for-den-ambitiosa-utvecklingen-av-kulturarvet-har-utvidgats-och-bevarandet-av-det-tryggas-med-offentliga-medel","status":"publish","type":"page","link":"https:\/\/kulttuuriperintostrategia.fi\/sv\/4-2-finansieringsgrunden-for-den-ambitiosa-utvecklingen-av-kulturarvet-har-utvidgats-och-bevarandet-av-det-tryggas-med-offentliga-medel\/","title":{"rendered":"4.2. Finansieringsgrunden f\u00f6r den ambiti\u00f6sa utvecklingen av kulturarvet har utvidgats och bevarandet av det tryggas med offentliga medel"},"content":{"rendered":"\n<ul class=\"wp-block-list\">\n<li>Utvecklingen av de nuvarande finansieringsformerna och m\u00f6jligheterna till nya incitament utreds (t.ex. skattem\u00e4ssiga metoder).<\/li>\n\n\n\n<li>Inom den privata sektorn har man identifierat det samh\u00e4lleliga ansvaret f\u00f6r kulturarvet.<\/li>\n\n\n\n<li>Med offentliga medel tryggas f\u00f6ruts\u00e4ttningarna f\u00f6r att skydda och bevara det kulturarv som gemensamt upplevs som v\u00e4rdefullt.<\/li>\n<\/ul>\n\n<p><\/p>\n","protected":false},"excerpt":{"rendered":"","protected":false},"author":1,"featured_media":0,"parent":0,"menu_order":0,"comment_status":"closed","ping_status":"closed","template":"","meta":{"_acf_changed":false,"footnotes":""},"categories":[50],"class_list":{"0":"post-2090","1":"page","2":"type-page","3":"status-publish","5":"category-4-kulttuuriperinto-ja-talous-kestavasti-ja-luovasti"},"acf":[],"_links":{"self":[{"href":"https:\/\/kulttuuriperintostrategia.fi\/sv\/wp-json\/wp\/v2\/pages\/2090","targetHints":{"allow":["GET"]}}],"collection":[{"href":"https:\/\/kulttuuriperintostrategia.fi\/sv\/wp-json\/wp\/v2\/pages"}],"about":[{"href":"https:\/\/kulttuuriperintostrategia.fi\/sv\/wp-json\/wp\/v2\/types\/page"}],"author":[{"embeddable":true,"href":"https:\/\/kulttuuriperintostrategia.fi\/sv\/wp-json\/wp\/v2\/users\/1"}],"replies":[{"embeddable":true,"href":"https:\/\/kulttuuriperintostrategia.fi\/sv\/wp-json\/wp\/v2\/comments?post=2090"}],"version-history":[{"count":1,"href":"https:\/\/kulttuuriperintostrategia.fi\/sv\/wp-json\/wp\/v2\/pages\/2090\/revisions"}],"predecessor-version":[{"id":2091,"href":"https:\/\/kulttuuriperintostrategia.fi\/sv\/wp-json\/wp\/v2\/pages\/2090\/revisions\/2091"}],"wp:attachment":[{"href":"https:\/\/kulttuuriperintostrategia.fi\/sv\/wp-json\/wp\/v2\/media?parent=2090"}],"wp:term":[{"taxonomy":"category","embeddable":true,"href":"https:\/\/kulttuuriperintostrategia.fi\/sv\/wp-json\/wp\/v2\/categories?post=2090"}],"curies":[{"name":"wp","href":"https:\/\/api.w.org\/{rel}","templated":true}]}}