{"id":2088,"date":"2025-06-17T20:06:48","date_gmt":"2025-06-17T17:06:48","guid":{"rendered":"https:\/\/kulttuuriperintostrategia.fi\/4-1-kulturarvet-identifieras-som-samhallets-gemensamma-kapital\/"},"modified":"2025-10-23T13:38:31","modified_gmt":"2025-10-23T10:38:31","slug":"4-1-kulturarvet-identifieras-som-samhallets-gemensamma-kapital","status":"publish","type":"page","link":"https:\/\/kulttuuriperintostrategia.fi\/sv\/4-1-kulturarvet-identifieras-som-samhallets-gemensamma-kapital\/","title":{"rendered":"4.1. Kulturarvet identifieras som samh\u00e4llets gemensamma kapital"},"content":{"rendered":"\n<ul class=\"wp-block-list\">\n<li>Uppf\u00f6ljningen av kulturarvets ekonomiska och syssels\u00e4ttande effekter och inverkan p\u00e5 den regionala dragkraften utvecklas.<\/li>\n\n\n\n<li>H\u00e5llbar turism som bygger p\u00e5 kulturarvet och kulturmilj\u00f6erna fr\u00e4mjas.<\/li>\n\n\n\n<li>Kapitalets v\u00e4rde uppr\u00e4tth\u00e5lls genom att s\u00f6rja f\u00f6r sk\u00f6tseln och utvecklingen av kulturarvet och kulturmilj\u00f6n.<\/li>\n<\/ul>\n\n<p><\/p>\n","protected":false},"excerpt":{"rendered":"","protected":false},"author":1,"featured_media":0,"parent":0,"menu_order":0,"comment_status":"closed","ping_status":"closed","template":"","meta":{"_acf_changed":false,"footnotes":""},"categories":[50],"class_list":{"0":"post-2088","1":"page","2":"type-page","3":"status-publish","5":"category-4-kulttuuriperinto-ja-talous-kestavasti-ja-luovasti"},"acf":[],"_links":{"self":[{"href":"https:\/\/kulttuuriperintostrategia.fi\/sv\/wp-json\/wp\/v2\/pages\/2088","targetHints":{"allow":["GET"]}}],"collection":[{"href":"https:\/\/kulttuuriperintostrategia.fi\/sv\/wp-json\/wp\/v2\/pages"}],"about":[{"href":"https:\/\/kulttuuriperintostrategia.fi\/sv\/wp-json\/wp\/v2\/types\/page"}],"author":[{"embeddable":true,"href":"https:\/\/kulttuuriperintostrategia.fi\/sv\/wp-json\/wp\/v2\/users\/1"}],"replies":[{"embeddable":true,"href":"https:\/\/kulttuuriperintostrategia.fi\/sv\/wp-json\/wp\/v2\/comments?post=2088"}],"version-history":[{"count":1,"href":"https:\/\/kulttuuriperintostrategia.fi\/sv\/wp-json\/wp\/v2\/pages\/2088\/revisions"}],"predecessor-version":[{"id":2089,"href":"https:\/\/kulttuuriperintostrategia.fi\/sv\/wp-json\/wp\/v2\/pages\/2088\/revisions\/2089"}],"wp:attachment":[{"href":"https:\/\/kulttuuriperintostrategia.fi\/sv\/wp-json\/wp\/v2\/media?parent=2088"}],"wp:term":[{"taxonomy":"category","embeddable":true,"href":"https:\/\/kulttuuriperintostrategia.fi\/sv\/wp-json\/wp\/v2\/categories?post=2088"}],"curies":[{"name":"wp","href":"https:\/\/api.w.org\/{rel}","templated":true}]}}