{"id":2085,"date":"2025-06-17T18:50:50","date_gmt":"2025-06-17T15:50:50","guid":{"rendered":"https:\/\/kulttuuriperintostrategia.fi\/kulturarvet-och-ekonomin-hallbart-och-kreativt\/"},"modified":"2025-10-23T13:38:11","modified_gmt":"2025-10-23T10:38:11","slug":"kulturarvet-och-ekonomin-hallbart-och-kreativt","status":"publish","type":"page","link":"https:\/\/kulttuuriperintostrategia.fi\/sv\/kulturarvet-och-ekonomin-hallbart-och-kreativt\/","title":{"rendered":"4. Kulturarv och ekonomi \u2013 h\u00e5llbart och kreativt"},"content":{"rendered":"\n<p class=\"lead\">Kulturarvet \u00e4r en betydande men delvis outnyttjad resurs i ekonomin. F\u00f6r att kulturarvet ska kunna producera livskraft vid sidan av v\u00e4lbefinnande m\u00e5ste olika akt\u00f6rer genom samarbete se till att det v\u00e5rdas p\u00e5 ett bra och h\u00e5llbart s\u00e4tt. Vid sidan av ekonomisk tillv\u00e4xt \u00e4r det ocks\u00e5 viktigt att identifiera andra v\u00e4rden som kulturarvet producerar, till exempel socialt, kulturellt och bildningsm\u00e4ssigt kapital samt v\u00e4lf\u00e4rdseffekter. Inom ramen f\u00f6r temats fyra m\u00e5l granskas kulturarvet som ett gemensamt kapital, h\u00e5llbar finansiering av kulturarvet, utnyttjande av kulturarvet i aff\u00e4rsverksamhet och n\u00e4ringslivet samt respekt f\u00f6r kulturarvets egenv\u00e4rde som en del av den ekonomiska verksamheten.<\/p>\n\n<h2 class=\"gb-text\">4.1. Kulturarvet identifieras som samh\u00e4llets gemensamma kapital<\/h2>\n\n<ul class=\"wp-block-list\">\n<li>Uppf\u00f6ljningen av kulturarvets ekonomiska och syssels\u00e4ttande effekter och inverkan p\u00e5 den regionala dragkraften utvecklas.<\/li>\n\n\n\n<li>H\u00e5llbar turism som bygger p\u00e5 kulturarvet och kulturmilj\u00f6erna fr\u00e4mjas.<\/li>\n\n\n\n<li>Kapitalets v\u00e4rde uppr\u00e4tth\u00e5lls genom att s\u00f6rja f\u00f6r sk\u00f6tseln och utvecklingen av kulturarvet och kulturmilj\u00f6n.<\/li>\n<\/ul>\n\n<h2 class=\"gb-text\">4.2. Finansieringsgrunden f\u00f6r den ambiti\u00f6sa utvecklingen av kulturarvet har utvidgats och bevarandet av det tryggas med offentliga medel<\/h2>\n\n<ul class=\"wp-block-list\">\n<li>Utvecklingen av de nuvarande finansieringsformerna och m\u00f6jligheterna till nya incitament utreds (t.ex. skattem\u00e4ssiga metoder).<\/li>\n\n\n\n<li>Inom den privata sektorn har man identifierat det samh\u00e4lleliga ansvaret f\u00f6r kulturarvet.<\/li>\n\n\n\n<li>Med offentliga medel tryggas f\u00f6ruts\u00e4ttningarna f\u00f6r att skydda och bevara det kulturarv som gemensamt upplevs som v\u00e4rdefullt.<\/li>\n<\/ul>\n\n<h2 class=\"gb-text\">4.3. Kulturarvet \u00e4r en allt viktigare resurs f\u00f6r kreativ ekonomi och annan aff\u00e4rsverksamhet<\/h2>\n\n<ul class=\"wp-block-list\">\n<li>Nya modeller f\u00f6r kulturarvsf\u00f6retagande och ansvarsfull aff\u00e4rsverksamhet med utg\u00e5ngspunkt i kulturarvet uppmuntras.<\/li>\n\n\n\n<li>Kommersiellt utnyttjande av kunskaperna om kulturarvet och digitalt inneh\u00e5ll fr\u00e4mjas, s\u00e4rskilt i utvecklingen av tj\u00e4nster inom resebranschen och innovativ teknologi.<\/li>\n\n\n\n<li>Utvecklingen av partnerskap och skapandet av v\u00e4rden\u00e4tverk mellan akt\u00f6rer inom kulturarvssektorn, f\u00f6retag samt forsknings-, utvecklings- och innovationsverksamhet st\u00f6ds.<\/li>\n\n\n\n<li>Akt\u00f6rerna inom kulturarvssektorn uppmuntras att aktivt utnyttja Europeiska unionens finansieringsprogram och strukturfonder.<\/li>\n<\/ul>\n\n<h2 class=\"gb-text\">4.4. Kulturarvets s\u00e4rdrag och egenv\u00e4rde respekteras i den ekonomiska verksamheten<\/h2>\n\n<ul class=\"wp-block-list\">\n<li>Medvetenheten om att kulturarvets v\u00e4rden beaktas i den ekonomiska verksamheten \u00f6kas.<\/li>\n\n\n\n<li>Den etiska praxisen f\u00f6r handel med och f\u00f6rfaranden i anslutning till kulturf\u00f6rem\u00e5l utvecklas i samarbete med olika akt\u00f6rer.<\/li>\n\n\n\n<li>Ursprungsfolkens r\u00e4ttigheter att anv\u00e4nda och utnyttja kulturarvet skyddas och f\u00f6ruts\u00e4ttningarna f\u00f6r att r\u00e4ttigheterna verkst\u00e4lls st\u00e4rks.<\/li>\n<\/ul>\n\n<p><\/p>\n","protected":false},"excerpt":{"rendered":"<p>Kulturarvet \u00e4r en betydande men delvis outnyttjad resurs i ekonomin. F\u00f6r att kulturarvet ska kunna producera livskraft vid sidan av v\u00e4lbefinnande m\u00e5ste olika akt\u00f6rer genom samarbete se till att det v\u00e5rdas p\u00e5 ett bra och h\u00e5llbart s\u00e4tt. Vid sidan av ekonomisk tillv\u00e4xt \u00e4r det ocks\u00e5 viktigt att identifiera andra v\u00e4rden som kulturarvet producerar, till exempel &#8230; <a title=\"4. Kulturarv och ekonomi \u2013 h\u00e5llbart och kreativt\" class=\"read-more\" href=\"https:\/\/kulttuuriperintostrategia.fi\/sv\/kulturarvet-och-ekonomin-hallbart-och-kreativt\/\" aria-label=\"L\u00e4s mer om 4. Kulturarv och ekonomi \u2013 h\u00e5llbart och kreativt\">Read more<\/a><\/p>\n","protected":false},"author":1,"featured_media":0,"parent":0,"menu_order":0,"comment_status":"closed","ping_status":"closed","template":"","meta":{"_acf_changed":false,"footnotes":""},"categories":[50],"class_list":{"0":"post-2085","1":"page","2":"type-page","3":"status-publish","5":"category-4-kulttuuriperinto-ja-talous-kestavasti-ja-luovasti"},"acf":[],"_links":{"self":[{"href":"https:\/\/kulttuuriperintostrategia.fi\/sv\/wp-json\/wp\/v2\/pages\/2085","targetHints":{"allow":["GET"]}}],"collection":[{"href":"https:\/\/kulttuuriperintostrategia.fi\/sv\/wp-json\/wp\/v2\/pages"}],"about":[{"href":"https:\/\/kulttuuriperintostrategia.fi\/sv\/wp-json\/wp\/v2\/types\/page"}],"author":[{"embeddable":true,"href":"https:\/\/kulttuuriperintostrategia.fi\/sv\/wp-json\/wp\/v2\/users\/1"}],"replies":[{"embeddable":true,"href":"https:\/\/kulttuuriperintostrategia.fi\/sv\/wp-json\/wp\/v2\/comments?post=2085"}],"version-history":[{"count":1,"href":"https:\/\/kulttuuriperintostrategia.fi\/sv\/wp-json\/wp\/v2\/pages\/2085\/revisions"}],"predecessor-version":[{"id":2086,"href":"https:\/\/kulttuuriperintostrategia.fi\/sv\/wp-json\/wp\/v2\/pages\/2085\/revisions\/2086"}],"wp:attachment":[{"href":"https:\/\/kulttuuriperintostrategia.fi\/sv\/wp-json\/wp\/v2\/media?parent=2085"}],"wp:term":[{"taxonomy":"category","embeddable":true,"href":"https:\/\/kulttuuriperintostrategia.fi\/sv\/wp-json\/wp\/v2\/categories?post=2085"}],"curies":[{"name":"wp","href":"https:\/\/api.w.org\/{rel}","templated":true}]}}