{"id":2083,"date":"2025-06-17T20:06:24","date_gmt":"2025-06-17T17:06:24","guid":{"rendered":"https:\/\/kulttuuriperintostrategia.fi\/3-4-kunskapen-om-kulturarvet-ar-omfattande-aktuell-interoperabel-och-anvands-i-stor-utstrackning\/"},"modified":"2025-10-23T13:33:22","modified_gmt":"2025-10-23T10:33:22","slug":"3-4-kunskapen-om-kulturarvet-ar-omfattande-aktuell-interoperabel-och-anvands-i-stor-utstrackning","status":"publish","type":"page","link":"https:\/\/kulttuuriperintostrategia.fi\/sv\/3-4-kunskapen-om-kulturarvet-ar-omfattande-aktuell-interoperabel-och-anvands-i-stor-utstrackning\/","title":{"rendered":"3.4 Kunskapen om kulturarvet \u00e4r omfattande, aktuell, interoperabel och anv\u00e4nds i stor utstr\u00e4ckning"},"content":{"rendered":"\n<ul class=\"wp-block-list\">\n<li>Kulturarvsakt\u00f6rernas m\u00f6jligheter till digitalisering st\u00e4rks.<\/li>\n\n\n\n<li>Man s\u00f6rjer f\u00f6r en l\u00e5ngvarig och permanent f\u00f6rvaring, tillg\u00e5ng, tillg\u00e4nglighet och anv\u00e4ndbarhet f\u00f6r centralt digitalt kulturarvsmaterial.<\/li>\n\n\n\n<li>Samarbetet mellan h\u00f6gskolor, forskningsinstitut och akt\u00f6rer inom kulturarvssektorn st\u00f6ds.<\/li>\n\n\n\n<li>Kunskaperna om kulturarvet delas och utnyttjas aktivt. Man s\u00f6rjer f\u00f6r utvecklingen av kunskapsunderlaget och informationens interoperabilitet. <\/li>\n<\/ul>\n\n<p><\/p>\n","protected":false},"excerpt":{"rendered":"","protected":false},"author":1,"featured_media":0,"parent":0,"menu_order":0,"comment_status":"closed","ping_status":"closed","template":"","meta":{"_acf_changed":false,"footnotes":""},"categories":[49],"class_list":{"0":"post-2083","1":"page","2":"type-page","3":"status-publish","5":"category-3-kulttuuriperinto-oppiminen-osaaminen-ja-tutkimus"},"acf":[],"_links":{"self":[{"href":"https:\/\/kulttuuriperintostrategia.fi\/sv\/wp-json\/wp\/v2\/pages\/2083","targetHints":{"allow":["GET"]}}],"collection":[{"href":"https:\/\/kulttuuriperintostrategia.fi\/sv\/wp-json\/wp\/v2\/pages"}],"about":[{"href":"https:\/\/kulttuuriperintostrategia.fi\/sv\/wp-json\/wp\/v2\/types\/page"}],"author":[{"embeddable":true,"href":"https:\/\/kulttuuriperintostrategia.fi\/sv\/wp-json\/wp\/v2\/users\/1"}],"replies":[{"embeddable":true,"href":"https:\/\/kulttuuriperintostrategia.fi\/sv\/wp-json\/wp\/v2\/comments?post=2083"}],"version-history":[{"count":1,"href":"https:\/\/kulttuuriperintostrategia.fi\/sv\/wp-json\/wp\/v2\/pages\/2083\/revisions"}],"predecessor-version":[{"id":2084,"href":"https:\/\/kulttuuriperintostrategia.fi\/sv\/wp-json\/wp\/v2\/pages\/2083\/revisions\/2084"}],"wp:attachment":[{"href":"https:\/\/kulttuuriperintostrategia.fi\/sv\/wp-json\/wp\/v2\/media?parent=2083"}],"wp:term":[{"taxonomy":"category","embeddable":true,"href":"https:\/\/kulttuuriperintostrategia.fi\/sv\/wp-json\/wp\/v2\/categories?post=2083"}],"curies":[{"name":"wp","href":"https:\/\/api.w.org\/{rel}","templated":true}]}}