{"id":2081,"date":"2025-06-17T20:06:03","date_gmt":"2025-06-17T17:06:03","guid":{"rendered":"https:\/\/kulttuuriperintostrategia.fi\/3-3-kulturarvsforskningen-ar-tvarvetenskaplig-och-internationell-och-dess-resultat-utnyttjas-i-stor-utstrackning\/"},"modified":"2025-10-23T13:32:56","modified_gmt":"2025-10-23T10:32:56","slug":"3-3-kulturarvsforskningen-ar-tvarvetenskaplig-och-internationell-och-dess-resultat-utnyttjas-i-stor-utstrackning","status":"publish","type":"page","link":"https:\/\/kulttuuriperintostrategia.fi\/sv\/3-3-kulturarvsforskningen-ar-tvarvetenskaplig-och-internationell-och-dess-resultat-utnyttjas-i-stor-utstrackning\/","title":{"rendered":"3.3 Kulturarvsforskningen \u00e4r tv\u00e4rvetenskaplig och internationell och dess resultat utnyttjas i stor utstr\u00e4ckning"},"content":{"rendered":"\n<ul class=\"wp-block-list\">\n<li>Resurserna f\u00f6r grundforskning i kulturarvet tryggas och f\u00f6ruts\u00e4ttningarna f\u00f6r till\u00e4mpad forskning st\u00f6ds. Satsningar g\u00f6rs p\u00e5 tv\u00e4rvetenskaplighet och internationalisering. <\/li>\n\n\n\n<li>Kulturarvsforskning och omfattande utnyttjade av och synlighet f\u00f6r kunskaper om kulturarvet st\u00e4rks. Forskare inom omr\u00e5det uppmuntras till en aktiv samh\u00e4llsdebatt och medverkan. <\/li>\n<\/ul>\n\n<p><\/p>\n","protected":false},"excerpt":{"rendered":"","protected":false},"author":1,"featured_media":0,"parent":0,"menu_order":0,"comment_status":"closed","ping_status":"closed","template":"","meta":{"_acf_changed":false,"footnotes":""},"categories":[49],"class_list":{"0":"post-2081","1":"page","2":"type-page","3":"status-publish","5":"category-3-kulttuuriperinto-oppiminen-osaaminen-ja-tutkimus"},"acf":[],"_links":{"self":[{"href":"https:\/\/kulttuuriperintostrategia.fi\/sv\/wp-json\/wp\/v2\/pages\/2081","targetHints":{"allow":["GET"]}}],"collection":[{"href":"https:\/\/kulttuuriperintostrategia.fi\/sv\/wp-json\/wp\/v2\/pages"}],"about":[{"href":"https:\/\/kulttuuriperintostrategia.fi\/sv\/wp-json\/wp\/v2\/types\/page"}],"author":[{"embeddable":true,"href":"https:\/\/kulttuuriperintostrategia.fi\/sv\/wp-json\/wp\/v2\/users\/1"}],"replies":[{"embeddable":true,"href":"https:\/\/kulttuuriperintostrategia.fi\/sv\/wp-json\/wp\/v2\/comments?post=2081"}],"version-history":[{"count":1,"href":"https:\/\/kulttuuriperintostrategia.fi\/sv\/wp-json\/wp\/v2\/pages\/2081\/revisions"}],"predecessor-version":[{"id":2082,"href":"https:\/\/kulttuuriperintostrategia.fi\/sv\/wp-json\/wp\/v2\/pages\/2081\/revisions\/2082"}],"wp:attachment":[{"href":"https:\/\/kulttuuriperintostrategia.fi\/sv\/wp-json\/wp\/v2\/media?parent=2081"}],"wp:term":[{"taxonomy":"category","embeddable":true,"href":"https:\/\/kulttuuriperintostrategia.fi\/sv\/wp-json\/wp\/v2\/categories?post=2081"}],"curies":[{"name":"wp","href":"https:\/\/api.w.org\/{rel}","templated":true}]}}