{"id":2079,"date":"2025-06-17T20:05:42","date_gmt":"2025-06-17T17:05:42","guid":{"rendered":"https:\/\/kulttuuriperintostrategia.fi\/3-2-kompetensen-hos-yrkespersoner-inom-kulturarvsbranschen-motsvarar-pa-ett-mangsidigt-satt-sektorns-och-samhallets-foranderliga-behov\/"},"modified":"2025-10-23T13:32:29","modified_gmt":"2025-10-23T10:32:29","slug":"3-2-kompetensen-hos-yrkespersoner-inom-kulturarvsbranschen-motsvarar-pa-ett-mangsidigt-satt-sektorns-och-samhallets-foranderliga-behov","status":"publish","type":"page","link":"https:\/\/kulttuuriperintostrategia.fi\/sv\/3-2-kompetensen-hos-yrkespersoner-inom-kulturarvsbranschen-motsvarar-pa-ett-mangsidigt-satt-sektorns-och-samhallets-foranderliga-behov\/","title":{"rendered":"3.2 Kompetensen hos yrkespersoner inom kulturarvsbranschen motsvarar p\u00e5 ett m\u00e5ngsidigt s\u00e4tt sektorns och samh\u00e4llets f\u00f6r\u00e4nderliga behov"},"content":{"rendered":"\n<ul class=\"wp-block-list\">\n<li>Kompetensbehoven inom kulturarvssektorn utreds och prognostiseringen av kompetensbehoven utvecklas.<\/li>\n\n\n\n<li>Kompetensen och utbildningen utvecklas s\u00e5 att det tillgodoser s\u00e5v\u00e4l kulturarvssektorns egna som samh\u00e4llets f\u00f6r\u00e4nderliga behov och st\u00f6der bildning och kreativitet.<\/li>\n\n\n\n<li>Identifiering och erk\u00e4nnande av kulturarvskompetens fr\u00e4mjas. Syssels\u00e4ttningsm\u00f6jligheterna f\u00f6r kulturarvsexperter och utnyttjandet av kulturarvskompetens fr\u00e4mjas. <\/li>\n<\/ul>\n\n<p><\/p>\n","protected":false},"excerpt":{"rendered":"","protected":false},"author":1,"featured_media":0,"parent":0,"menu_order":0,"comment_status":"closed","ping_status":"closed","template":"","meta":{"_acf_changed":false,"footnotes":""},"categories":[49],"class_list":{"0":"post-2079","1":"page","2":"type-page","3":"status-publish","5":"category-3-kulttuuriperinto-oppiminen-osaaminen-ja-tutkimus"},"acf":[],"_links":{"self":[{"href":"https:\/\/kulttuuriperintostrategia.fi\/sv\/wp-json\/wp\/v2\/pages\/2079","targetHints":{"allow":["GET"]}}],"collection":[{"href":"https:\/\/kulttuuriperintostrategia.fi\/sv\/wp-json\/wp\/v2\/pages"}],"about":[{"href":"https:\/\/kulttuuriperintostrategia.fi\/sv\/wp-json\/wp\/v2\/types\/page"}],"author":[{"embeddable":true,"href":"https:\/\/kulttuuriperintostrategia.fi\/sv\/wp-json\/wp\/v2\/users\/1"}],"replies":[{"embeddable":true,"href":"https:\/\/kulttuuriperintostrategia.fi\/sv\/wp-json\/wp\/v2\/comments?post=2079"}],"version-history":[{"count":1,"href":"https:\/\/kulttuuriperintostrategia.fi\/sv\/wp-json\/wp\/v2\/pages\/2079\/revisions"}],"predecessor-version":[{"id":2080,"href":"https:\/\/kulttuuriperintostrategia.fi\/sv\/wp-json\/wp\/v2\/pages\/2079\/revisions\/2080"}],"wp:attachment":[{"href":"https:\/\/kulttuuriperintostrategia.fi\/sv\/wp-json\/wp\/v2\/media?parent=2079"}],"wp:term":[{"taxonomy":"category","embeddable":true,"href":"https:\/\/kulttuuriperintostrategia.fi\/sv\/wp-json\/wp\/v2\/categories?post=2079"}],"curies":[{"name":"wp","href":"https:\/\/api.w.org\/{rel}","templated":true}]}}