{"id":2070,"date":"2025-06-17T20:04:44","date_gmt":"2025-06-17T17:04:44","guid":{"rendered":"https:\/\/kulttuuriperintostrategia.fi\/2-5-kulturarvsvardena-och-de-losningar-de-erbjuder-har-beaktats-i-klimatpolitiken\/"},"modified":"2025-10-23T13:27:50","modified_gmt":"2025-10-23T10:27:50","slug":"2-5-kulturarvsvardena-och-de-losningar-de-erbjuder-har-beaktats-i-klimatpolitiken","status":"publish","type":"page","link":"https:\/\/kulttuuriperintostrategia.fi\/sv\/2-5-kulturarvsvardena-och-de-losningar-de-erbjuder-har-beaktats-i-klimatpolitiken\/","title":{"rendered":"2.5 Kulturarvsv\u00e4rdena och de l\u00f6sningar de erbjuder har beaktats i klimatpolitiken"},"content":{"rendered":"\n<ul class=\"wp-block-list\">\n<li>Kulturarvet inkluderas i planerna f\u00f6r begr\u00e4nsning av och anpassning till klimatf\u00f6r\u00e4ndringarna.<\/li>\n\n\n\n<li>I planeringen av klimatpolitiska \u00e5tg\u00e4rder bed\u00f6ms konsekvenserna f\u00f6r kulturarvet.<\/li>\n\n\n\n<li>Konsekvenserna av klimatf\u00f6r\u00e4ndringarna p\u00e5 det immateriella och det materiella kulturarvet och kulturmilj\u00f6n f\u00f6ljs upp.<\/li>\n\n\n\n<li>De internationella \u00e5tg\u00e4rderna och samarbetet f\u00f6r att v\u00e4rna om kulturarvet st\u00e4rks i anslutning till klimatf\u00f6r\u00e4ndringarna och h\u00e5llbar utveckling.<\/li>\n<\/ul>\n\n<p><\/p>\n","protected":false},"excerpt":{"rendered":"","protected":false},"author":1,"featured_media":0,"parent":0,"menu_order":0,"comment_status":"closed","ping_status":"closed","template":"","meta":{"_acf_changed":false,"footnotes":""},"categories":[48],"class_list":{"0":"post-2070","1":"page","2":"type-page","3":"status-publish","5":"category-2-kulttuuriperinto-luonto-ja-ilmastonmuutos"},"acf":[],"_links":{"self":[{"href":"https:\/\/kulttuuriperintostrategia.fi\/sv\/wp-json\/wp\/v2\/pages\/2070","targetHints":{"allow":["GET"]}}],"collection":[{"href":"https:\/\/kulttuuriperintostrategia.fi\/sv\/wp-json\/wp\/v2\/pages"}],"about":[{"href":"https:\/\/kulttuuriperintostrategia.fi\/sv\/wp-json\/wp\/v2\/types\/page"}],"author":[{"embeddable":true,"href":"https:\/\/kulttuuriperintostrategia.fi\/sv\/wp-json\/wp\/v2\/users\/1"}],"replies":[{"embeddable":true,"href":"https:\/\/kulttuuriperintostrategia.fi\/sv\/wp-json\/wp\/v2\/comments?post=2070"}],"version-history":[{"count":1,"href":"https:\/\/kulttuuriperintostrategia.fi\/sv\/wp-json\/wp\/v2\/pages\/2070\/revisions"}],"predecessor-version":[{"id":2071,"href":"https:\/\/kulttuuriperintostrategia.fi\/sv\/wp-json\/wp\/v2\/pages\/2070\/revisions\/2071"}],"wp:attachment":[{"href":"https:\/\/kulttuuriperintostrategia.fi\/sv\/wp-json\/wp\/v2\/media?parent=2070"}],"wp:term":[{"taxonomy":"category","embeddable":true,"href":"https:\/\/kulttuuriperintostrategia.fi\/sv\/wp-json\/wp\/v2\/categories?post=2070"}],"curies":[{"name":"wp","href":"https:\/\/api.w.org\/{rel}","templated":true}]}}