{"id":2068,"date":"2025-06-17T20:04:22","date_gmt":"2025-06-17T17:04:22","guid":{"rendered":"https:\/\/kulttuuriperintostrategia.fi\/2-4-kulturarvsvardena-naturvardena-och-malen-for-ekologisk-hallbarhet-har-samordnats\/"},"modified":"2025-10-23T13:27:19","modified_gmt":"2025-10-23T10:27:19","slug":"2-4-kulturarvsvardena-naturvardena-och-malen-for-ekologisk-hallbarhet-har-samordnats","status":"publish","type":"page","link":"https:\/\/kulttuuriperintostrategia.fi\/sv\/2-4-kulturarvsvardena-naturvardena-och-malen-for-ekologisk-hallbarhet-har-samordnats\/","title":{"rendered":"2.4 Kulturarvsv\u00e4rdena, naturv\u00e4rdena och m\u00e5len f\u00f6r ekologisk h\u00e5llbarhet har samordnats"},"content":{"rendered":"\n<ul class=\"wp-block-list\">\n<li>Samarbetet mellan olika sektorer, som skyddet av natur- och kulturarvet, ut\u00f6kas bland annat i fr\u00e5ga om interoperabilitet i gemensamma, proaktiva planer och informationslager.<\/li>\n\n\n\n<li>Tv\u00e4rvetenskapliga forskningsprogram fr\u00e4mjas.<\/li>\n<\/ul>\n\n<p><\/p>\n","protected":false},"excerpt":{"rendered":"","protected":false},"author":1,"featured_media":0,"parent":0,"menu_order":0,"comment_status":"closed","ping_status":"closed","template":"","meta":{"_acf_changed":false,"footnotes":""},"categories":[48],"class_list":{"0":"post-2068","1":"page","2":"type-page","3":"status-publish","5":"category-2-kulttuuriperinto-luonto-ja-ilmastonmuutos"},"acf":[],"_links":{"self":[{"href":"https:\/\/kulttuuriperintostrategia.fi\/sv\/wp-json\/wp\/v2\/pages\/2068","targetHints":{"allow":["GET"]}}],"collection":[{"href":"https:\/\/kulttuuriperintostrategia.fi\/sv\/wp-json\/wp\/v2\/pages"}],"about":[{"href":"https:\/\/kulttuuriperintostrategia.fi\/sv\/wp-json\/wp\/v2\/types\/page"}],"author":[{"embeddable":true,"href":"https:\/\/kulttuuriperintostrategia.fi\/sv\/wp-json\/wp\/v2\/users\/1"}],"replies":[{"embeddable":true,"href":"https:\/\/kulttuuriperintostrategia.fi\/sv\/wp-json\/wp\/v2\/comments?post=2068"}],"version-history":[{"count":1,"href":"https:\/\/kulttuuriperintostrategia.fi\/sv\/wp-json\/wp\/v2\/pages\/2068\/revisions"}],"predecessor-version":[{"id":2069,"href":"https:\/\/kulttuuriperintostrategia.fi\/sv\/wp-json\/wp\/v2\/pages\/2068\/revisions\/2069"}],"wp:attachment":[{"href":"https:\/\/kulttuuriperintostrategia.fi\/sv\/wp-json\/wp\/v2\/media?parent=2068"}],"wp:term":[{"taxonomy":"category","embeddable":true,"href":"https:\/\/kulttuuriperintostrategia.fi\/sv\/wp-json\/wp\/v2\/categories?post=2068"}],"curies":[{"name":"wp","href":"https:\/\/api.w.org\/{rel}","templated":true}]}}