{"id":2066,"date":"2025-06-17T20:03:57","date_gmt":"2025-06-17T17:03:57","guid":{"rendered":"https:\/\/kulttuuriperintostrategia.fi\/2-3-aktorerna-inom-kulturarvsbranschen-ar-vagvisare-for-koldioxidsnal-och-hallbar-verksamhet\/"},"modified":"2025-10-23T13:26:45","modified_gmt":"2025-10-23T10:26:45","slug":"2-3-aktorerna-inom-kulturarvsbranschen-ar-vagvisare-for-koldioxidsnal-och-hallbar-verksamhet","status":"publish","type":"page","link":"https:\/\/kulttuuriperintostrategia.fi\/sv\/2-3-aktorerna-inom-kulturarvsbranschen-ar-vagvisare-for-koldioxidsnal-och-hallbar-verksamhet\/","title":{"rendered":"2.3 Akt\u00f6rerna inom kulturarvsbranschen \u00e4r v\u00e4gvisare f\u00f6r koldioxidsn\u00e5l och h\u00e5llbar verksamhet"},"content":{"rendered":"\n<ul class=\"wp-block-list\">\n<li>H\u00e5llbarhetsperspektiven beaktas i politiska \u00e5tg\u00e4rder och finansieringsinstrument inom kulturarvssektorn.<\/li>\n\n\n\n<li>F\u00f6r kulturarvssektorn skapas och inf\u00f6rs indikatorer som uttrycker den ekologiska, ekonomiska, sociala och kulturella h\u00e5llbarheten f\u00f6r all verksamhet.<\/li>\n\n\n\n<li>Akt\u00f6rerna inom kulturarvssektorn fokuserar m\u00e5lmedvetet sin verksamhet p\u00e5 att st\u00e4rka h\u00e5llbar utveckling och beaktar begr\u00e4nsning av och anpassning till klimatf\u00f6r\u00e4ndringarna samt l\u00f6sningar inom cirkul\u00e4r ekonomi i sin verksamhet.<\/li>\n<\/ul>\n\n<p><\/p>\n","protected":false},"excerpt":{"rendered":"","protected":false},"author":1,"featured_media":0,"parent":0,"menu_order":0,"comment_status":"closed","ping_status":"closed","template":"","meta":{"_acf_changed":false,"footnotes":""},"categories":[48],"class_list":{"0":"post-2066","1":"page","2":"type-page","3":"status-publish","5":"category-2-kulttuuriperinto-luonto-ja-ilmastonmuutos"},"acf":[],"_links":{"self":[{"href":"https:\/\/kulttuuriperintostrategia.fi\/sv\/wp-json\/wp\/v2\/pages\/2066","targetHints":{"allow":["GET"]}}],"collection":[{"href":"https:\/\/kulttuuriperintostrategia.fi\/sv\/wp-json\/wp\/v2\/pages"}],"about":[{"href":"https:\/\/kulttuuriperintostrategia.fi\/sv\/wp-json\/wp\/v2\/types\/page"}],"author":[{"embeddable":true,"href":"https:\/\/kulttuuriperintostrategia.fi\/sv\/wp-json\/wp\/v2\/users\/1"}],"replies":[{"embeddable":true,"href":"https:\/\/kulttuuriperintostrategia.fi\/sv\/wp-json\/wp\/v2\/comments?post=2066"}],"version-history":[{"count":1,"href":"https:\/\/kulttuuriperintostrategia.fi\/sv\/wp-json\/wp\/v2\/pages\/2066\/revisions"}],"predecessor-version":[{"id":2067,"href":"https:\/\/kulttuuriperintostrategia.fi\/sv\/wp-json\/wp\/v2\/pages\/2066\/revisions\/2067"}],"wp:attachment":[{"href":"https:\/\/kulttuuriperintostrategia.fi\/sv\/wp-json\/wp\/v2\/media?parent=2066"}],"wp:term":[{"taxonomy":"category","embeddable":true,"href":"https:\/\/kulttuuriperintostrategia.fi\/sv\/wp-json\/wp\/v2\/categories?post=2066"}],"curies":[{"name":"wp","href":"https:\/\/api.w.org\/{rel}","templated":true}]}}