{"id":2064,"date":"2025-06-17T20:03:33","date_gmt":"2025-06-17T17:03:33","guid":{"rendered":"https:\/\/kulttuuriperintostrategia.fi\/2-2-kulturmiljoer-anvands-och-vardas-pa-ett-hallbart-satt\/"},"modified":"2025-10-23T13:26:13","modified_gmt":"2025-10-23T10:26:13","slug":"2-2-kulturmiljoer-anvands-och-vardas-pa-ett-hallbart-satt","status":"publish","type":"page","link":"https:\/\/kulttuuriperintostrategia.fi\/sv\/2-2-kulturmiljoer-anvands-och-vardas-pa-ett-hallbart-satt\/","title":{"rendered":"2.2 Kulturmilj\u00f6er anv\u00e4nds och v\u00e5rdas p\u00e5 ett h\u00e5llbart s\u00e4tt"},"content":{"rendered":"\n<ul class=\"wp-block-list\">\n<li>Metoder f\u00f6r att h\u00f6ja anv\u00e4ndningsgraden och utveckla underh\u00e5llet av det underutnyttjade byggnadsbest\u00e5ndet och s\u00e4rskilt byggnadsarvsobjekt kartl\u00e4ggs.<\/li>\n\n\n\n<li>Reparationskoncept som beaktas koldioxidsn\u00e5lhet, cirkul\u00e4r ekonomi och s\u00e4rdragen i fr\u00e5ga om byggnader utvecklas.<\/li>\n\n\n\n<li>V\u00e5rden och betydelsen av v\u00e5rdbiotoper och andra kulturlandskap st\u00e4rks.<\/li>\n\n\n\n<li>Skyddet av det arkeologiska kulturarvet och bevarandet av den bebyggda kulturmilj\u00f6n st\u00e4rks genom att utveckla en h\u00e5llbar v\u00e5rd av objekten och uppf\u00f6ljning av konsekvenserna av klimatf\u00f6r\u00e4ndringarna.<\/li>\n<\/ul>\n\n<p><\/p>\n","protected":false},"excerpt":{"rendered":"","protected":false},"author":1,"featured_media":0,"parent":0,"menu_order":0,"comment_status":"closed","ping_status":"closed","template":"","meta":{"_acf_changed":false,"footnotes":""},"categories":[48],"class_list":{"0":"post-2064","1":"page","2":"type-page","3":"status-publish","5":"category-2-kulttuuriperinto-luonto-ja-ilmastonmuutos"},"acf":[],"_links":{"self":[{"href":"https:\/\/kulttuuriperintostrategia.fi\/sv\/wp-json\/wp\/v2\/pages\/2064","targetHints":{"allow":["GET"]}}],"collection":[{"href":"https:\/\/kulttuuriperintostrategia.fi\/sv\/wp-json\/wp\/v2\/pages"}],"about":[{"href":"https:\/\/kulttuuriperintostrategia.fi\/sv\/wp-json\/wp\/v2\/types\/page"}],"author":[{"embeddable":true,"href":"https:\/\/kulttuuriperintostrategia.fi\/sv\/wp-json\/wp\/v2\/users\/1"}],"replies":[{"embeddable":true,"href":"https:\/\/kulttuuriperintostrategia.fi\/sv\/wp-json\/wp\/v2\/comments?post=2064"}],"version-history":[{"count":1,"href":"https:\/\/kulttuuriperintostrategia.fi\/sv\/wp-json\/wp\/v2\/pages\/2064\/revisions"}],"predecessor-version":[{"id":2065,"href":"https:\/\/kulttuuriperintostrategia.fi\/sv\/wp-json\/wp\/v2\/pages\/2064\/revisions\/2065"}],"wp:attachment":[{"href":"https:\/\/kulttuuriperintostrategia.fi\/sv\/wp-json\/wp\/v2\/media?parent=2064"}],"wp:term":[{"taxonomy":"category","embeddable":true,"href":"https:\/\/kulttuuriperintostrategia.fi\/sv\/wp-json\/wp\/v2\/categories?post=2064"}],"curies":[{"name":"wp","href":"https:\/\/api.w.org\/{rel}","templated":true}]}}