{"id":2062,"date":"2025-06-17T20:03:04","date_gmt":"2025-06-17T17:03:04","guid":{"rendered":"https:\/\/kulttuuriperintostrategia.fi\/2-1-overgangen-till-en-hallbarare-livsstil-paskyndas-genom-kunskaper-och-fardigheter-i-anslutning-till-kulturarvet\/"},"modified":"2025-10-23T13:25:36","modified_gmt":"2025-10-23T10:25:36","slug":"2-1-overgangen-till-en-hallbarare-livsstil-paskyndas-genom-kunskaper-och-fardigheter-i-anslutning-till-kulturarvet","status":"publish","type":"page","link":"https:\/\/kulttuuriperintostrategia.fi\/sv\/2-1-overgangen-till-en-hallbarare-livsstil-paskyndas-genom-kunskaper-och-fardigheter-i-anslutning-till-kulturarvet\/","title":{"rendered":"2.1 \u00d6verg\u00e5ngen till en h\u00e5llbarare livsstil p\u00e5skyndas genom kunskaper och f\u00e4rdigheter i anslutning till kulturarvet"},"content":{"rendered":"\n<ul class=\"wp-block-list\">\n<li>Akt\u00f6rerna inom kulturarvssektorn fr\u00e4mjar en h\u00e5llbar livsstil genom att utnyttja forskningsdata i sin verksamhet och f\u00f6rmedla kunskaper och kompetens om kulturarvet.<\/li>\n\n\n\n<li>Kunskaperna om olika gruppers kulturarv och de etiska fr\u00e5gorna g\u00e4llande kulturarvet st\u00e4rks.<\/li>\n<\/ul>\n\n<p><\/p>\n","protected":false},"excerpt":{"rendered":"","protected":false},"author":1,"featured_media":0,"parent":0,"menu_order":0,"comment_status":"closed","ping_status":"closed","template":"","meta":{"_acf_changed":false,"footnotes":""},"categories":[48],"class_list":{"0":"post-2062","1":"page","2":"type-page","3":"status-publish","5":"category-2-kulttuuriperinto-luonto-ja-ilmastonmuutos"},"acf":[],"_links":{"self":[{"href":"https:\/\/kulttuuriperintostrategia.fi\/sv\/wp-json\/wp\/v2\/pages\/2062","targetHints":{"allow":["GET"]}}],"collection":[{"href":"https:\/\/kulttuuriperintostrategia.fi\/sv\/wp-json\/wp\/v2\/pages"}],"about":[{"href":"https:\/\/kulttuuriperintostrategia.fi\/sv\/wp-json\/wp\/v2\/types\/page"}],"author":[{"embeddable":true,"href":"https:\/\/kulttuuriperintostrategia.fi\/sv\/wp-json\/wp\/v2\/users\/1"}],"replies":[{"embeddable":true,"href":"https:\/\/kulttuuriperintostrategia.fi\/sv\/wp-json\/wp\/v2\/comments?post=2062"}],"version-history":[{"count":1,"href":"https:\/\/kulttuuriperintostrategia.fi\/sv\/wp-json\/wp\/v2\/pages\/2062\/revisions"}],"predecessor-version":[{"id":2063,"href":"https:\/\/kulttuuriperintostrategia.fi\/sv\/wp-json\/wp\/v2\/pages\/2062\/revisions\/2063"}],"wp:attachment":[{"href":"https:\/\/kulttuuriperintostrategia.fi\/sv\/wp-json\/wp\/v2\/media?parent=2062"}],"wp:term":[{"taxonomy":"category","embeddable":true,"href":"https:\/\/kulttuuriperintostrategia.fi\/sv\/wp-json\/wp\/v2\/categories?post=2062"}],"curies":[{"name":"wp","href":"https:\/\/api.w.org\/{rel}","templated":true}]}}