{"id":2059,"date":"2025-06-17T18:46:27","date_gmt":"2025-06-17T15:46:27","guid":{"rendered":"https:\/\/kulttuuriperintostrategia.fi\/kulturarv-natur-och-klimatforandring\/"},"modified":"2025-10-23T13:24:52","modified_gmt":"2025-10-23T10:24:52","slug":"kulturarv-natur-och-klimatforandring","status":"publish","type":"page","link":"https:\/\/kulttuuriperintostrategia.fi\/sv\/kulturarv-natur-och-klimatforandring\/","title":{"rendered":"2. Kulturarv, natur och klimatf\u00f6r\u00e4ndring"},"content":{"rendered":"\n<p class=\"lead\">Kunskaper och f\u00e4rdigheter i anslutning till kulturarvet erbjuder ocks\u00e5 alternativ i form av god praxis som skalas f\u00f6r andra branscher, till exempel f\u00f6r att st\u00e4vja artf\u00f6rlusten eller bek\u00e4mpa den globala uppv\u00e4rmningen. Traditionella kunskaper och f\u00e4rdigheter st\u00f6der en h\u00e5llbar livsstil och en ansvarsfull sk\u00f6tsel av kulturmilj\u00f6erna fr\u00e4mjar en koldioxidsn\u00e5l framtid. Det \u00e4r emellertid viktigt att identifiera att det ocks\u00e5 finns en koppling mellan kulturarvet och oh\u00e5llbara verksamhetss\u00e4tt. En kritisk granskning av dem kan bidra till att undvika tidigare fel och hitta fungerande, h\u00e5llbara l\u00f6sningar f\u00f6r framtiden.<\/p>\n\n<h2 class=\"gb-text\">2.1 \u00d6verg\u00e5ngen till en h\u00e5llbarare livsstil p\u00e5skyndas genom kunskaper och f\u00e4rdigheter i anslutning till kulturarvet<\/h2>\n\n<ul class=\"wp-block-list\">\n<li>Akt\u00f6rerna inom kulturarvssektorn fr\u00e4mjar en h\u00e5llbar livsstil genom att utnyttja forskningsdata i sin verksamhet och f\u00f6rmedla kunskaper och kompetens om kulturarvet.<\/li>\n\n\n\n<li>Kunskaperna om olika gruppers kulturarv och de etiska fr\u00e5gorna g\u00e4llande kulturarvet st\u00e4rks.<\/li>\n<\/ul>\n\n<h2 class=\"gb-text\">2.2 Kulturmilj\u00f6er anv\u00e4nds och v\u00e5rdas p\u00e5 ett h\u00e5llbart s\u00e4tt<\/h2>\n\n<ul class=\"wp-block-list\">\n<li>Metoder f\u00f6r att h\u00f6ja anv\u00e4ndningsgraden och utveckla underh\u00e5llet av det underutnyttjade byggnadsbest\u00e5ndet och s\u00e4rskilt byggnadsarvsobjekt kartl\u00e4ggs.<\/li>\n\n\n\n<li>Reparationskoncept som beaktas koldioxidsn\u00e5lhet, cirkul\u00e4r ekonomi och s\u00e4rdragen i fr\u00e5ga om byggnader utvecklas.<\/li>\n\n\n\n<li>V\u00e5rden och betydelsen av v\u00e5rdbiotoper och andra kulturlandskap st\u00e4rks.<\/li>\n\n\n\n<li>Skyddet av det arkeologiska kulturarvet och bevarandet av den bebyggda kulturmilj\u00f6n st\u00e4rks genom att utveckla en h\u00e5llbar v\u00e5rd av objekten och uppf\u00f6ljning av konsekvenserna av klimatf\u00f6r\u00e4ndringarna.<\/li>\n<\/ul>\n\n<h2 class=\"gb-text\">2.3 Akt\u00f6rerna inom kulturarvsbranschen \u00e4r v\u00e4gvisare f\u00f6r koldioxidsn\u00e5l och h\u00e5llbar verksamhet<\/h2>\n\n<ul class=\"wp-block-list\">\n<li>H\u00e5llbarhetsperspektiven beaktas i politiska \u00e5tg\u00e4rder och finansieringsinstrument inom kulturarvssektorn.<\/li>\n\n\n\n<li>F\u00f6r kulturarvssektorn skapas och inf\u00f6rs indikatorer som uttrycker den ekologiska, ekonomiska, sociala och kulturella h\u00e5llbarheten f\u00f6r all verksamhet.<\/li>\n\n\n\n<li>Akt\u00f6rerna inom kulturarvssektorn fokuserar m\u00e5lmedvetet sin verksamhet p\u00e5 att st\u00e4rka h\u00e5llbar utveckling och beaktar begr\u00e4nsning av och anpassning till klimatf\u00f6r\u00e4ndringarna samt l\u00f6sningar inom cirkul\u00e4r ekonomi i sin verksamhet.<\/li>\n<\/ul>\n\n<h2 class=\"gb-text\">2.4 Kulturarvsv\u00e4rdena, naturv\u00e4rdena och m\u00e5len f\u00f6r ekologisk h\u00e5llbarhet har samordnats<\/h2>\n\n<ul class=\"wp-block-list\">\n<li>Samarbetet mellan olika sektorer, som skyddet av natur- och kulturarvet, ut\u00f6kas bland annat i fr\u00e5ga om interoperabilitet i gemensamma, proaktiva planer och informationslager.<\/li>\n\n\n\n<li>Tv\u00e4rvetenskapliga forskningsprogram fr\u00e4mjas.<\/li>\n<\/ul>\n\n<h2 class=\"gb-text\">2.5 Kulturarvsv\u00e4rdena och de l\u00f6sningar de erbjuder har beaktats i klimatpolitiken<\/h2>\n\n<ul class=\"wp-block-list\">\n<li>Kulturarvet inkluderas i planerna f\u00f6r begr\u00e4nsning av och anpassning till klimatf\u00f6r\u00e4ndringarna.<\/li>\n\n\n\n<li>I planeringen av klimatpolitiska \u00e5tg\u00e4rder bed\u00f6ms konsekvenserna f\u00f6r kulturarvet.<\/li>\n\n\n\n<li>Konsekvenserna av klimatf\u00f6r\u00e4ndringarna p\u00e5 det immateriella och det materiella kulturarvet och kulturmilj\u00f6n f\u00f6ljs upp.<\/li>\n\n\n\n<li>De internationella \u00e5tg\u00e4rderna och samarbetet f\u00f6r att v\u00e4rna om kulturarvet st\u00e4rks i anslutning till klimatf\u00f6r\u00e4ndringarna och h\u00e5llbar utveckling.<\/li>\n<\/ul>\n","protected":false},"excerpt":{"rendered":"<p>Kunskaper och f\u00e4rdigheter i anslutning till kulturarvet erbjuder ocks\u00e5 alternativ i form av god praxis som skalas f\u00f6r andra branscher, till exempel f\u00f6r att st\u00e4vja artf\u00f6rlusten eller bek\u00e4mpa den globala uppv\u00e4rmningen. Traditionella kunskaper och f\u00e4rdigheter st\u00f6der en h\u00e5llbar livsstil och en ansvarsfull sk\u00f6tsel av kulturmilj\u00f6erna fr\u00e4mjar en koldioxidsn\u00e5l framtid. Det \u00e4r emellertid viktigt att identifiera &#8230; <a title=\"2. Kulturarv, natur och klimatf\u00f6r\u00e4ndring\" class=\"read-more\" href=\"https:\/\/kulttuuriperintostrategia.fi\/sv\/kulturarv-natur-och-klimatforandring\/\" aria-label=\"L\u00e4s mer om 2. Kulturarv, natur och klimatf\u00f6r\u00e4ndring\">Read more<\/a><\/p>\n","protected":false},"author":1,"featured_media":0,"parent":0,"menu_order":0,"comment_status":"closed","ping_status":"closed","template":"","meta":{"_acf_changed":false,"footnotes":""},"categories":[48],"class_list":{"0":"post-2059","1":"page","2":"type-page","3":"status-publish","5":"category-2-kulttuuriperinto-luonto-ja-ilmastonmuutos"},"acf":[],"_links":{"self":[{"href":"https:\/\/kulttuuriperintostrategia.fi\/sv\/wp-json\/wp\/v2\/pages\/2059","targetHints":{"allow":["GET"]}}],"collection":[{"href":"https:\/\/kulttuuriperintostrategia.fi\/sv\/wp-json\/wp\/v2\/pages"}],"about":[{"href":"https:\/\/kulttuuriperintostrategia.fi\/sv\/wp-json\/wp\/v2\/types\/page"}],"author":[{"embeddable":true,"href":"https:\/\/kulttuuriperintostrategia.fi\/sv\/wp-json\/wp\/v2\/users\/1"}],"replies":[{"embeddable":true,"href":"https:\/\/kulttuuriperintostrategia.fi\/sv\/wp-json\/wp\/v2\/comments?post=2059"}],"version-history":[{"count":1,"href":"https:\/\/kulttuuriperintostrategia.fi\/sv\/wp-json\/wp\/v2\/pages\/2059\/revisions"}],"predecessor-version":[{"id":2060,"href":"https:\/\/kulttuuriperintostrategia.fi\/sv\/wp-json\/wp\/v2\/pages\/2059\/revisions\/2060"}],"wp:attachment":[{"href":"https:\/\/kulttuuriperintostrategia.fi\/sv\/wp-json\/wp\/v2\/media?parent=2059"}],"wp:term":[{"taxonomy":"category","embeddable":true,"href":"https:\/\/kulttuuriperintostrategia.fi\/sv\/wp-json\/wp\/v2\/categories?post=2059"}],"curies":[{"name":"wp","href":"https:\/\/api.w.org\/{rel}","templated":true}]}}