{"id":2055,"date":"2025-06-17T19:59:07","date_gmt":"2025-06-17T16:59:07","guid":{"rendered":"https:\/\/kulttuuriperintostrategia.fi\/1-3-kulturarvets-breda-samhalleliga-betydelse-har-identifierats\/"},"modified":"2025-10-23T13:17:25","modified_gmt":"2025-10-23T10:17:25","slug":"1-3-kulturarvets-breda-samhalleliga-betydelse-har-identifierats-kulturarvet-ar-en-resurs-som-okar-allas-valbefinnande","status":"publish","type":"page","link":"https:\/\/kulttuuriperintostrategia.fi\/sv\/1-3-kulturarvets-breda-samhalleliga-betydelse-har-identifierats-kulturarvet-ar-en-resurs-som-okar-allas-valbefinnande\/","title":{"rendered":"1.3 Kulturarvets breda samh\u00e4lleliga betydelse har identifierats. Kulturarvet \u00e4r en resurs som \u00f6kar allas v\u00e4lbefinnande"},"content":{"rendered":"\n<ul class=\"wp-block-list\">\n<li>Akt\u00f6rerna i den offentliga, tredje och privata sektorn inom kulturarvsomr\u00e5det samt forskarsamh\u00e4llet delar information om kulturarvets samh\u00e4lleliga effekter.<\/li>\n\n\n\n<li>Genom sektors\u00f6vergripande samarbete \u00f6kar man kunskapen om kulturarvets inverkan p\u00e5 v\u00e4lbefinnandet och utvecklar verksamhetsmodeller f\u00f6r att utnyttja dem.<\/li>\n\n\n\n<li>Man s\u00f6rjer f\u00f6r att de ekonomiska, administrativa och lagstiftningsm\u00e4ssiga verksamhetsf\u00f6ruts\u00e4ttningarna inom kulturarvssektorn \u00e4r uppdaterade och utvecklas.<\/li>\n\n\n\n<li>Vid sidan av det nationella arbetet med att utveckla skydds\u00e5tg\u00e4rder f\u00f6r det materiella och det immateriella kulturarvet och kulturegendomen medverkar man i det internationella samarbetet vid centrala forum.<\/li>\n<\/ul>\n\n<p><\/p>\n","protected":false},"excerpt":{"rendered":"","protected":false},"author":1,"featured_media":0,"parent":0,"menu_order":0,"comment_status":"closed","ping_status":"closed","template":"","meta":{"_acf_changed":false,"footnotes":""},"categories":[47],"class_list":{"0":"post-2055","1":"page","2":"type-page","3":"status-publish","5":"category-1-kulttuuriperinto-omana-ja-yhteisena"},"acf":[],"_links":{"self":[{"href":"https:\/\/kulttuuriperintostrategia.fi\/sv\/wp-json\/wp\/v2\/pages\/2055","targetHints":{"allow":["GET"]}}],"collection":[{"href":"https:\/\/kulttuuriperintostrategia.fi\/sv\/wp-json\/wp\/v2\/pages"}],"about":[{"href":"https:\/\/kulttuuriperintostrategia.fi\/sv\/wp-json\/wp\/v2\/types\/page"}],"author":[{"embeddable":true,"href":"https:\/\/kulttuuriperintostrategia.fi\/sv\/wp-json\/wp\/v2\/users\/1"}],"replies":[{"embeddable":true,"href":"https:\/\/kulttuuriperintostrategia.fi\/sv\/wp-json\/wp\/v2\/comments?post=2055"}],"version-history":[{"count":3,"href":"https:\/\/kulttuuriperintostrategia.fi\/sv\/wp-json\/wp\/v2\/pages\/2055\/revisions"}],"predecessor-version":[{"id":2058,"href":"https:\/\/kulttuuriperintostrategia.fi\/sv\/wp-json\/wp\/v2\/pages\/2055\/revisions\/2058"}],"wp:attachment":[{"href":"https:\/\/kulttuuriperintostrategia.fi\/sv\/wp-json\/wp\/v2\/media?parent=2055"}],"wp:term":[{"taxonomy":"category","embeddable":true,"href":"https:\/\/kulttuuriperintostrategia.fi\/sv\/wp-json\/wp\/v2\/categories?post=2055"}],"curies":[{"name":"wp","href":"https:\/\/api.w.org\/{rel}","templated":true}]}}