{"id":2053,"date":"2025-06-17T19:58:39","date_gmt":"2025-06-17T16:58:39","guid":{"rendered":"https:\/\/kulttuuriperintostrategia.fi\/1-2-ett-lagrat-och-skyddat-kulturarv-aterspeglar-ett-mangsidigt-samhalle\/"},"modified":"2025-10-23T13:15:18","modified_gmt":"2025-10-23T10:15:18","slug":"1-2-ett-lagrat-och-skyddat-kulturarv-aterspeglar-ett-mangsidigt-samhalle","status":"publish","type":"page","link":"https:\/\/kulttuuriperintostrategia.fi\/sv\/1-2-ett-lagrat-och-skyddat-kulturarv-aterspeglar-ett-mangsidigt-samhalle\/","title":{"rendered":"1.2 Ett lagrat och skyddat kulturarv \u00e5terspeglar ett m\u00e5ngsidigt samh\u00e4lle"},"content":{"rendered":"\n<ul class=\"wp-block-list\">\n<li>Olika rutiner utvecklas vid dokumentation, lagring, f\u00f6rvaring och f\u00f6rmedling av det kulturellt m\u00e5ngskiftande kulturarvet.<\/li>\n\n\n\n<li>Kulturarvet anv\u00e4nds m\u00e5ngsidigt.<\/li>\n\n\n\n<li>Tillg\u00e5ngen p\u00e5 och tillg\u00e4ngligheten till kulturarvstj\u00e4nster och inneh\u00e5ll s\u00e4kerst\u00e4lls i hela landet.<\/li>\n\n\n\n<li>Genom digital lagring och teknikval s\u00e4kerst\u00e4lls l\u00e5ngvarig f\u00f6rvaring, anv\u00e4ndbarhet, tillg\u00e5ng och tillg\u00e4nglighet f\u00f6r kunskaper om kulturarvet.<\/li>\n<\/ul>\n","protected":false},"excerpt":{"rendered":"","protected":false},"author":1,"featured_media":0,"parent":0,"menu_order":0,"comment_status":"closed","ping_status":"closed","template":"","meta":{"_acf_changed":false,"footnotes":""},"categories":[47],"class_list":{"0":"post-2053","1":"page","2":"type-page","3":"status-publish","5":"category-1-kulttuuriperinto-omana-ja-yhteisena"},"acf":[],"_links":{"self":[{"href":"https:\/\/kulttuuriperintostrategia.fi\/sv\/wp-json\/wp\/v2\/pages\/2053","targetHints":{"allow":["GET"]}}],"collection":[{"href":"https:\/\/kulttuuriperintostrategia.fi\/sv\/wp-json\/wp\/v2\/pages"}],"about":[{"href":"https:\/\/kulttuuriperintostrategia.fi\/sv\/wp-json\/wp\/v2\/types\/page"}],"author":[{"embeddable":true,"href":"https:\/\/kulttuuriperintostrategia.fi\/sv\/wp-json\/wp\/v2\/users\/1"}],"replies":[{"embeddable":true,"href":"https:\/\/kulttuuriperintostrategia.fi\/sv\/wp-json\/wp\/v2\/comments?post=2053"}],"version-history":[{"count":1,"href":"https:\/\/kulttuuriperintostrategia.fi\/sv\/wp-json\/wp\/v2\/pages\/2053\/revisions"}],"predecessor-version":[{"id":2054,"href":"https:\/\/kulttuuriperintostrategia.fi\/sv\/wp-json\/wp\/v2\/pages\/2053\/revisions\/2054"}],"wp:attachment":[{"href":"https:\/\/kulttuuriperintostrategia.fi\/sv\/wp-json\/wp\/v2\/media?parent=2053"}],"wp:term":[{"taxonomy":"category","embeddable":true,"href":"https:\/\/kulttuuriperintostrategia.fi\/sv\/wp-json\/wp\/v2\/categories?post=2053"}],"curies":[{"name":"wp","href":"https:\/\/api.w.org\/{rel}","templated":true}]}}