{"id":2051,"date":"2025-06-17T19:58:07","date_gmt":"2025-06-17T16:58:07","guid":{"rendered":"https:\/\/kulttuuriperintostrategia.fi\/1-1-allas-ratt-till-kulturarvet-forverkligas-man-arbetar-aktivt-for-kulturarvet\/"},"modified":"2025-10-23T13:14:40","modified_gmt":"2025-10-23T10:14:40","slug":"1-1-allas-ratt-till-kulturarvet-forverkligas-man-arbetar-aktivt-for-kulturarvet","status":"publish","type":"page","link":"https:\/\/kulttuuriperintostrategia.fi\/sv\/1-1-allas-ratt-till-kulturarvet-forverkligas-man-arbetar-aktivt-for-kulturarvet\/","title":{"rendered":"1.1 Allas r\u00e4tt till kulturarvet f\u00f6rverkligas. Man arbetar aktivt f\u00f6r kulturarvet"},"content":{"rendered":"\n<ul class=\"wp-block-list\">\n<li>Allas lika r\u00e4ttigheter och m\u00f6jlighet att delta i och p\u00e5verka kulturarvet st\u00f6ds. S\u00e4rskilt tillgodoseendet av r\u00e4ttigheter som g\u00e4ller minoriteters kulturarv st\u00f6ds. <\/li>\n\n\n\n<li>J\u00e4mlikhetskompetensen hos akt\u00f6rerna inom kulturarvssektorn st\u00e4rks.<\/li>\n\n\n\n<li>Tillgodoseendet av olika gruppers r\u00e4ttigheter i anknytning till kulturarvet f\u00f6ljs upp under strategiperioden.<\/li>\n\n\n\n<li>Sp\u00e4nningar och motstridigheter i anknytning till kulturarvet identifieras och analyseras. F\u00f6r hanteringen av dem skapas interaktiva och medlande verksamhetsmodeller. <\/li>\n<\/ul>\n\n<p><\/p>\n","protected":false},"excerpt":{"rendered":"","protected":false},"author":1,"featured_media":0,"parent":0,"menu_order":0,"comment_status":"closed","ping_status":"closed","template":"","meta":{"_acf_changed":false,"footnotes":""},"categories":[47],"class_list":{"0":"post-2051","1":"page","2":"type-page","3":"status-publish","5":"category-1-kulttuuriperinto-omana-ja-yhteisena"},"acf":[],"_links":{"self":[{"href":"https:\/\/kulttuuriperintostrategia.fi\/sv\/wp-json\/wp\/v2\/pages\/2051","targetHints":{"allow":["GET"]}}],"collection":[{"href":"https:\/\/kulttuuriperintostrategia.fi\/sv\/wp-json\/wp\/v2\/pages"}],"about":[{"href":"https:\/\/kulttuuriperintostrategia.fi\/sv\/wp-json\/wp\/v2\/types\/page"}],"author":[{"embeddable":true,"href":"https:\/\/kulttuuriperintostrategia.fi\/sv\/wp-json\/wp\/v2\/users\/1"}],"replies":[{"embeddable":true,"href":"https:\/\/kulttuuriperintostrategia.fi\/sv\/wp-json\/wp\/v2\/comments?post=2051"}],"version-history":[{"count":1,"href":"https:\/\/kulttuuriperintostrategia.fi\/sv\/wp-json\/wp\/v2\/pages\/2051\/revisions"}],"predecessor-version":[{"id":2052,"href":"https:\/\/kulttuuriperintostrategia.fi\/sv\/wp-json\/wp\/v2\/pages\/2051\/revisions\/2052"}],"wp:attachment":[{"href":"https:\/\/kulttuuriperintostrategia.fi\/sv\/wp-json\/wp\/v2\/media?parent=2051"}],"wp:term":[{"taxonomy":"category","embeddable":true,"href":"https:\/\/kulttuuriperintostrategia.fi\/sv\/wp-json\/wp\/v2\/categories?post=2051"}],"curies":[{"name":"wp","href":"https:\/\/api.w.org\/{rel}","templated":true}]}}