{"id":2048,"date":"2025-06-17T18:43:45","date_gmt":"2025-06-17T15:43:45","guid":{"rendered":"https:\/\/kulttuuriperintostrategia.fi\/kulturarvet-som-eget-och-gemensamt\/"},"modified":"2025-11-04T18:43:42","modified_gmt":"2025-11-04T16:43:42","slug":"kulturarvet-som-eget-och-gemensamt","status":"publish","type":"page","link":"https:\/\/kulttuuriperintostrategia.fi\/sv\/kulturarvet-som-eget-och-gemensamt\/","title":{"rendered":"1. Kulturarv som eget och gemensamt"},"content":{"rendered":"\n<p class=\"lead\">I detta tema betonas m\u00e4nniskors och gemenskapers r\u00e4tt till, ansvar f\u00f6r och m\u00f6jligheter att ta del av kulturarvet. Enligt Europar\u00e5dets Farokonvention har var och en r\u00e4tt till sitt eget kulturarv samt skyldighet att respektera andras arv. F\u00f6r att uppn\u00e5 m\u00e5len kr\u00e4vs \u00e5tg\u00e4rder som \u00f6kar kulturarvets synlighet och medvetenheten om det. Tyngdpunkterna i temat \u00e4r deltagande, beaktande av m\u00e5ngfald samt kulturarvets betydelse som en samh\u00e4llelig resurs som st\u00f6der v\u00e4lbefinnandet.   <\/p>\n\n<h2 class=\"gb-text\">1.1 Allas r\u00e4tt till kulturarvet f\u00f6rverkligas. Man arbetar aktivt f\u00f6r kulturarvet <\/h2>\n\n<ul class=\"wp-block-list\">\n<li>Allas lika r\u00e4ttigheter och m\u00f6jlighet att delta i och p\u00e5verka kulturarvet st\u00f6ds. S\u00e4rskilt tillgodoseendet av r\u00e4ttigheter som g\u00e4ller minoriteters kulturarv st\u00f6ds. <\/li>\n\n\n\n<li>J\u00e4mlikhetskompetensen hos akt\u00f6rerna inom kulturarvssektorn st\u00e4rks.<\/li>\n\n\n\n<li>Tillgodoseendet av olika gruppers r\u00e4ttigheter i anknytning till kulturarvet f\u00f6ljs upp under strategiperioden.<\/li>\n\n\n\n<li>Sp\u00e4nningar och motstridigheter i anknytning till kulturarvet identifieras och analyseras. F\u00f6r hanteringen av dem skapas interaktiva och medlande verksamhetsmodeller. <\/li>\n<\/ul>\n\n<h2 class=\"gb-text\">1.2 Ett lagrat och skyddat kulturarv \u00e5terspeglar ett m\u00e5ngsidigt samh\u00e4lle<\/h2>\n\n<ul class=\"wp-block-list\">\n<li>Olika rutiner utvecklas vid dokumentation, lagring, f\u00f6rvaring och f\u00f6rmedling av det kulturellt m\u00e5ngskiftande kulturarvet.<\/li>\n\n\n\n<li>Kulturarvet anv\u00e4nds m\u00e5ngsidigt.<\/li>\n\n\n\n<li>Tillg\u00e5ngen p\u00e5 och tillg\u00e4ngligheten till kulturarvstj\u00e4nster och inneh\u00e5ll s\u00e4kerst\u00e4lls i hela landet.<\/li>\n\n\n\n<li>Genom digital lagring och teknikval s\u00e4kerst\u00e4lls l\u00e5ngvarig f\u00f6rvaring, anv\u00e4ndbarhet, tillg\u00e5ng och tillg\u00e4nglighet f\u00f6r kunskaper om kulturarvet.<\/li>\n<\/ul>\n\n<h2 class=\"gb-text\">1.3 Kulturarvets breda samh\u00e4lleliga betydelse har identifierats. Kulturarvet \u00e4r en resurs som \u00f6kar allas v\u00e4lbefinnande <\/h2>\n\n<ul class=\"wp-block-list\">\n<li>Akt\u00f6rerna i den offentliga, tredje och privata sektorn inom kulturarvsomr\u00e5det samt forskarsamh\u00e4llet delar information om kulturarvets samh\u00e4lleliga effekter.<\/li>\n\n\n\n<li>Genom sektors\u00f6vergripande samarbete \u00f6kar man kunskapen om kulturarvets inverkan p\u00e5 v\u00e4lbefinnandet och utvecklar verksamhetsmodeller f\u00f6r att utnyttja dem.<\/li>\n\n\n\n<li>Man s\u00f6rjer f\u00f6r att de ekonomiska, administrativa och lagstiftningsm\u00e4ssiga verksamhetsf\u00f6ruts\u00e4ttningarna inom kulturarvssektorn \u00e4r uppdaterade och utvecklas.<\/li>\n\n\n\n<li>Vid sidan av det nationella arbetet med att utveckla skydds\u00e5tg\u00e4rder f\u00f6r det materiella och det immateriella kulturarvet och kulturegendomen medverkar man i det internationella samarbetet vid centrala forum.<\/li>\n<\/ul>\n","protected":false},"excerpt":{"rendered":"<p>I detta tema betonas m\u00e4nniskors och gemenskapers r\u00e4tt till, ansvar f\u00f6r och m\u00f6jligheter att ta del av kulturarvet. Enligt Europar\u00e5dets Farokonvention har var och en r\u00e4tt till sitt eget kulturarv samt skyldighet att respektera andras arv. F\u00f6r att uppn\u00e5 m\u00e5len kr\u00e4vs \u00e5tg\u00e4rder som \u00f6kar kulturarvets synlighet och medvetenheten om det. Tyngdpunkterna i temat \u00e4r deltagande, &#8230; <a title=\"1. Kulturarv som eget och gemensamt\" class=\"read-more\" href=\"https:\/\/kulttuuriperintostrategia.fi\/sv\/kulturarvet-som-eget-och-gemensamt\/\" aria-label=\"L\u00e4s mer om 1. Kulturarv som eget och gemensamt\">Read more<\/a><\/p>\n","protected":false},"author":1,"featured_media":0,"parent":0,"menu_order":0,"comment_status":"closed","ping_status":"closed","template":"","meta":{"_acf_changed":false,"footnotes":""},"categories":[47],"class_list":{"0":"post-2048","1":"page","2":"type-page","3":"status-publish","5":"category-1-kulttuuriperinto-omana-ja-yhteisena"},"acf":[],"_links":{"self":[{"href":"https:\/\/kulttuuriperintostrategia.fi\/sv\/wp-json\/wp\/v2\/pages\/2048","targetHints":{"allow":["GET"]}}],"collection":[{"href":"https:\/\/kulttuuriperintostrategia.fi\/sv\/wp-json\/wp\/v2\/pages"}],"about":[{"href":"https:\/\/kulttuuriperintostrategia.fi\/sv\/wp-json\/wp\/v2\/types\/page"}],"author":[{"embeddable":true,"href":"https:\/\/kulttuuriperintostrategia.fi\/sv\/wp-json\/wp\/v2\/users\/1"}],"replies":[{"embeddable":true,"href":"https:\/\/kulttuuriperintostrategia.fi\/sv\/wp-json\/wp\/v2\/comments?post=2048"}],"version-history":[{"count":3,"href":"https:\/\/kulttuuriperintostrategia.fi\/sv\/wp-json\/wp\/v2\/pages\/2048\/revisions"}],"predecessor-version":[{"id":2238,"href":"https:\/\/kulttuuriperintostrategia.fi\/sv\/wp-json\/wp\/v2\/pages\/2048\/revisions\/2238"}],"wp:attachment":[{"href":"https:\/\/kulttuuriperintostrategia.fi\/sv\/wp-json\/wp\/v2\/media?parent=2048"}],"wp:term":[{"taxonomy":"category","embeddable":true,"href":"https:\/\/kulttuuriperintostrategia.fi\/sv\/wp-json\/wp\/v2\/categories?post=2048"}],"curies":[{"name":"wp","href":"https:\/\/api.w.org\/{rel}","templated":true}]}}