{"id":2046,"date":"2025-06-17T13:42:14","date_gmt":"2025-06-17T10:42:14","guid":{"rendered":"https:\/\/kulttuuriperintostrategia.fi\/strategin\/"},"modified":"2025-11-05T09:50:21","modified_gmt":"2025-11-05T07:50:21","slug":"strategin","status":"publish","type":"page","link":"https:\/\/kulttuuriperintostrategia.fi\/sv\/strategin\/","title":{"rendered":"Kulturarvsstrategin"},"content":{"rendered":"\n<h1 class=\"gb-text\">Kulturarvsstrategin<\/h1>\n\n<p class=\"lead\">Kulturarvsstrategin \u00e4r ett principbeslut av statsr\u00e5det som betonar kulturarvets betydelse som en resurs f\u00f6r framtida h\u00e5llbara l\u00f6sningar inom samh\u00e4llets olika delomr\u00e5den. De viktigaste v\u00e4rderingarna i strategin \u00e4r h\u00e5llbarhet, m\u00e5ngfald och likabehandling. Strategin godk\u00e4ndes i februari 2023 och g\u00e4ller fram till 2030.  <\/p>\n\n<h2 class=\"gb-text\">Gemensam uppgift att v\u00e4rna om kulturarvet<\/h2>\n\n<p>Den centrala tanken bakom kulturarvsstrategin \u00e4r att kulturarvet tillh\u00f6r alla. Att v\u00e4rna om kulturarvet \u00e4r en gemensam uppgift som grundar sig p\u00e5 delaktighet, \u00e4garskap och ansvar. Kulturarvet \u00e4r m\u00e5ngsidigt och f\u00f6r\u00e4nderligt och varje individ och gemenskap har ett eget f\u00f6rh\u00e5llande till det.  <\/p>\n\n<p>I strategin granskas kulturarvet p\u00e5 bred front ur individernas, gemenskapernas och samh\u00e4llets olika perspektiv. Den identifierar ocks\u00e5 konflikter i anslutning till kulturarvet och framh\u00e4ver dess betydelse som en spegel f\u00f6r samh\u00e4lleliga v\u00e4rderingar och attityder. <\/p>\n\n<p>I visionen f\u00f6r kulturarvsstrategin betonas kulturarvets roll som en resurs i samh\u00e4llet och som en faktor som f\u00f6rb\u00e4ttrar m\u00e4nniskors livskvalitet. M\u00e5let \u00e4r att st\u00f6dja och fr\u00e4mja allas r\u00e4tt till kulturarvet. <\/p>\n\n<div class=\"gb-element-4835bdda\">\n<h3 class=\"gb-text gb-text-202a1ca2\">Bekanta dig med<\/h3>\n\n\n\n<p><a href=\"https:\/\/okm.fi\/julkaisu?pubid=URN:ISBN:978-952-383-902-1\" target=\"_blank\" rel=\"noreferrer noopener\">Statsr\u00e5dets principbeslut om kulturarvsstrategin 2023\u22122030\u202f<\/a><\/p>\n<\/div>\n\n<h2 class=\"gb-text\">Verktyg f\u00f6r genomf\u00f6rande av Farokonventionen<\/h2>\n\n<p>Kulturarvsstrategin genomf\u00f6r m\u00e5len i Europar\u00e5dets Farokonvention. Enligt konventionen \u00e4r alla p\u00e5 lika villkor delaktiga i och ber\u00e4ttigade till sitt kulturarv och ansvarar f\u00f6r att agera f\u00f6r det. Till konventionens centrala m\u00e5l h\u00f6r att st\u00e4rka sambandet mellan kulturarv, livskvalitet, identitet och h\u00e5llbar utveckling i samh\u00e4llet.<\/p>\n\n<p>Kulturarvsstrategin st\u00f6der ocks\u00e5 Europeiska kommissionens nya agenda f\u00f6r kultur 2018 samt uppn\u00e5endet av FN:s m\u00e5l i Agenda 2030. <\/p>\n","protected":false},"excerpt":{"rendered":"<p>Kulturarvsstrategin Kulturarvsstrategin \u00e4r ett principbeslut av statsr\u00e5det som betonar kulturarvets betydelse som en resurs f\u00f6r framtida h\u00e5llbara l\u00f6sningar inom samh\u00e4llets olika delomr\u00e5den. De viktigaste v\u00e4rderingarna i strategin \u00e4r h\u00e5llbarhet, m\u00e5ngfald och likabehandling. Strategin godk\u00e4ndes i februari 2023 och g\u00e4ller fram till 2030. Gemensam uppgift att v\u00e4rna om kulturarvet Den centrala tanken bakom kulturarvsstrategin \u00e4r att &#8230; <a title=\"Kulturarvsstrategin\" class=\"read-more\" href=\"https:\/\/kulttuuriperintostrategia.fi\/sv\/strategin\/\" aria-label=\"L\u00e4s mer om Kulturarvsstrategin\">Read more<\/a><\/p>\n","protected":false},"author":1,"featured_media":0,"parent":0,"menu_order":0,"comment_status":"closed","ping_status":"closed","template":"","meta":{"_acf_changed":false,"footnotes":""},"categories":[],"class_list":["post-2046","page","type-page","status-publish"],"acf":[],"_links":{"self":[{"href":"https:\/\/kulttuuriperintostrategia.fi\/sv\/wp-json\/wp\/v2\/pages\/2046","targetHints":{"allow":["GET"]}}],"collection":[{"href":"https:\/\/kulttuuriperintostrategia.fi\/sv\/wp-json\/wp\/v2\/pages"}],"about":[{"href":"https:\/\/kulttuuriperintostrategia.fi\/sv\/wp-json\/wp\/v2\/types\/page"}],"author":[{"embeddable":true,"href":"https:\/\/kulttuuriperintostrategia.fi\/sv\/wp-json\/wp\/v2\/users\/1"}],"replies":[{"embeddable":true,"href":"https:\/\/kulttuuriperintostrategia.fi\/sv\/wp-json\/wp\/v2\/comments?post=2046"}],"version-history":[{"count":2,"href":"https:\/\/kulttuuriperintostrategia.fi\/sv\/wp-json\/wp\/v2\/pages\/2046\/revisions"}],"predecessor-version":[{"id":2263,"href":"https:\/\/kulttuuriperintostrategia.fi\/sv\/wp-json\/wp\/v2\/pages\/2046\/revisions\/2263"}],"wp:attachment":[{"href":"https:\/\/kulttuuriperintostrategia.fi\/sv\/wp-json\/wp\/v2\/media?parent=2046"}],"wp:term":[{"taxonomy":"category","embeddable":true,"href":"https:\/\/kulttuuriperintostrategia.fi\/sv\/wp-json\/wp\/v2\/categories?post=2046"}],"curies":[{"name":"wp","href":"https:\/\/api.w.org\/{rel}","templated":true}]}}