{"id":2042,"date":"2025-06-16T12:28:23","date_gmt":"2025-06-16T09:28:23","guid":{"rendered":"https:\/\/kulttuuriperintostrategia.fi\/framsidan\/"},"modified":"2025-11-03T21:13:23","modified_gmt":"2025-11-03T19:13:23","slug":"framsidan","status":"publish","type":"page","link":"https:\/\/kulttuuriperintostrategia.fi\/sv\/","title":{"rendered":"Framsidan"},"content":{"rendered":"\n<div class=\"fpkuvat\">\n<div class=\"gb-element-53f6bb59\">\n<div>\n<figure>\n<img loading=\"lazy\" decoding=\"async\" width=\"800\" height=\"600\" class=\"gb-media-aaa39ed7\" alt=\"\" src=\"https:\/\/kulttuuriperintostrategia.fi\/wp-content\/uploads\/2025\/06\/kps01.jpg\" title=\"kps01\" srcset=\"https:\/\/kulttuuriperintostrategia.fi\/wp-content\/uploads\/2025\/06\/kps01.jpg 800w, https:\/\/kulttuuriperintostrategia.fi\/wp-content\/uploads\/2025\/06\/kps01-300x225.jpg 300w, https:\/\/kulttuuriperintostrategia.fi\/wp-content\/uploads\/2025\/06\/kps01-768x576.jpg 768w\" sizes=\"auto, (max-width: 800px) 100vw, 800px\" \/>\n\n\n\n<figcaption class=\"gb-text\">Bild: Emilia Anundi \/ undervisnings- och kulturministeriet<\/figcaption>\n<\/figure>\n<\/div>\n\n\n\n<div>\n<figure>\n<img loading=\"lazy\" decoding=\"async\" width=\"800\" height=\"600\" class=\"gb-media-e0c8d1a9\" alt=\"\" src=\"https:\/\/kulttuuriperintostrategia.fi\/wp-content\/uploads\/2025\/06\/kps02.jpg\" title=\"kps02\" srcset=\"https:\/\/kulttuuriperintostrategia.fi\/wp-content\/uploads\/2025\/06\/kps02.jpg 800w, https:\/\/kulttuuriperintostrategia.fi\/wp-content\/uploads\/2025\/06\/kps02-300x225.jpg 300w, https:\/\/kulttuuriperintostrategia.fi\/wp-content\/uploads\/2025\/06\/kps02-768x576.jpg 768w\" sizes=\"auto, (max-width: 800px) 100vw, 800px\" \/>\n\n\n\n<figcaption class=\"gb-text\">Bild: Helene Schjerfbeck, L\u00e4sande flickor. Hannu Aaltonen \/ Finlands nationalgalleri <\/figcaption>\n<\/figure>\n<\/div>\n\n\n\n<div>\n<figure>\n<figure class=\"wp-block-image size-full\"><img loading=\"lazy\" decoding=\"async\" width=\"800\" height=\"600\" src=\"https:\/\/kulttuuriperintostrategia.fi\/wp-content\/uploads\/2025\/11\/suvilahti_skeittarit_rautjoki-laura.jpg\" alt=\"Kannen kuvakollaasi kuvaa kulttuuriperinn&#xF6;n monimuotoisuutta ja el&#xE4;mist&#xE4; arjessa. Kulttuuriperint&#xF6;&#xE4; on muun muassa piparien leivonta, skeittaus, soittaminen ja k&#xE4;sity&#xF6;t. \" class=\"wp-image-2212\" srcset=\"https:\/\/kulttuuriperintostrategia.fi\/wp-content\/uploads\/2025\/11\/suvilahti_skeittarit_rautjoki-laura.jpg 800w, https:\/\/kulttuuriperintostrategia.fi\/wp-content\/uploads\/2025\/11\/suvilahti_skeittarit_rautjoki-laura-300x225.jpg 300w, https:\/\/kulttuuriperintostrategia.fi\/wp-content\/uploads\/2025\/11\/suvilahti_skeittarit_rautjoki-laura-768x576.jpg 768w\" sizes=\"auto, (max-width: 800px) 100vw, 800px\" \/><\/figure>\n\n\n\n<figcaption class=\"gb-text\">Bild: Laura Rautjoki \/ milj\u00f6ministeriets bildbank<\/figcaption>\n<\/figure>\n<\/div>\n<\/div>\n<\/div>\n\n<div class=\"gb-element-e12bf529\">\n<h1 class=\"gb-text gb-text-d5353b2f\">V\u00e4lkommen med och genomf\u00f6ra kulturarvsstrategin!<\/h1>\n\n\n\n<p>P\u00e5 den h\u00e4r webbplatsen samlas genomf\u00f6randet av kulturarvsstrategin i olika delar av Finland.\u202f <br\/>Bekanta dig med riktlinjerna och temana i kulturarvsstrategin, l\u00e5t dig inspireras av de \u00e5tg\u00e4rder som presenteras och meddela en egen \u00e5tg\u00e4rd. Ut\u00f6ver \u00e5tg\u00e4rderna kan du ocks\u00e5 meddela god praxis.  <\/p>\n\n\n\n<p>Genom att delta fr\u00e4mjar du visionen och m\u00e5len i kulturarvsstrategin: kulturarvet utg\u00f6r en bro mellan m\u00e4nniskor och erbjuder l\u00f6sningar f\u00f6r hur man bygger en h\u00e5llbar framtid.<\/p>\n<\/div>\n\n<div class=\"gb-element-42285e1a\">\n<div class=\"gb-element-1b781382\">\n<p>Via l\u00e4nken Bekanta dig med \u00e5tg\u00e4rderna kan du bekanta dig med \u00e5tg\u00e4rder och god praxis som lagts till p\u00e5 webbplatsen p\u00e5 olika h\u00e5ll i Finland.<\/p>\n\n\n\n<div class=\"wp-block-buttons is-layout-flex wp-block-buttons-is-layout-flex\">\n<div class=\"wp-block-button\"><a class=\"wp-block-button__link wp-element-button\" href=\"https:\/\/kulttuuriperintostrategia.fi\/sv\/bekanta\/\">Bekanta dig med \u00e5tg\u00e4rderna<\/a><\/div>\n<\/div>\n<\/div>\n\n\n\n<div class=\"gb-element-2c512b0d\">\n<p>Via l\u00e4nken Meddela en \u00e5tg\u00e4rd kan du l\u00e4gga till \u00e5tg\u00e4rder eller god praxis som fr\u00e4mjar m\u00e5len i kulturarvsstrategin.<\/p>\n\n\n\n<div class=\"wp-block-buttons is-layout-flex wp-block-buttons-is-layout-flex\">\n<div class=\"wp-block-button\"><a class=\"wp-block-button__link wp-element-button\" href=\"https:\/\/kulttuuriperintostrategia.fi\/sv\/meddela\/\">Meddela en \u00e5tg\u00e4rd<\/a><\/div>\n<\/div>\n<\/div>\n<\/div>\n\n<h2 class=\"gb-text gb-text-48c35d5d\">Teman i kulturarvsstrategin<\/h2>\n\n<div>\n<div class=\"gb-element-53f1901b teemawrapper\">\n<div class=\"gb-element-47f50abd kuva\">\n<div class=\"kuvateksti\">\n<p>Bild: Emilia Anundi \/ undervisnings- och kulturministeriet<\/p>\n<\/div>\n<\/div>\n\n\n\n<div>\n<div class=\"gb-element-1dd9e788 teemaelementwrap\">\n<h3 class=\"gb-text fpteema\">1. Kulturarv som eget och gemensamt<\/h3>\n\n\n\n<p>Tyngdpunkterna i temat \u00e4r deltagande, beaktande av m\u00e5ngfald samt kulturarvets betydelse som en samh\u00e4llelig resurs som st\u00f6der v\u00e4lbefinnandet.<\/p>\n\n\n\n<div class=\"wp-block-buttons is-layout-flex wp-block-buttons-is-layout-flex\">\n<div class=\"wp-block-button\"><a class=\"wp-block-button__link wp-element-button\" href=\"https:\/\/kulttuuriperintostrategia.fi\/sv\/kulturarvet-som-eget-och-gemensamt\/\">L\u00e4s mer<\/a><\/div>\n<\/div>\n<\/div>\n<\/div>\n<\/div>\n<\/div>\n\n<aside id=\"block-12\" class=\"widget inner-padding widget_block\"><fieldset class=\"title\"><legend>De tre senaste till\u00e4ggen<\/legend><\/fieldset><\/aside>\n<div id=\"latest-posts\"><div class=\"post-item lisaa-hyvakaytanto teema-1-kulttuuriperinto-omana-ja-yhteisena liittyy-lapset liittyy-kulttuuriymparisto\"><h3><a href=\"https:\/\/kulttuuriperintostrategia.fi\/sv\/suomenlinnan-lasten-seikkailukierros\/\">Suomenlinnan lasten seikkailukierros<\/a><\/h3><p>Tekemisen ja draaman avulla lapset oppivat kulttuuriperinn\u00f6st\u00e4.<\/p><a href=\"https:\/\/kulttuuriperintostrategia.fi\/sv\/suomenlinnan-lasten-seikkailukierros\/\">L\u00e4s mer<\/a><\/div><div class=\"post-item lisaa-toimenpide vaihe-valmis teema-1-kulttuuriperinto-omana-ja-yhteisena liittyy-arkistot liittyy-museot liittyy-kulttuuriymparisto liittyy-digitaalisuus liittyy-alueellisuus liittyy-paikallisuus liittyy-tieto-ja-taidot\"><h3><a href=\"https:\/\/kulttuuriperintostrategia.fi\/sv\/historia-elavaksi\/\">Lampisaaren kaivoskyl\u00e4n historia el\u00e4v\u00e4ksi<\/a><\/h3><p>Hankkeessa valmistellaan kaivoshistorian tallentamista tuleville sukupolville.<\/p><a href=\"https:\/\/kulttuuriperintostrategia.fi\/sv\/historia-elavaksi\/\">L\u00e4s mer<\/a><\/div><div class=\"post-item lisaa-hyvakaytanto teema-1-kulttuuriperinto-omana-ja-yhteisena liittyy-kirjastot liittyy-aineeton-kulttuuriperinto liittyy-kansainvalisyys liittyy-tieto-ja-taidot\"><h3><a href=\"https:\/\/kulttuuriperintostrategia.fi\/sv\/sksn-kirjaston-kulttuurien-tutkimuksen-ja-suomalaisen-kirjallisuuden-tutkimuksen-kokoelmat\/\">SKS:n kirjaston kulttuurien tutkimuksen ja suomalaisen kirjallisuuden tutkimuksen kokoelmat<\/a><\/h3><p>Suomalaisen Kirjallisuuden Seuran kirjasto s\u00e4ilytt\u00e4\u00e4 kulttuuriperint\u00f6mme painetut aineistot kaikkien k\u00e4ytett\u00e4v\u00e4n\u00e4 nyt ja tulevaisuudessa.<\/p><a href=\"https:\/\/kulttuuriperintostrategia.fi\/sv\/sksn-kirjaston-kulttuurien-tutkimuksen-ja-suomalaisen-kirjallisuuden-tutkimuksen-kokoelmat\/\">L\u00e4s mer<\/a><\/div><\/div>\n\n<div style=\"height:50px\" aria-hidden=\"true\" class=\"wp-block-spacer\"><\/div>\n\n<div>\n<div class=\"gb-element-92c9758f teemawrapper\">\n<div class=\"gb-element-4d5c9cda kuva\">\n<div class=\"kuvateksti\">\n<p>Bild: Jaska Poikonen \/ Museiverket<\/p>\n<\/div>\n<\/div>\n\n\n\n<div>\n<div class=\"gb-element-4e5b4cf3 teemaelementwrap\">\n<h3 class=\"gb-text fpteema\">2. Kulturarv, natur och klimatf\u00f6r\u00e4ndring<\/h3>\n\n\n\n<p>Temats fem m\u00e5l behandlar kulturarvet som en del av den ekologiska h\u00e5llbarheten.<\/p>\n\n\n\n<div class=\"wp-block-buttons is-layout-flex wp-block-buttons-is-layout-flex\">\n<div class=\"wp-block-button\"><a class=\"wp-block-button__link wp-element-button\" href=\"https:\/\/kulttuuriperintostrategia.fi\/sv\/kulturarv-natur-och-klimatforandring\/\">L\u00e4s mer<\/a><\/div>\n<\/div>\n<\/div>\n<\/div>\n<\/div>\n<\/div>\n\n<aside id=\"block-12\" class=\"widget inner-padding widget_block\"><fieldset class=\"title\"><legend>De tre senaste till\u00e4ggen<\/legend><\/fieldset><\/aside>\n<div id=\"latest-posts\"><div class=\"post-item lisaa-toimenpide vaihe-valmis teema-2-kulttuuriperinto-luonto-ja-ilmastonmuutos liittyy-kulttuuriymparisto liittyy-paikallisuus\"><h3><a href=\"https:\/\/kulttuuriperintostrategia.fi\/sv\/kotiseututalon-paastoton-energiaratkaisu\/\">Kotiseututalon p\u00e4\u00e4st\u00f6t\u00f6n energiaratkaisu<\/a><\/h3><p>Kotiseututalon l\u00e4mmitysmuoto vaihdetaan \u00f6ljyst\u00e4 maal\u00e4mp\u00f6\u00f6n.<\/p><a href=\"https:\/\/kulttuuriperintostrategia.fi\/sv\/kotiseututalon-paastoton-energiaratkaisu\/\">L\u00e4s mer<\/a><\/div><div class=\"post-item lisaa-toimenpide vaihe-kaynnissa teema-2-kulttuuriperinto-luonto-ja-ilmastonmuutos liittyy-aineeton-kulttuuriperinto liittyy-kulttuuriymparisto liittyy-alueellisuus liittyy-paikallisuus liittyy-kaupungit liittyy-tieto-ja-taidot\"><h3><a href=\"https:\/\/kulttuuriperintostrategia.fi\/sv\/mustan-sauna\/\">Raahen Mustan yleinen sauna<\/a><\/h3><p>Raahen Mustaan rakennetaan korkeatasoinen yleinen sauna.<\/p><a href=\"https:\/\/kulttuuriperintostrategia.fi\/sv\/mustan-sauna\/\">L\u00e4s mer<\/a><\/div><div class=\"post-item lisaa-hyvakaytanto teema-2-kulttuuriperinto-luonto-ja-ilmastonmuutos liittyy-kulttuuriymparisto liittyy-tieto-ja-taidot\"><h3><a href=\"https:\/\/kulttuuriperintostrategia.fi\/sv\/valtio-restauroi\/\">Valtio restauroi -seminaari<\/a><\/h3><p>Valtio restauroi -seminaari esittelee valtion restaurointitoiminnan hyvi\u00e4 k\u00e4yt\u00e4nt\u00f6j\u00e4 ja esimerkkej\u00e4.<\/p><a href=\"https:\/\/kulttuuriperintostrategia.fi\/sv\/valtio-restauroi\/\">L\u00e4s mer<\/a><\/div><\/div>\n\n<div style=\"height:50px\" aria-hidden=\"true\" class=\"wp-block-spacer\"><\/div>\n\n<div>\n<div class=\"gb-element-284d0e15 teemawrapper\">\n<div class=\"gb-element-279c9b82 kuva\">\n<div class=\"kuvateksti\">\n<p>Bild: Ilari J\u00e4rvinen \/ Museiverket<\/p>\n<\/div>\n<\/div>\n\n\n\n<div>\n<div class=\"gb-element-701087e5 teemaelementwrap\">\n<h3 class=\"gb-text gb-text-65638776 fpteema\">3. Kulturarv, l\u00e4rande, kompetens och forskning<\/h3>\n\n\n\n<p class=\"has-contrast-color has-text-color has-link-color wp-elements-fcb73fea3ce268d06452ef9feebfad30\">Tyngdpunkterna i temat \u00e4r bildning, kompetensutveckling, forskning och kunskap om kulturarvet.<\/p>\n\n\n\n<div class=\"wp-block-buttons is-layout-flex wp-block-buttons-is-layout-flex\">\n<div class=\"wp-block-button\"><a class=\"wp-block-button__link wp-element-button\" href=\"https:\/\/kulttuuriperintostrategia.fi\/sv\/kulturarv-larande-kompetens-och-forskning\/\">L\u00e4s mer<\/a><\/div>\n<\/div>\n<\/div>\n<\/div>\n<\/div>\n<\/div>\n\n<aside id=\"block-12\" class=\"widget inner-padding widget_block\"><fieldset class=\"title\"><legend>De tre senaste till\u00e4ggen<\/legend><\/fieldset><\/aside>\n<div id=\"latest-posts\"><div class=\"post-item lisaa-toimenpide vaihe-kaynnissa teema-3-kulttuuriperinto-oppiminen-osaaminen-ja-tutkimus liittyy-kulttuuriymparisto\"><h3><a href=\"https:\/\/kulttuuriperintostrategia.fi\/sv\/arvottaminen-ja-argumentointi-rakennusperintotyossa-hanke\/\">Arvottaminen ja argumentointi rakennusperint\u00f6ty\u00f6ss\u00e4 -hanke<\/a><\/h3><p>V\u00e4lineit\u00e4 kulttuuriymp\u00e4rist\u00f6ty\u00f6t\u00e4 tekeville lausuntoty\u00f6n ja neuvottelujen tueksi.<\/p><a href=\"https:\/\/kulttuuriperintostrategia.fi\/sv\/arvottaminen-ja-argumentointi-rakennusperintotyossa-hanke\/\">L\u00e4s mer<\/a><\/div><div class=\"post-item lisaa-hyvakaytanto teema-3-kulttuuriperinto-oppiminen-osaaminen-ja-tutkimus liittyy-kulttuuriymparisto\"><h3><a href=\"https:\/\/kulttuuriperintostrategia.fi\/sv\/rakennettu-hyvinvointi-verkkosivusto\/\">Rakennettu hyvinvointi -verkkosivusto<\/a><\/h3><p>Tutkittua tietoa rakennetun ymp\u00e4rist\u00f6n muutoksista 1945 \u2013 1990<\/p><a href=\"https:\/\/kulttuuriperintostrategia.fi\/sv\/rakennettu-hyvinvointi-verkkosivusto\/\">L\u00e4s mer<\/a><\/div><div class=\"post-item lisaa-hyvakaytanto teema-3-kulttuuriperinto-oppiminen-osaaminen-ja-tutkimus liittyy-kirjastot liittyy-aineeton-kulttuuriperinto liittyy-digitaalisuus liittyy-kansainvalisyys liittyy-tieto-ja-taidot\"><h3><a href=\"https:\/\/kulttuuriperintostrategia.fi\/sv\/sksn-kirjaston-monitieteisen-kulttuuriperinnon-tutkimuksen-metatietotyo\/\">SKS:n kirjaston monitieteisen kulttuuriperinn\u00f6n tutkimuksen metatietoty\u00f6<\/a><\/h3><p>Suomalaisen Kirjallisuuden Seuran kirjaston tuottama metatieto tukee suomalaisen monitieteisen kulttuuriperinn\u00f6n tutkimuksen n\u00e4kyvyytt\u00e4 kansallisesti ja kansainv\u00e4lisesti.<\/p><a href=\"https:\/\/kulttuuriperintostrategia.fi\/sv\/sksn-kirjaston-monitieteisen-kulttuuriperinnon-tutkimuksen-metatietotyo\/\">L\u00e4s mer<\/a><\/div><\/div>\n\n<div style=\"height:50px\" aria-hidden=\"true\" class=\"wp-block-spacer\"><\/div>\n\n<div>\n<div class=\"gb-element-d773f39f teemawrapper\">\n<div class=\"gb-element-73c37289 kuva\">\n<div class=\"kuvateksti\">\n<p>Bild: Samiska museet Siida<\/p>\n<\/div>\n<\/div>\n\n\n\n<div>\n<div class=\"gb-element-0dfa739b teemaelementwrap\">\n<h3 class=\"gb-text gb-text-d7621ae7 fpteema\">4. Kulturarvet och ekonomin \u2013 h\u00e5llbart och kreativt<\/h3>\n\n\n\n<p class=\"has-contrast-color has-text-color has-link-color wp-elements-b611ebd5942098e93669e59e572f6254\">Temats fyra m\u00e5l behandlar kulturarvet som ett gemensamt kapital, h\u00e5llbar finansiering, utnyttjande av kulturarvet i aff\u00e4rsverksamhet och n\u00e4ringslivet samt respekt f\u00f6r dess egenv\u00e4rde som en del av den ekonomiska verksamheten.<\/p>\n\n\n\n<div class=\"wp-block-buttons is-layout-flex wp-block-buttons-is-layout-flex\">\n<div class=\"wp-block-button\"><a class=\"wp-block-button__link wp-element-button\" href=\"https:\/\/kulttuuriperintostrategia.fi\/sv\/kulturarvet-och-ekonomin-hallbart-och-kreativt\/\">L\u00e4s mer<\/a><\/div>\n<\/div>\n<\/div>\n<\/div>\n<\/div>\n<\/div>\n\n<aside id=\"block-12\" class=\"widget inner-padding widget_block\"><fieldset class=\"title\"><legend>De tre senaste till\u00e4ggen<\/legend><\/fieldset><\/aside>\n<div id=\"latest-posts\"><div class=\"post-item lisaa-toimenpide vaihe-kaynnissa teema-4-kulttuuriperinto-ja-talous-kestavasti-ja-luovasti liittyy-aineeton-kulttuuriperinto liittyy-kulttuuriymparisto liittyy-digitaalisuus liittyy-alueellisuus liittyy-paikallisuus liittyy-tieto-ja-taidot\"><h3><a href=\"https:\/\/kulttuuriperintostrategia.fi\/sv\/luontokohteiden-kulttuuriperinnosta-vetovoimaa-rajaseudun-matkailuun-hanke\/\">Luontokohteiden kulttuuriperinn\u00f6st\u00e4 vetovoimaa rajaseudun matkailuun -hanke<\/a><\/h3><p>Luontokohteiden kulttuuriperinn\u00f6st\u00e4 vetovoimaa rajaseudun matkailuun -hanke kokoaa etel\u00e4karjalaista luonnon kulttuuriperint\u00f6tietoa hy\u00f6dynnett\u00e4v\u00e4ksi matkailualalla<\/p><a href=\"https:\/\/kulttuuriperintostrategia.fi\/sv\/luontokohteiden-kulttuuriperinnosta-vetovoimaa-rajaseudun-matkailuun-hanke\/\">L\u00e4s mer<\/a><\/div><div class=\"post-item lisaa-toimenpide vaihe-kaynnissa teema-4-kulttuuriperinto-ja-talous-kestavasti-ja-luovasti liittyy-museot liittyy-aineeton-kulttuuriperinto liittyy-kulttuuriymparisto liittyy-alueellisuus liittyy-paikallisuus liittyy-kaupungit liittyy-tieto-ja-taidot\"><h3><a href=\"https:\/\/kulttuuriperintostrategia.fi\/sv\/kohti-vaikuttavaa-seudullista-kulttuurimatkailua-hanke\/\">Kohti vaikuttavaa seudullista kulttuurimatkailua<\/a><\/h3><p>Hankkeessa edistet\u00e4\u00e4n kulttuurimatkailutoimintaa Huittisten, H\u00e4meenkyr\u00f6n, Punkalaitumen ja Sastamalan alueella.<\/p><a href=\"https:\/\/kulttuuriperintostrategia.fi\/sv\/kohti-vaikuttavaa-seudullista-kulttuurimatkailua-hanke\/\">L\u00e4s mer<\/a><\/div><div class=\"post-item lisaa-toimenpide vaihe-kaynnissa teema-4-kulttuuriperinto-ja-talous-kestavasti-ja-luovasti liittyy-aineeton-kulttuuriperinto liittyy-kulttuuriymparisto liittyy-alueellisuus liittyy-kansainvalisyys\"><h3><a href=\"https:\/\/kulttuuriperintostrategia.fi\/sv\/kartanokulttuuria-kreivin-aikaan-kehittamishanke\/\">Kartanokulttuuria kreivin aikaan -kehitt\u00e4mishanke it\u00e4isell\u00e4 Uudellamaalla<\/a><\/h3><p>Hankkeen tarkoituksena on kehitt\u00e4\u00e4 uusia matkailupalveluita sek\u00e4 kasvattaa tietoisuutta It\u00e4-Uudenmaan alueen kartanoista kulttuurihistoriallisen n\u00e4k\u00f6kulman avulla.<\/p><a href=\"https:\/\/kulttuuriperintostrategia.fi\/sv\/kartanokulttuuria-kreivin-aikaan-kehittamishanke\/\">L\u00e4s mer<\/a><\/div><\/div>\n\n<p><\/p>\n","protected":false},"excerpt":{"rendered":"<p>Bild: Emilia Anundi \/ undervisnings- och kulturministerietBild: Helene Schjerfbeck, L\u00e4sande flickor. Hannu Aaltonen \/ Finlands nationalgalleri Bild: Laura Rautjoki \/ milj\u00f6ministeriets bildbankV\u00e4lkommen med och genomf\u00f6ra kulturarvsstrategin! P\u00e5 den h\u00e4r webbplatsen samlas genomf\u00f6randet av kulturarvsstrategin i olika delar av Finland.\u202f Bekanta dig med riktlinjerna och temana i kulturarvsstrategin, l\u00e5t dig inspireras av de \u00e5tg\u00e4rder som presenteras &#8230; <a title=\"Framsidan\" class=\"read-more\" href=\"https:\/\/kulttuuriperintostrategia.fi\/sv\/\" aria-label=\"L\u00e4s mer om Framsidan\">Read more<\/a><\/p>\n","protected":false},"author":1,"featured_media":0,"parent":0,"menu_order":0,"comment_status":"closed","ping_status":"closed","template":"","meta":{"_acf_changed":false,"footnotes":""},"categories":[],"class_list":["post-2042","page","type-page","status-publish"],"acf":[],"_links":{"self":[{"href":"https:\/\/kulttuuriperintostrategia.fi\/sv\/wp-json\/wp\/v2\/pages\/2042","targetHints":{"allow":["GET"]}}],"collection":[{"href":"https:\/\/kulttuuriperintostrategia.fi\/sv\/wp-json\/wp\/v2\/pages"}],"about":[{"href":"https:\/\/kulttuuriperintostrategia.fi\/sv\/wp-json\/wp\/v2\/types\/page"}],"author":[{"embeddable":true,"href":"https:\/\/kulttuuriperintostrategia.fi\/sv\/wp-json\/wp\/v2\/users\/1"}],"replies":[{"embeddable":true,"href":"https:\/\/kulttuuriperintostrategia.fi\/sv\/wp-json\/wp\/v2\/comments?post=2042"}],"version-history":[{"count":20,"href":"https:\/\/kulttuuriperintostrategia.fi\/sv\/wp-json\/wp\/v2\/pages\/2042\/revisions"}],"predecessor-version":[{"id":2216,"href":"https:\/\/kulttuuriperintostrategia.fi\/sv\/wp-json\/wp\/v2\/pages\/2042\/revisions\/2216"}],"wp:attachment":[{"href":"https:\/\/kulttuuriperintostrategia.fi\/sv\/wp-json\/wp\/v2\/media?parent=2042"}],"wp:term":[{"taxonomy":"category","embeddable":true,"href":"https:\/\/kulttuuriperintostrategia.fi\/sv\/wp-json\/wp\/v2\/categories?post=2042"}],"curies":[{"name":"wp","href":"https:\/\/api.w.org\/{rel}","templated":true}]}}