{"id":1963,"date":"2025-07-15T17:34:59","date_gmt":"2025-07-15T14:34:59","guid":{"rendered":"https:\/\/kulttuuriperintostrategia.fi\/bekanta\/"},"modified":"2025-10-27T16:40:35","modified_gmt":"2025-10-27T14:40:35","slug":"bekanta","status":"publish","type":"page","link":"https:\/\/kulttuuriperintostrategia.fi\/sv\/bekanta\/","title":{"rendered":"Bekanta dig med \u00e5tg\u00e4rderna"},"content":{"rendered":"\n<p class=\"lead\">P\u00e5 den h\u00e4r sidan kan du bekanta dig med \u00e5tg\u00e4rder och god praxis som fr\u00e4mjar m\u00e5len i kulturarvsstrategin p\u00e5 olika h\u00e5ll i Finland. <\/p>\n\n<p>Du kan s\u00f6ka \u00e5tg\u00e4rder och god praxis b\u00e5de med s\u00f6kord och enligt tema i strategin och enligt inneh\u00e5llstema i en \u00e5tg\u00e4rd eller god praxis. Du kan ocks\u00e5 bekanta dig med \u00e5tg\u00e4rder och god praxis p\u00e5 kartan. <\/p>\n\n<div class=\"wp-block-buttons is-layout-flex wp-block-buttons-is-layout-flex\">\n<div class=\"wp-block-button\"><a class=\"wp-block-button__link wp-element-button\" href=\"https:\/\/kulttuuriperintostrategia.fi\/sv\/sok-pa-kartan\/\">S\u00f6k p\u00e5 kartan<\/a><\/div>\n<\/div>\n    <div id=\"filter-form-wrapper\">\n    <form id=\"filter-form\">\n\n    <div class=\"filter-search\">\n      <label for=\"search\">Ords\u00f6kning<\/label>\n      <input type=\"text\" id=\"search\" name=\"search\" title=\"Search\" aria-label=\"Search\" placeholder=\"S\u00f6kord\">\n    <\/div>\n\n    <div class=\"filter-lisaa\">\n      <label for=\"toimenpide-vai-hyva-kaytanto\">\u00c5tg\u00e4rd eller god praxis<\/label>\n      <fieldset>\n      <legend style=\"display: none;\">Filters<\/legend>\n      <label><input type=\"checkbox\" name=\"lisaa[]\" value=\"Toimenpide\" id=\"toimenpide-vai-hyva-kaytanto\"> \u00c5tg\u00e4rd<\/label>\n      <label><input type=\"checkbox\" name=\"lisaa[]\" value=\"Hyvakaytanto\" id=\"toimenpide-vai-hyva-kaytanto\"> God praxis<\/label>\n      <\/fieldset>\n    <\/div>\n\n    <div class=\"filter-kieli\">\n      <label for=\"kieli\">Spr\u00e5k<\/label>\n      <fieldset>\n      <legend style=\"display: none;\">Filters<\/legend>\n      <label><input type=\"checkbox\" name=\"kieli[]\" value=\"suomi\" id=\"kieli\"> Finska<\/label>\n      <label><input type=\"checkbox\" name=\"kieli[]\" value=\"ruotsi\" id=\"kieli\"> Svenska<\/label>\n      <label><input type=\"checkbox\" name=\"kieli[]\" value=\"englanti\" id=\"kieli\"> Engelska<\/label>\n      <\/fieldset>\n    <\/div>\n\n    <div class=\"filter-vaihe\">\n      <label for=\"vaihe\" class=\"vaihe\">Projektets skede<\/label>\n      <fieldset>\n      <legend style=\"display: none;\">Filters<\/legend>\n      <label><input type=\"checkbox\" name=\"hankkeen_vaihe[]\" value=\"Suunnitteilla\" id=\"vaihe\"> Under planering<\/label>\n      <label><input type=\"checkbox\" name=\"hankkeen_vaihe[]\" value=\"Kaynnissa\" id=\"vaihe\"> P\u00e5g\u00e5r<\/label>\n      <label><input type=\"checkbox\" name=\"hankkeen_vaihe[]\" value=\"Valmis\" id=\"vaihe\"> F\u00e4rdigt<\/label>\n      <\/fieldset>\n    <\/div>\n\n    <div class=\"filter-teema\">\n      <label for=\"teema\">Strategins tema<\/label>\n      <fieldset>\n      <legend style=\"display: none;\">Filters<\/legend>\n      <label><input type=\"checkbox\" name=\"toteuttaa_strategian_teemaa[]\" value=\"1kulttuuriperintoomanajayhteisena\" id=\"teema\"> 1. Kulturarvet som eget och gemensamt<\/label>\n      <label><input type=\"checkbox\" name=\"toteuttaa_strategian_teemaa[]\" value=\"2kulttuuriperintoluontojailmastonmuutos\" id=\"teema\"> 2. Kulturarvet, naturen och klimatf\u00f6r\u00e4ndringen<\/label>\n      <label><input type=\"checkbox\" name=\"toteuttaa_strategian_teemaa[]\" value=\"3kulttuuriperintooppiminenosaaminenjatutkimus\" id=\"teema\"> 3. Kulturarvet, l\u00e4rande, kompetens och forskning<\/label>\n      <label><input type=\"checkbox\" name=\"toteuttaa_strategian_teemaa[]\" value=\"4kulttuuriperintojatalouskestavastijaluovasti\" id=\"teema\"> 4. Kulturarvet och ekonomin \u2013 h\u00e5llbart och kreativt<\/label>\n      <\/fieldset>\n    <\/div>\n\n    <div class=\"filter-liittyy\">\n\t<label for=\"liittyy\">Inneh\u00e5llstema<\/label>\n      \t<fieldset>\n      <legend style=\"display: none;\">Filters<\/legend>\n    <label><input type=\"checkbox\" id=\"liittyy\" name=\"liittyy[]\" value=\"lapset\"> Lapset<\/label><label><input type=\"checkbox\" id=\"liittyy\" name=\"liittyy[]\" value=\"nuoret\"> Nuoret<\/label><label><input type=\"checkbox\" id=\"liittyy\" name=\"liittyy[]\" value=\"ikaantyneet\"> Ik\u00e4\u00e4ntyneet<\/label><label><input type=\"checkbox\" id=\"liittyy\" name=\"liittyy[]\" value=\"arkistot\"> Arkistot<\/label><label><input type=\"checkbox\" id=\"liittyy\" name=\"liittyy[]\" value=\"kirjastot\"> Kirjastot<\/label><label><input type=\"checkbox\" id=\"liittyy\" name=\"liittyy[]\" value=\"museot\"> Museot<\/label><label><input type=\"checkbox\" id=\"liittyy\" name=\"liittyy[]\" value=\"aineetonkulttuuriperinto\"> Aineeton kulttuuriperint\u00f6<\/label><label><input type=\"checkbox\" id=\"liittyy\" name=\"liittyy[]\" value=\"kulttuuriymparisto\"> Kulttuuriymp\u00e4rist\u00f6<\/label><label><input type=\"checkbox\" id=\"liittyy\" name=\"liittyy[]\" value=\"digitaalisuus\"> Digitaalisuus<\/label><label><input type=\"checkbox\" id=\"liittyy\" name=\"liittyy[]\" value=\"alueellisuus\"> Alueellisuus<\/label><label><input type=\"checkbox\" id=\"liittyy\" name=\"liittyy[]\" value=\"paikallisuus\"> Paikallisuus<\/label><label><input type=\"checkbox\" id=\"liittyy\" name=\"liittyy[]\" value=\"kaupungit\"> Kaupungit<\/label><label><input type=\"checkbox\" id=\"liittyy\" name=\"liittyy[]\" value=\"kansainvalisyys\"> Kansainv\u00e4lisyys<\/label><label><input type=\"checkbox\" id=\"liittyy\" name=\"liittyy[]\" value=\"tietojataidot\"> Tieto ja taidot<\/label><label><input type=\"checkbox\" id=\"liittyy\" name=\"liittyy[]\" value=\"varautuminen\"> Varautuminen<\/label>      <\/fieldset>\n    <\/div>\n\n    <button type=\"submit\" class=\"sr-only\">Filtrera din s\u00f6kning<\/button>\n    <\/form>\n    <\/div>\n\n    <div id=\"filtered-posts\"><div class=\"post-item lisaa-toimenpide kieli-suomi vaihe-kaynnissa teema-3-kulttuuriperinto-oppiminen-osaaminen-ja-tutkimus liittyy-kulttuuriymparisto\"><h3><a href=\"https:\/\/kulttuuriperintostrategia.fi\/sv\/arvottaminen-ja-argumentointi-rakennusperintotyossa-hanke\/\">Arvottaminen ja argumentointi rakennusperint\u00f6ty\u00f6ss\u00e4 -hanke<\/a><\/h3><p>V\u00e4lineit\u00e4 kulttuuriymp\u00e4rist\u00f6ty\u00f6t\u00e4 tekeville lausuntoty\u00f6n ja neuvottelujen tueksi.<\/p><a href=\"https:\/\/kulttuuriperintostrategia.fi\/sv\/arvottaminen-ja-argumentointi-rakennusperintotyossa-hanke\/\">L\u00e4s mer<\/a><\/div><div class=\"post-item lisaa-hyvakaytanto kieli-suomi teema-1-kulttuuriperinto-omana-ja-yhteisena liittyy-lapset liittyy-kulttuuriymparisto\"><h3><a href=\"https:\/\/kulttuuriperintostrategia.fi\/sv\/suomenlinnan-lasten-seikkailukierros\/\">Suomenlinnan lasten seikkailukierros<\/a><\/h3><p>Tekemisen ja draaman avulla lapset oppivat kulttuuriperinn\u00f6st\u00e4.<\/p><a href=\"https:\/\/kulttuuriperintostrategia.fi\/sv\/suomenlinnan-lasten-seikkailukierros\/\">L\u00e4s mer<\/a><\/div><div class=\"post-item lisaa-hyvakaytanto kieli-suomi teema-3-kulttuuriperinto-oppiminen-osaaminen-ja-tutkimus liittyy-kulttuuriymparisto\"><h3><a href=\"https:\/\/kulttuuriperintostrategia.fi\/sv\/rakennettu-hyvinvointi-verkkosivusto\/\">Rakennettu hyvinvointi -verkkosivusto<\/a><\/h3><p>Tutkittua tietoa rakennetun ymp\u00e4rist\u00f6n muutoksista 1945 \u2013 1990<\/p><a href=\"https:\/\/kulttuuriperintostrategia.fi\/sv\/rakennettu-hyvinvointi-verkkosivusto\/\">L\u00e4s mer<\/a><\/div><div class=\"post-item lisaa-toimenpide kieli-suomi vaihe-valmis teema-1-kulttuuriperinto-omana-ja-yhteisena liittyy-arkistot liittyy-museot liittyy-kulttuuriymparisto liittyy-digitaalisuus liittyy-alueellisuus liittyy-paikallisuus liittyy-tieto-ja-taidot\"><h3><a href=\"https:\/\/kulttuuriperintostrategia.fi\/sv\/historia-elavaksi\/\">Lampisaaren kaivoskyl\u00e4n historia el\u00e4v\u00e4ksi<\/a><\/h3><p>Hankkeessa valmistellaan kaivoshistorian tallentamista tuleville sukupolville.<\/p><a href=\"https:\/\/kulttuuriperintostrategia.fi\/sv\/historia-elavaksi\/\">L\u00e4s mer<\/a><\/div><div class=\"post-item lisaa-toimenpide kieli-suomi vaihe-valmis teema-2-kulttuuriperinto-luonto-ja-ilmastonmuutos liittyy-kulttuuriymparisto liittyy-paikallisuus\"><h3><a href=\"https:\/\/kulttuuriperintostrategia.fi\/sv\/kotiseututalon-paastoton-energiaratkaisu\/\">Kotiseututalon p\u00e4\u00e4st\u00f6t\u00f6n energiaratkaisu<\/a><\/h3><p>Kotiseututalon l\u00e4mmitysmuoto vaihdetaan \u00f6ljyst\u00e4 maal\u00e4mp\u00f6\u00f6n.<\/p><a href=\"https:\/\/kulttuuriperintostrategia.fi\/sv\/kotiseututalon-paastoton-energiaratkaisu\/\">L\u00e4s mer<\/a><\/div><div class=\"post-item lisaa-toimenpide kieli-suomi vaihe-kaynnissa teema-2-kulttuuriperinto-luonto-ja-ilmastonmuutos liittyy-aineeton-kulttuuriperinto liittyy-kulttuuriymparisto liittyy-alueellisuus liittyy-paikallisuus liittyy-kaupungit liittyy-tieto-ja-taidot\"><h3><a href=\"https:\/\/kulttuuriperintostrategia.fi\/sv\/mustan-sauna\/\">Raahen Mustan yleinen sauna<\/a><\/h3><p>Raahen Mustaan rakennetaan korkeatasoinen yleinen sauna.<\/p><a href=\"https:\/\/kulttuuriperintostrategia.fi\/sv\/mustan-sauna\/\">L\u00e4s mer<\/a><\/div><div class=\"post-item lisaa-hyvakaytanto kieli-suomi teema-1-kulttuuriperinto-omana-ja-yhteisena liittyy-kirjastot liittyy-aineeton-kulttuuriperinto liittyy-kansainvalisyys liittyy-tieto-ja-taidot\"><h3><a href=\"https:\/\/kulttuuriperintostrategia.fi\/sv\/sksn-kirjaston-kulttuurien-tutkimuksen-ja-suomalaisen-kirjallisuuden-tutkimuksen-kokoelmat\/\">SKS:n kirjaston kulttuurien tutkimuksen ja suomalaisen kirjallisuuden tutkimuksen kokoelmat<\/a><\/h3><p>Suomalaisen Kirjallisuuden Seuran kirjasto s\u00e4ilytt\u00e4\u00e4 kulttuuriperint\u00f6mme painetut aineistot kaikkien k\u00e4ytett\u00e4v\u00e4n\u00e4 nyt ja tulevaisuudessa.<\/p><a href=\"https:\/\/kulttuuriperintostrategia.fi\/sv\/sksn-kirjaston-kulttuurien-tutkimuksen-ja-suomalaisen-kirjallisuuden-tutkimuksen-kokoelmat\/\">L\u00e4s mer<\/a><\/div><div class=\"post-item lisaa-hyvakaytanto kieli-suomi teema-3-kulttuuriperinto-oppiminen-osaaminen-ja-tutkimus liittyy-kirjastot liittyy-aineeton-kulttuuriperinto liittyy-digitaalisuus liittyy-kansainvalisyys liittyy-tieto-ja-taidot\"><h3><a href=\"https:\/\/kulttuuriperintostrategia.fi\/sv\/sksn-kirjaston-monitieteisen-kulttuuriperinnon-tutkimuksen-metatietotyo\/\">SKS:n kirjaston monitieteisen kulttuuriperinn\u00f6n tutkimuksen metatietoty\u00f6<\/a><\/h3><p>Suomalaisen Kirjallisuuden Seuran kirjaston tuottama metatieto tukee suomalaisen monitieteisen kulttuuriperinn\u00f6n tutkimuksen n\u00e4kyvyytt\u00e4 kansallisesti ja kansainv\u00e4lisesti.<\/p><a href=\"https:\/\/kulttuuriperintostrategia.fi\/sv\/sksn-kirjaston-monitieteisen-kulttuuriperinnon-tutkimuksen-metatietotyo\/\">L\u00e4s mer<\/a><\/div><div class=\"post-item lisaa-hyvakaytanto kieli-suomi teema-3-kulttuuriperinto-oppiminen-osaaminen-ja-tutkimus liittyy-museot\"><h3><a href=\"https:\/\/kulttuuriperintostrategia.fi\/sv\/museoiden-itsearviointi-ja-vertaiskehittaminen-vaikuttavan-museotyon-kehittamistyokaluina\/\">Museoiden itsearviointi ja vertaiskehitt\u00e4minen vaikuttavan museoty\u00f6n kehitt\u00e4misty\u00f6kaluina<\/a><\/h3><p>Museoiden itsearviointimalli ja vertaiskehitt\u00e4misen foorumi tarjoavat museoille ty\u00f6kaluja oman toiminnan kehitt\u00e4miseen vaikuttavuuden vahvistamiseksi<\/p><a href=\"https:\/\/kulttuuriperintostrategia.fi\/sv\/museoiden-itsearviointi-ja-vertaiskehittaminen-vaikuttavan-museotyon-kehittamistyokaluina\/\">L\u00e4s mer<\/a><\/div><div class=\"post-item lisaa-hyvakaytanto kieli-suomi teema-1-kulttuuriperinto-omana-ja-yhteisena liittyy-aineeton-kulttuuriperinto liittyy-digitaalisuus liittyy-alueellisuus liittyy-paikallisuus liittyy-tieto-ja-taidot\"><h3><a href=\"https:\/\/kulttuuriperintostrategia.fi\/sv\/elavan-perinnon-wikiluettelo\/\">El\u00e4v\u00e4n perinn\u00f6n wikiluettelo<\/a><\/h3><p>El\u00e4v\u00e4n perinn\u00f6n wikiluettelon avulla tehd\u00e4\u00e4n n\u00e4kyv\u00e4ksi Suomessa olevaa aineetonta kulttuuriperint\u00f6\u00e4 - mukana on jo 270 artikkelia 440 toimijataholta.<\/p><a href=\"https:\/\/kulttuuriperintostrategia.fi\/sv\/elavan-perinnon-wikiluettelo\/\">L\u00e4s mer<\/a><\/div><div class=\"post-item lisaa-hyvakaytanto kieli-suomi teema-2-kulttuuriperinto-luonto-ja-ilmastonmuutos liittyy-kulttuuriymparisto liittyy-tieto-ja-taidot\"><h3><a href=\"https:\/\/kulttuuriperintostrategia.fi\/sv\/valtio-restauroi\/\">Valtio restauroi -seminaari<\/a><\/h3><p>Valtio restauroi -seminaari esittelee valtion restaurointitoiminnan hyvi\u00e4 k\u00e4yt\u00e4nt\u00f6j\u00e4 ja esimerkkej\u00e4.<\/p><a href=\"https:\/\/kulttuuriperintostrategia.fi\/sv\/valtio-restauroi\/\">L\u00e4s mer<\/a><\/div><div class=\"post-item lisaa-hyvakaytanto kieli-suomi teema-3-kulttuuriperinto-oppiminen-osaaminen-ja-tutkimus liittyy-arkistot liittyy-tieto-ja-taidot\"><h3><a href=\"https:\/\/kulttuuriperintostrategia.fi\/sv\/sks-ja-arkistopedagogia\/\">SKS ja arkistopedagogia<\/a><\/h3><p>Suomalaisen Kirjallisuuden Seuran arkisto j\u00e4rjest\u00e4\u00e4 sis\u00e4ist\u00e4 koulutusta ja jakaa hiljaista tietoa ja kehitt\u00e4\u00e4 ammatillista osaamistaan ulkopuolisen asiantuntijan tuella.<\/p><a href=\"https:\/\/kulttuuriperintostrategia.fi\/sv\/sks-ja-arkistopedagogia\/\">L\u00e4s mer<\/a><\/div><div class=\"post-item lisaa-hyvakaytanto kieli-suomi teema-3-kulttuuriperinto-oppiminen-osaaminen-ja-tutkimus liittyy-arkistot liittyy-digitaalisuus liittyy-tieto-ja-taidot liittyy-varautuminen\"><h3><a href=\"https:\/\/kulttuuriperintostrategia.fi\/sv\/sksn-arkiston-tunnisteelliset-aineistot\/\">SKS:n arkiston tunnisteelliset aineistot<\/a><\/h3><p>Suomalaisen Kirjallisuuden Seuran arkisto s\u00e4ilytt\u00e4\u00e4 suomalaisia kulttuuriperint\u00f6aineistoja kaikkine tunnistetietoineen tutkimuksen ja yhteisen tiedon hyv\u00e4ksi.<\/p><a href=\"https:\/\/kulttuuriperintostrategia.fi\/sv\/sksn-arkiston-tunnisteelliset-aineistot\/\">L\u00e4s mer<\/a><\/div><div class=\"post-item lisaa-hyvakaytanto kieli-suomi teema-1-kulttuuriperinto-omana-ja-yhteisena liittyy-nuoret liittyy-ikaantyneet liittyy-arkistot liittyy-aineeton-kulttuuriperinto liittyy-alueellisuus liittyy-paikallisuus liittyy-kaupungit liittyy-tieto-ja-taidot\"><h3><a href=\"https:\/\/kulttuuriperintostrategia.fi\/sv\/sksn-keruiden-vastaajaverkosto\/\">SKS:n keruiden vastaajaverkosto<\/a><\/h3><p>Suomalaisen Kirjallisuuden Seuran muistitietokeruisiin vakituisesti vastaavien henkil\u00f6iden yhteis\u00f6<\/p><a href=\"https:\/\/kulttuuriperintostrategia.fi\/sv\/sksn-keruiden-vastaajaverkosto\/\">L\u00e4s mer<\/a><\/div><div class=\"post-item lisaa-hyvakaytanto kieli-suomi teema-1-kulttuuriperinto-omana-ja-yhteisena liittyy-ikaantyneet liittyy-arkistot liittyy-aineeton-kulttuuriperinto liittyy-alueellisuus liittyy-paikallisuus liittyy-tieto-ja-taidot\"><h3><a href=\"https:\/\/kulttuuriperintostrategia.fi\/sv\/sksn-muistitietokeruut\/\">SKS:n muistitietokeruut<\/a><\/h3><p>SKS:n muistitietokeruut ovat kaikille avoimia kirjoituskilpailuja, joilla tallennetaan omakohtaisia kokemuksia, muistoja ja arkiel\u00e4m\u00e4\u00e4 osaksi kansallista kulttuuriperint\u00f6\u00e4.<\/p><a href=\"https:\/\/kulttuuriperintostrategia.fi\/sv\/sksn-muistitietokeruut\/\">L\u00e4s mer<\/a><\/div><div class=\"post-item lisaa-hyvakaytanto kieli-suomi teema-2-kulttuuriperinto-luonto-ja-ilmastonmuutos liittyy-kulttuuriymparisto\"><h3><a href=\"https:\/\/kulttuuriperintostrategia.fi\/sv\/maisemapaivan-vietto\/\">Maisemap\u00e4iv\u00e4n vietto<\/a><\/h3><p>Maisemap\u00e4iv\u00e4 kutsuu kaikkia keskustelemaan ja nauttimaan monimuotoisista maisemistamme.<\/p><a href=\"https:\/\/kulttuuriperintostrategia.fi\/sv\/maisemapaivan-vietto\/\">L\u00e4s mer<\/a><\/div><div class=\"post-item lisaa-toimenpide kieli-suomi vaihe-kaynnissa teema-3-kulttuuriperinto-oppiminen-osaaminen-ja-tutkimus liittyy-kulttuuriymparisto liittyy-digitaalisuus liittyy-tieto-ja-taidot\"><h3><a href=\"https:\/\/kulttuuriperintostrategia.fi\/sv\/kulttuuriympariston-tiedonhallinnan-kehittaminen\/\">Kulttuuriymp\u00e4rist\u00f6n tiedonhallinnan kehitt\u00e4minen<\/a><\/h3><p>Kulttuuriymp\u00e4rist\u00f6n tiedonhallinnan kehitt\u00e4minen t\u00e4ht\u00e4\u00e4 ajantasaiseen, kattavaan ja saavutettavaan tietoon.<\/p><a href=\"https:\/\/kulttuuriperintostrategia.fi\/sv\/kulttuuriympariston-tiedonhallinnan-kehittaminen\/\">L\u00e4s mer<\/a><\/div><div class=\"post-item lisaa-toimenpide kieli-suomi vaihe-valmis teema-2-kulttuuriperinto-luonto-ja-ilmastonmuutos liittyy-kulttuuriymparisto liittyy-alueellisuus liittyy-paikallisuus liittyy-kaupungit liittyy-tieto-ja-taidot\"><h3><a href=\"https:\/\/kulttuuriperintostrategia.fi\/sv\/hankekokonaisuus-modernin-rakennuskannan-kestavasta-kehittamisesta\/\">Hankekokonaisuus modernin rakennuskannan kest\u00e4v\u00e4st\u00e4 kehitt\u00e4misest\u00e4<\/a><\/h3><p>Selvitykset ovat tuottaneet tietoa rakennuskannan erilaisten kehitt\u00e4misvaihtoehtojen vaikutuksista, ja mik\u00e4 tyypillisesti on esteen\u00e4 rakennusten s\u00e4ilytt\u00e4ville vaihtoehdoille.<\/p><a href=\"https:\/\/kulttuuriperintostrategia.fi\/sv\/hankekokonaisuus-modernin-rakennuskannan-kestavasta-kehittamisesta\/\">L\u00e4s mer<\/a><\/div><\/div>\n\n    <div id=\"load-more-wrap\" style=\"margin-top:1rem;\">\n        <button id=\"load-more\" data-next=\"2\">Visa mer<\/button>    <\/div>\n    \n\n<div class=\"gb-accordion\"><\/div>\n","protected":false},"excerpt":{"rendered":"<p>P\u00e5 den h\u00e4r sidan kan du bekanta dig med \u00e5tg\u00e4rder och god praxis som fr\u00e4mjar m\u00e5len i kulturarvsstrategin p\u00e5 olika h\u00e5ll i Finland. Du kan s\u00f6ka \u00e5tg\u00e4rder och god praxis b\u00e5de med s\u00f6kord och enligt tema i strategin och enligt inneh\u00e5llstema i en \u00e5tg\u00e4rd eller god praxis. Du kan ocks\u00e5 bekanta dig med \u00e5tg\u00e4rder och &#8230; <a title=\"Hankekokonaisuus modernin rakennuskannan kest\u00e4v\u00e4st\u00e4 kehitt\u00e4misest\u00e4\" class=\"read-more\" href=\"https:\/\/kulttuuriperintostrategia.fi\/sv\/hankekokonaisuus-modernin-rakennuskannan-kestavasta-kehittamisesta\/\" aria-label=\"L\u00e4s mer om Hankekokonaisuus modernin rakennuskannan kest\u00e4v\u00e4st\u00e4 kehitt\u00e4misest\u00e4\">Read more<\/a><\/p>\n","protected":false},"author":1,"featured_media":0,"parent":0,"menu_order":0,"comment_status":"closed","ping_status":"closed","template":"","meta":{"_acf_changed":false,"footnotes":""},"categories":[],"class_list":["post-1963","page","type-page","status-publish","hentry","masonry-post","generate-columns","tablet-grid-50","mobile-grid-100","grid-parent","grid-33"],"acf":[],"_links":{"self":[{"href":"https:\/\/kulttuuriperintostrategia.fi\/sv\/wp-json\/wp\/v2\/pages\/1963","targetHints":{"allow":["GET"]}}],"collection":[{"href":"https:\/\/kulttuuriperintostrategia.fi\/sv\/wp-json\/wp\/v2\/pages"}],"about":[{"href":"https:\/\/kulttuuriperintostrategia.fi\/sv\/wp-json\/wp\/v2\/types\/page"}],"author":[{"embeddable":true,"href":"https:\/\/kulttuuriperintostrategia.fi\/sv\/wp-json\/wp\/v2\/users\/1"}],"replies":[{"embeddable":true,"href":"https:\/\/kulttuuriperintostrategia.fi\/sv\/wp-json\/wp\/v2\/comments?post=1963"}],"version-history":[{"count":3,"href":"https:\/\/kulttuuriperintostrategia.fi\/sv\/wp-json\/wp\/v2\/pages\/1963\/revisions"}],"predecessor-version":[{"id":2149,"href":"https:\/\/kulttuuriperintostrategia.fi\/sv\/wp-json\/wp\/v2\/pages\/1963\/revisions\/2149"}],"wp:attachment":[{"href":"https:\/\/kulttuuriperintostrategia.fi\/sv\/wp-json\/wp\/v2\/media?parent=1963"}],"wp:term":[{"taxonomy":"category","embeddable":true,"href":"https:\/\/kulttuuriperintostrategia.fi\/sv\/wp-json\/wp\/v2\/categories?post=1963"}],"curies":[{"name":"wp","href":"https:\/\/api.w.org\/{rel}","templated":true}]}}