{"id":1868,"date":"2025-06-17T19:58:07","date_gmt":"2025-06-17T16:58:07","guid":{"rendered":"https:\/\/kulttuuriperintostrategia.fi\/1-1-everyones-right-to-cultural-heritage-is-realised-cultural-heritage-is-actively-promoted-kulttuuriperinnon-hyvaksi-toimitaan-aktiivisesti\/"},"modified":"2025-10-21T17:13:52","modified_gmt":"2025-10-21T14:13:52","slug":"1-1-everyones-right-to-cultural-heritage-is-realised-cultural-heritage-is-actively-promoted-kulttuuriperinnon-hyvaksi-toimitaan-aktiivisesti","status":"publish","type":"page","link":"https:\/\/kulttuuriperintostrategia.fi\/en\/1-1-everyones-right-to-cultural-heritage-is-realised-cultural-heritage-is-actively-promoted-kulttuuriperinnon-hyvaksi-toimitaan-aktiivisesti\/","title":{"rendered":"1.1. Everyone\u2019s right to cultural heritage is realised. Cultural heritage is actively promoted Kulttuuriperinn\u00f6n hyv\u00e4ksi toimitaan aktiivisesti"},"content":{"rendered":"\n<ul class=\"wp-block-list\">\n<li>Everyone\u2019s equal rights and opportunities to participate in and influence cultural heritage will be supported. Erityisesti v\u00e4hemmist\u00f6jen kulttuuriperint\u00f6\u00e4 koskevien oikeuksien toteutumista tuetaan.<\/li>\n\n\n\n<li>Cultural heritage actors\u2019 competence in equality will be strengthened.<\/li>\n\n\n\n<li>The realisation of the rights of different groups to cultural heritage will be monitored during the strategy period.<\/li>\n\n\n\n<li>Tensions and conflicts related to cultural heritage will be identified and analysed. Interactive and conciliatory operating models will be created for dealing with them.<\/li>\n<\/ul>\n\n<p><\/p>\n","protected":false},"excerpt":{"rendered":"","protected":false},"author":1,"featured_media":0,"parent":0,"menu_order":0,"comment_status":"closed","ping_status":"closed","template":"","meta":{"_acf_changed":false,"footnotes":""},"categories":[47],"class_list":{"0":"post-1868","1":"page","2":"type-page","3":"status-publish","5":"category-1-kulttuuriperinto-omana-ja-yhteisena"},"acf":[],"_links":{"self":[{"href":"https:\/\/kulttuuriperintostrategia.fi\/en\/wp-json\/wp\/v2\/pages\/1868","targetHints":{"allow":["GET"]}}],"collection":[{"href":"https:\/\/kulttuuriperintostrategia.fi\/en\/wp-json\/wp\/v2\/pages"}],"about":[{"href":"https:\/\/kulttuuriperintostrategia.fi\/en\/wp-json\/wp\/v2\/types\/page"}],"author":[{"embeddable":true,"href":"https:\/\/kulttuuriperintostrategia.fi\/en\/wp-json\/wp\/v2\/users\/1"}],"replies":[{"embeddable":true,"href":"https:\/\/kulttuuriperintostrategia.fi\/en\/wp-json\/wp\/v2\/comments?post=1868"}],"version-history":[{"count":3,"href":"https:\/\/kulttuuriperintostrategia.fi\/en\/wp-json\/wp\/v2\/pages\/1868\/revisions"}],"predecessor-version":[{"id":1983,"href":"https:\/\/kulttuuriperintostrategia.fi\/en\/wp-json\/wp\/v2\/pages\/1868\/revisions\/1983"}],"wp:attachment":[{"href":"https:\/\/kulttuuriperintostrategia.fi\/en\/wp-json\/wp\/v2\/media?parent=1868"}],"wp:term":[{"taxonomy":"category","embeddable":true,"href":"https:\/\/kulttuuriperintostrategia.fi\/en\/wp-json\/wp\/v2\/categories?post=1868"}],"curies":[{"name":"wp","href":"https:\/\/api.w.org\/{rel}","templated":true}]}}