{"id":1859,"date":"2025-07-15T17:34:59","date_gmt":"2025-07-15T14:34:59","guid":{"rendered":"https:\/\/kulttuuriperintostrategia.fi\/browse-measures-and-good-practices\/"},"modified":"2025-10-27T16:41:49","modified_gmt":"2025-10-27T14:41:49","slug":"browse-measures-and-good-practices","status":"publish","type":"page","link":"https:\/\/kulttuuriperintostrategia.fi\/en\/browse-measures-and-good-practices\/","title":{"rendered":"Browse measures"},"content":{"rendered":"\n<p class=\"lead\">On this page, you get to read about the measures and good practices that promote the objectives of the Cultural Heritage Strategy around Finland. <\/p>\n\n<p>You can search for measures and good practices using the search terms, based on the strategy themes and measures or good practice content themes. You can also browse measures and good practices on the map.<\/p>\n\n<div class=\"wp-block-buttons is-layout-flex wp-block-buttons-is-layout-flex\">\n<div class=\"wp-block-button\"><a class=\"wp-block-button__link wp-element-button\" href=\"https:\/\/kulttuuriperintostrategia.fi\/en\/map-search\/\">Map search<\/a><\/div>\n<\/div>\n    <div id=\"filter-form-wrapper\">\n    <form id=\"filter-form\">\n\n    <div class=\"filter-search\">\n      <label for=\"search\">Search<\/label>\n      <input type=\"text\" id=\"search\" name=\"search\" title=\"Search\" aria-label=\"Search\" placeholder=\"Search term\">\n    <\/div>\n\n    <div class=\"filter-lisaa\">\n      <label for=\"toimenpide-vai-hyva-kaytanto\">Measure or Good practice<\/label>\n      <fieldset>\n      <legend style=\"display: none;\">Filters<\/legend>\n      <label><input type=\"checkbox\" name=\"lisaa[]\" value=\"Toimenpide\" id=\"toimenpide-vai-hyva-kaytanto\"> Measure<\/label>\n      <label><input type=\"checkbox\" name=\"lisaa[]\" value=\"Hyvakaytanto\" id=\"toimenpide-vai-hyva-kaytanto\"> Good practice<\/label>\n      <\/fieldset>\n    <\/div>\n\n    <div class=\"filter-kieli\">\n      <label for=\"kieli\">Language<\/label>\n      <fieldset>\n      <legend style=\"display: none;\">Filters<\/legend>\n      <label><input type=\"checkbox\" name=\"kieli[]\" value=\"suomi\" id=\"kieli\"> Finnish<\/label>\n      <label><input type=\"checkbox\" name=\"kieli[]\" value=\"ruotsi\" id=\"kieli\"> Swedish<\/label>\n      <label><input type=\"checkbox\" name=\"kieli[]\" value=\"englanti\" id=\"kieli\"> English<\/label>\n      <\/fieldset>\n    <\/div>\n\n    <div class=\"filter-vaihe\">\n      <label for=\"vaihe\" class=\"vaihe\">Project phase<\/label>\n      <fieldset>\n      <legend style=\"display: none;\">Filters<\/legend>\n      <label><input type=\"checkbox\" name=\"hankkeen_vaihe[]\" value=\"Suunnitteilla\" id=\"vaihe\"> Planned<\/label>\n      <label><input type=\"checkbox\" name=\"hankkeen_vaihe[]\" value=\"Kaynnissa\" id=\"vaihe\"> In Progress<\/label>\n      <label><input type=\"checkbox\" name=\"hankkeen_vaihe[]\" value=\"Valmis\" id=\"vaihe\"> Completed<\/label>\n      <\/fieldset>\n    <\/div>\n\n    <div class=\"filter-teema\">\n      <label for=\"teema\">Strategy theme<\/label>\n      <fieldset>\n      <legend style=\"display: none;\">Filters<\/legend>\n      <label><input type=\"checkbox\" name=\"toteuttaa_strategian_teemaa[]\" value=\"1kulttuuriperintoomanajayhteisena\" id=\"teema\"> 1. Cultural heritage as our own and shared property<\/label>\n      <label><input type=\"checkbox\" name=\"toteuttaa_strategian_teemaa[]\" value=\"2kulttuuriperintoluontojailmastonmuutos\" id=\"teema\"> 2. Cultural heritage, nature and climate change<\/label>\n      <label><input type=\"checkbox\" name=\"toteuttaa_strategian_teemaa[]\" value=\"3kulttuuriperintooppiminenosaaminenjatutkimus\" id=\"teema\"> 3. Cultural heritage, learning, competence and research<\/label>\n      <label><input type=\"checkbox\" name=\"toteuttaa_strategian_teemaa[]\" value=\"4kulttuuriperintojatalouskestavastijaluovasti\" id=\"teema\"> 4. Cultural heritage and the economy \u2013 sustainable and creative<\/label>\n      <\/fieldset>\n    <\/div>\n\n    <div class=\"filter-liittyy\">\n\t<label for=\"liittyy\">Content theme\u202f<\/label>\n      \t<fieldset>\n      <legend style=\"display: none;\">Filters<\/legend>\n    <label><input type=\"checkbox\" id=\"liittyy\" name=\"liittyy[]\" value=\"lapset\"> Lapset<\/label><label><input type=\"checkbox\" id=\"liittyy\" name=\"liittyy[]\" value=\"nuoret\"> Nuoret<\/label><label><input type=\"checkbox\" id=\"liittyy\" name=\"liittyy[]\" value=\"ikaantyneet\"> Ik\u00e4\u00e4ntyneet<\/label><label><input type=\"checkbox\" id=\"liittyy\" name=\"liittyy[]\" value=\"arkistot\"> Arkistot<\/label><label><input type=\"checkbox\" id=\"liittyy\" name=\"liittyy[]\" value=\"kirjastot\"> Kirjastot<\/label><label><input type=\"checkbox\" id=\"liittyy\" name=\"liittyy[]\" value=\"museot\"> Museot<\/label><label><input type=\"checkbox\" id=\"liittyy\" name=\"liittyy[]\" value=\"aineetonkulttuuriperinto\"> Aineeton kulttuuriperint\u00f6<\/label><label><input type=\"checkbox\" id=\"liittyy\" name=\"liittyy[]\" value=\"kulttuuriymparisto\"> Kulttuuriymp\u00e4rist\u00f6<\/label><label><input type=\"checkbox\" id=\"liittyy\" name=\"liittyy[]\" value=\"digitaalisuus\"> Digitaalisuus<\/label><label><input type=\"checkbox\" id=\"liittyy\" name=\"liittyy[]\" value=\"alueellisuus\"> Alueellisuus<\/label><label><input type=\"checkbox\" id=\"liittyy\" name=\"liittyy[]\" value=\"paikallisuus\"> Paikallisuus<\/label><label><input type=\"checkbox\" id=\"liittyy\" name=\"liittyy[]\" value=\"kaupungit\"> Kaupungit<\/label><label><input type=\"checkbox\" id=\"liittyy\" name=\"liittyy[]\" value=\"kansainvalisyys\"> Kansainv\u00e4lisyys<\/label><label><input type=\"checkbox\" id=\"liittyy\" name=\"liittyy[]\" value=\"tietojataidot\"> Tieto ja taidot<\/label><label><input type=\"checkbox\" id=\"liittyy\" name=\"liittyy[]\" value=\"varautuminen\"> Varautuminen<\/label>      <\/fieldset>\n    <\/div>\n\n    <button type=\"submit\" class=\"sr-only\">Filter<\/button>\n    <\/form>\n    <\/div>\n\n    <div id=\"filtered-posts\"><div class=\"post-item lisaa-toimenpide kieli-suomi vaihe-kaynnissa teema-3-kulttuuriperinto-oppiminen-osaaminen-ja-tutkimus liittyy-kulttuuriymparisto\"><h3><a href=\"https:\/\/kulttuuriperintostrategia.fi\/en\/arvottaminen-ja-argumentointi-rakennusperintotyossa-hanke\/\">Arvottaminen ja argumentointi rakennusperint\u00f6ty\u00f6ss\u00e4 -hanke<\/a><\/h3><p>V\u00e4lineit\u00e4 kulttuuriymp\u00e4rist\u00f6ty\u00f6t\u00e4 tekeville lausuntoty\u00f6n ja neuvottelujen tueksi.<\/p><a href=\"https:\/\/kulttuuriperintostrategia.fi\/en\/arvottaminen-ja-argumentointi-rakennusperintotyossa-hanke\/\">View<\/a><\/div><div class=\"post-item lisaa-hyvakaytanto kieli-suomi teema-1-kulttuuriperinto-omana-ja-yhteisena liittyy-lapset liittyy-kulttuuriymparisto\"><h3><a href=\"https:\/\/kulttuuriperintostrategia.fi\/en\/suomenlinnan-lasten-seikkailukierros\/\">Suomenlinnan lasten seikkailukierros<\/a><\/h3><p>Tekemisen ja draaman avulla lapset oppivat kulttuuriperinn\u00f6st\u00e4.<\/p><a href=\"https:\/\/kulttuuriperintostrategia.fi\/en\/suomenlinnan-lasten-seikkailukierros\/\">View<\/a><\/div><div class=\"post-item lisaa-hyvakaytanto kieli-suomi teema-3-kulttuuriperinto-oppiminen-osaaminen-ja-tutkimus liittyy-kulttuuriymparisto\"><h3><a href=\"https:\/\/kulttuuriperintostrategia.fi\/en\/rakennettu-hyvinvointi-verkkosivusto\/\">Rakennettu hyvinvointi -verkkosivusto<\/a><\/h3><p>Tutkittua tietoa rakennetun ymp\u00e4rist\u00f6n muutoksista 1945 \u2013 1990<\/p><a href=\"https:\/\/kulttuuriperintostrategia.fi\/en\/rakennettu-hyvinvointi-verkkosivusto\/\">View<\/a><\/div><div class=\"post-item lisaa-toimenpide kieli-suomi vaihe-valmis teema-1-kulttuuriperinto-omana-ja-yhteisena liittyy-arkistot liittyy-museot liittyy-kulttuuriymparisto liittyy-digitaalisuus liittyy-alueellisuus liittyy-paikallisuus liittyy-tieto-ja-taidot\"><h3><a href=\"https:\/\/kulttuuriperintostrategia.fi\/en\/historia-elavaksi\/\">Lampisaaren kaivoskyl\u00e4n historia el\u00e4v\u00e4ksi<\/a><\/h3><p>Hankkeessa valmistellaan kaivoshistorian tallentamista tuleville sukupolville.<\/p><a href=\"https:\/\/kulttuuriperintostrategia.fi\/en\/historia-elavaksi\/\">View<\/a><\/div><div class=\"post-item lisaa-toimenpide kieli-suomi vaihe-valmis teema-2-kulttuuriperinto-luonto-ja-ilmastonmuutos liittyy-kulttuuriymparisto liittyy-paikallisuus\"><h3><a href=\"https:\/\/kulttuuriperintostrategia.fi\/en\/kotiseututalon-paastoton-energiaratkaisu\/\">Kotiseututalon p\u00e4\u00e4st\u00f6t\u00f6n energiaratkaisu<\/a><\/h3><p>Kotiseututalon l\u00e4mmitysmuoto vaihdetaan \u00f6ljyst\u00e4 maal\u00e4mp\u00f6\u00f6n.<\/p><a href=\"https:\/\/kulttuuriperintostrategia.fi\/en\/kotiseututalon-paastoton-energiaratkaisu\/\">View<\/a><\/div><div class=\"post-item lisaa-toimenpide kieli-suomi vaihe-kaynnissa teema-2-kulttuuriperinto-luonto-ja-ilmastonmuutos liittyy-aineeton-kulttuuriperinto liittyy-kulttuuriymparisto liittyy-alueellisuus liittyy-paikallisuus liittyy-kaupungit liittyy-tieto-ja-taidot\"><h3><a href=\"https:\/\/kulttuuriperintostrategia.fi\/en\/mustan-sauna\/\">Raahen Mustan yleinen sauna<\/a><\/h3><p>Raahen Mustaan rakennetaan korkeatasoinen yleinen sauna.<\/p><a href=\"https:\/\/kulttuuriperintostrategia.fi\/en\/mustan-sauna\/\">View<\/a><\/div><div class=\"post-item lisaa-hyvakaytanto kieli-suomi teema-1-kulttuuriperinto-omana-ja-yhteisena liittyy-kirjastot liittyy-aineeton-kulttuuriperinto liittyy-kansainvalisyys liittyy-tieto-ja-taidot\"><h3><a href=\"https:\/\/kulttuuriperintostrategia.fi\/en\/sksn-kirjaston-kulttuurien-tutkimuksen-ja-suomalaisen-kirjallisuuden-tutkimuksen-kokoelmat\/\">SKS:n kirjaston kulttuurien tutkimuksen ja suomalaisen kirjallisuuden tutkimuksen kokoelmat<\/a><\/h3><p>Suomalaisen Kirjallisuuden Seuran kirjasto s\u00e4ilytt\u00e4\u00e4 kulttuuriperint\u00f6mme painetut aineistot kaikkien k\u00e4ytett\u00e4v\u00e4n\u00e4 nyt ja tulevaisuudessa.<\/p><a href=\"https:\/\/kulttuuriperintostrategia.fi\/en\/sksn-kirjaston-kulttuurien-tutkimuksen-ja-suomalaisen-kirjallisuuden-tutkimuksen-kokoelmat\/\">View<\/a><\/div><div class=\"post-item lisaa-hyvakaytanto kieli-suomi teema-3-kulttuuriperinto-oppiminen-osaaminen-ja-tutkimus liittyy-kirjastot liittyy-aineeton-kulttuuriperinto liittyy-digitaalisuus liittyy-kansainvalisyys liittyy-tieto-ja-taidot\"><h3><a href=\"https:\/\/kulttuuriperintostrategia.fi\/en\/sksn-kirjaston-monitieteisen-kulttuuriperinnon-tutkimuksen-metatietotyo\/\">SKS:n kirjaston monitieteisen kulttuuriperinn\u00f6n tutkimuksen metatietoty\u00f6<\/a><\/h3><p>Suomalaisen Kirjallisuuden Seuran kirjaston tuottama metatieto tukee suomalaisen monitieteisen kulttuuriperinn\u00f6n tutkimuksen n\u00e4kyvyytt\u00e4 kansallisesti ja kansainv\u00e4lisesti.<\/p><a href=\"https:\/\/kulttuuriperintostrategia.fi\/en\/sksn-kirjaston-monitieteisen-kulttuuriperinnon-tutkimuksen-metatietotyo\/\">View<\/a><\/div><div class=\"post-item lisaa-hyvakaytanto kieli-suomi teema-3-kulttuuriperinto-oppiminen-osaaminen-ja-tutkimus liittyy-museot\"><h3><a href=\"https:\/\/kulttuuriperintostrategia.fi\/en\/museoiden-itsearviointi-ja-vertaiskehittaminen-vaikuttavan-museotyon-kehittamistyokaluina\/\">Museoiden itsearviointi ja vertaiskehitt\u00e4minen vaikuttavan museoty\u00f6n kehitt\u00e4misty\u00f6kaluina<\/a><\/h3><p>Museoiden itsearviointimalli ja vertaiskehitt\u00e4misen foorumi tarjoavat museoille ty\u00f6kaluja oman toiminnan kehitt\u00e4miseen vaikuttavuuden vahvistamiseksi<\/p><a href=\"https:\/\/kulttuuriperintostrategia.fi\/en\/museoiden-itsearviointi-ja-vertaiskehittaminen-vaikuttavan-museotyon-kehittamistyokaluina\/\">View<\/a><\/div><div class=\"post-item lisaa-hyvakaytanto kieli-suomi teema-1-kulttuuriperinto-omana-ja-yhteisena liittyy-aineeton-kulttuuriperinto liittyy-digitaalisuus liittyy-alueellisuus liittyy-paikallisuus liittyy-tieto-ja-taidot\"><h3><a href=\"https:\/\/kulttuuriperintostrategia.fi\/en\/elavan-perinnon-wikiluettelo\/\">El\u00e4v\u00e4n perinn\u00f6n wikiluettelo<\/a><\/h3><p>El\u00e4v\u00e4n perinn\u00f6n wikiluettelon avulla tehd\u00e4\u00e4n n\u00e4kyv\u00e4ksi Suomessa olevaa aineetonta kulttuuriperint\u00f6\u00e4 - mukana on jo 270 artikkelia 440 toimijataholta.<\/p><a href=\"https:\/\/kulttuuriperintostrategia.fi\/en\/elavan-perinnon-wikiluettelo\/\">View<\/a><\/div><div class=\"post-item lisaa-hyvakaytanto kieli-suomi teema-2-kulttuuriperinto-luonto-ja-ilmastonmuutos liittyy-kulttuuriymparisto liittyy-tieto-ja-taidot\"><h3><a href=\"https:\/\/kulttuuriperintostrategia.fi\/en\/valtio-restauroi\/\">Valtio restauroi -seminaari<\/a><\/h3><p>Valtio restauroi -seminaari esittelee valtion restaurointitoiminnan hyvi\u00e4 k\u00e4yt\u00e4nt\u00f6j\u00e4 ja esimerkkej\u00e4.<\/p><a href=\"https:\/\/kulttuuriperintostrategia.fi\/en\/valtio-restauroi\/\">View<\/a><\/div><div class=\"post-item lisaa-hyvakaytanto kieli-suomi teema-3-kulttuuriperinto-oppiminen-osaaminen-ja-tutkimus liittyy-arkistot liittyy-tieto-ja-taidot\"><h3><a href=\"https:\/\/kulttuuriperintostrategia.fi\/en\/sks-ja-arkistopedagogia\/\">SKS ja arkistopedagogia<\/a><\/h3><p>Suomalaisen Kirjallisuuden Seuran arkisto j\u00e4rjest\u00e4\u00e4 sis\u00e4ist\u00e4 koulutusta ja jakaa hiljaista tietoa ja kehitt\u00e4\u00e4 ammatillista osaamistaan ulkopuolisen asiantuntijan tuella.<\/p><a href=\"https:\/\/kulttuuriperintostrategia.fi\/en\/sks-ja-arkistopedagogia\/\">View<\/a><\/div><div class=\"post-item lisaa-hyvakaytanto kieli-suomi teema-3-kulttuuriperinto-oppiminen-osaaminen-ja-tutkimus liittyy-arkistot liittyy-digitaalisuus liittyy-tieto-ja-taidot liittyy-varautuminen\"><h3><a href=\"https:\/\/kulttuuriperintostrategia.fi\/en\/sksn-arkiston-tunnisteelliset-aineistot\/\">SKS:n arkiston tunnisteelliset aineistot<\/a><\/h3><p>Suomalaisen Kirjallisuuden Seuran arkisto s\u00e4ilytt\u00e4\u00e4 suomalaisia kulttuuriperint\u00f6aineistoja kaikkine tunnistetietoineen tutkimuksen ja yhteisen tiedon hyv\u00e4ksi.<\/p><a href=\"https:\/\/kulttuuriperintostrategia.fi\/en\/sksn-arkiston-tunnisteelliset-aineistot\/\">View<\/a><\/div><div class=\"post-item lisaa-hyvakaytanto kieli-suomi teema-1-kulttuuriperinto-omana-ja-yhteisena liittyy-nuoret liittyy-ikaantyneet liittyy-arkistot liittyy-aineeton-kulttuuriperinto liittyy-alueellisuus liittyy-paikallisuus liittyy-kaupungit liittyy-tieto-ja-taidot\"><h3><a href=\"https:\/\/kulttuuriperintostrategia.fi\/en\/sksn-keruiden-vastaajaverkosto\/\">SKS:n keruiden vastaajaverkosto<\/a><\/h3><p>Suomalaisen Kirjallisuuden Seuran muistitietokeruisiin vakituisesti vastaavien henkil\u00f6iden yhteis\u00f6<\/p><a href=\"https:\/\/kulttuuriperintostrategia.fi\/en\/sksn-keruiden-vastaajaverkosto\/\">View<\/a><\/div><div class=\"post-item lisaa-hyvakaytanto kieli-suomi teema-1-kulttuuriperinto-omana-ja-yhteisena liittyy-ikaantyneet liittyy-arkistot liittyy-aineeton-kulttuuriperinto liittyy-alueellisuus liittyy-paikallisuus liittyy-tieto-ja-taidot\"><h3><a href=\"https:\/\/kulttuuriperintostrategia.fi\/en\/sksn-muistitietokeruut\/\">SKS:n muistitietokeruut<\/a><\/h3><p>SKS:n muistitietokeruut ovat kaikille avoimia kirjoituskilpailuja, joilla tallennetaan omakohtaisia kokemuksia, muistoja ja arkiel\u00e4m\u00e4\u00e4 osaksi kansallista kulttuuriperint\u00f6\u00e4.<\/p><a href=\"https:\/\/kulttuuriperintostrategia.fi\/en\/sksn-muistitietokeruut\/\">View<\/a><\/div><div class=\"post-item lisaa-hyvakaytanto kieli-suomi teema-2-kulttuuriperinto-luonto-ja-ilmastonmuutos liittyy-kulttuuriymparisto\"><h3><a href=\"https:\/\/kulttuuriperintostrategia.fi\/en\/maisemapaivan-vietto\/\">Maisemap\u00e4iv\u00e4n vietto<\/a><\/h3><p>Maisemap\u00e4iv\u00e4 kutsuu kaikkia keskustelemaan ja nauttimaan monimuotoisista maisemistamme.<\/p><a href=\"https:\/\/kulttuuriperintostrategia.fi\/en\/maisemapaivan-vietto\/\">View<\/a><\/div><div class=\"post-item lisaa-toimenpide kieli-suomi vaihe-kaynnissa teema-3-kulttuuriperinto-oppiminen-osaaminen-ja-tutkimus liittyy-kulttuuriymparisto liittyy-digitaalisuus liittyy-tieto-ja-taidot\"><h3><a href=\"https:\/\/kulttuuriperintostrategia.fi\/en\/kulttuuriympariston-tiedonhallinnan-kehittaminen\/\">Kulttuuriymp\u00e4rist\u00f6n tiedonhallinnan kehitt\u00e4minen<\/a><\/h3><p>Kulttuuriymp\u00e4rist\u00f6n tiedonhallinnan kehitt\u00e4minen t\u00e4ht\u00e4\u00e4 ajantasaiseen, kattavaan ja saavutettavaan tietoon.<\/p><a href=\"https:\/\/kulttuuriperintostrategia.fi\/en\/kulttuuriympariston-tiedonhallinnan-kehittaminen\/\">View<\/a><\/div><div class=\"post-item lisaa-toimenpide kieli-suomi vaihe-valmis teema-2-kulttuuriperinto-luonto-ja-ilmastonmuutos liittyy-kulttuuriymparisto liittyy-alueellisuus liittyy-paikallisuus liittyy-kaupungit liittyy-tieto-ja-taidot\"><h3><a href=\"https:\/\/kulttuuriperintostrategia.fi\/en\/hankekokonaisuus-modernin-rakennuskannan-kestavasta-kehittamisesta\/\">Hankekokonaisuus modernin rakennuskannan kest\u00e4v\u00e4st\u00e4 kehitt\u00e4misest\u00e4<\/a><\/h3><p>Selvitykset ovat tuottaneet tietoa rakennuskannan erilaisten kehitt\u00e4misvaihtoehtojen vaikutuksista, ja mik\u00e4 tyypillisesti on esteen\u00e4 rakennusten s\u00e4ilytt\u00e4ville vaihtoehdoille.<\/p><a href=\"https:\/\/kulttuuriperintostrategia.fi\/en\/hankekokonaisuus-modernin-rakennuskannan-kestavasta-kehittamisesta\/\">View<\/a><\/div><\/div>\n\n    <div id=\"load-more-wrap\" style=\"margin-top:1rem;\">\n        <button id=\"load-more\" data-next=\"2\">Show more<\/button>    <\/div>\n    \n\n<div class=\"gb-accordion\"><\/div>\n","protected":false},"excerpt":{"rendered":"<p>On this page, you get to read about the measures and good practices that promote the objectives of the Cultural Heritage Strategy around Finland. You can search for measures and good practices using the search terms, based on the strategy themes and measures or good practice content themes. You can also browse measures and good &#8230; <a title=\"Hankekokonaisuus modernin rakennuskannan kest\u00e4v\u00e4st\u00e4 kehitt\u00e4misest\u00e4\" class=\"read-more\" href=\"https:\/\/kulttuuriperintostrategia.fi\/en\/hankekokonaisuus-modernin-rakennuskannan-kestavasta-kehittamisesta\/\" aria-label=\"Read more about Hankekokonaisuus modernin rakennuskannan kest\u00e4v\u00e4st\u00e4 kehitt\u00e4misest\u00e4\">Read more<\/a><\/p>\n","protected":false},"author":1,"featured_media":0,"parent":0,"menu_order":0,"comment_status":"closed","ping_status":"closed","template":"","meta":{"_acf_changed":false,"footnotes":""},"categories":[],"class_list":["post-1859","page","type-page","status-publish","hentry","masonry-post","generate-columns","tablet-grid-50","mobile-grid-100","grid-parent","grid-33"],"acf":[],"_links":{"self":[{"href":"https:\/\/kulttuuriperintostrategia.fi\/en\/wp-json\/wp\/v2\/pages\/1859","targetHints":{"allow":["GET"]}}],"collection":[{"href":"https:\/\/kulttuuriperintostrategia.fi\/en\/wp-json\/wp\/v2\/pages"}],"about":[{"href":"https:\/\/kulttuuriperintostrategia.fi\/en\/wp-json\/wp\/v2\/types\/page"}],"author":[{"embeddable":true,"href":"https:\/\/kulttuuriperintostrategia.fi\/en\/wp-json\/wp\/v2\/users\/1"}],"replies":[{"embeddable":true,"href":"https:\/\/kulttuuriperintostrategia.fi\/en\/wp-json\/wp\/v2\/comments?post=1859"}],"version-history":[{"count":5,"href":"https:\/\/kulttuuriperintostrategia.fi\/en\/wp-json\/wp\/v2\/pages\/1859\/revisions"}],"predecessor-version":[{"id":2150,"href":"https:\/\/kulttuuriperintostrategia.fi\/en\/wp-json\/wp\/v2\/pages\/1859\/revisions\/2150"}],"wp:attachment":[{"href":"https:\/\/kulttuuriperintostrategia.fi\/en\/wp-json\/wp\/v2\/media?parent=1859"}],"wp:term":[{"taxonomy":"category","embeddable":true,"href":"https:\/\/kulttuuriperintostrategia.fi\/en\/wp-json\/wp\/v2\/categories?post=1859"}],"curies":[{"name":"wp","href":"https:\/\/api.w.org\/{rel}","templated":true}]}}