{"id":1853,"date":"2025-06-16T12:28:23","date_gmt":"2025-06-16T09:28:23","guid":{"rendered":"https:\/\/kulttuuriperintostrategia.fi\/front-page\/"},"modified":"2025-11-14T14:23:28","modified_gmt":"2025-11-14T12:23:28","slug":"front-page","status":"publish","type":"page","link":"https:\/\/kulttuuriperintostrategia.fi\/en\/","title":{"rendered":"Front page"},"content":{"rendered":"\n<div class=\"fpkuvat\">\n<div class=\"gb-element-53f6bb59\">\n<div>\n<figure>\n<img loading=\"lazy\" decoding=\"async\" width=\"800\" height=\"600\" class=\"gb-media-aaa39ed7\" title=\"kps01\" src=\"https:\/\/kulttuuriperintostrategia.fi\/wp-content\/uploads\/2025\/06\/kps01.jpg\" alt=\"\" srcset=\"https:\/\/kulttuuriperintostrategia.fi\/wp-content\/uploads\/2025\/06\/kps01.jpg 800w, https:\/\/kulttuuriperintostrategia.fi\/wp-content\/uploads\/2025\/06\/kps01-300x225.jpg 300w, https:\/\/kulttuuriperintostrategia.fi\/wp-content\/uploads\/2025\/06\/kps01-768x576.jpg 768w\" sizes=\"auto, (max-width: 800px) 100vw, 800px\" \/>\n\n\n\n<figcaption class=\"gb-text\">Photo: Emilia Anundi \/ Ministry of Education and Culture<\/figcaption>\n<\/figure>\n<\/div>\n\n\n\n<div>\n<figure>\n<img loading=\"lazy\" decoding=\"async\" width=\"800\" height=\"600\" class=\"gb-media-e0c8d1a9\" title=\"kps02\" src=\"https:\/\/kulttuuriperintostrategia.fi\/wp-content\/uploads\/2025\/06\/kps02.jpg\" alt=\"\" srcset=\"https:\/\/kulttuuriperintostrategia.fi\/wp-content\/uploads\/2025\/06\/kps02.jpg 800w, https:\/\/kulttuuriperintostrategia.fi\/wp-content\/uploads\/2025\/06\/kps02-300x225.jpg 300w, https:\/\/kulttuuriperintostrategia.fi\/wp-content\/uploads\/2025\/06\/kps02-768x576.jpg 768w\" sizes=\"auto, (max-width: 800px) 100vw, 800px\" \/>\n\n\n\n<figcaption class=\"gb-text\">Photo: Helene Schjerfbeck, Girls Reading. Hannu Aaltonen \/ Finnish National Gallery<\/figcaption>\n<\/figure>\n<\/div>\n\n\n\n<div>\n<figure>\n<figure class=\"wp-block-image size-full\"><img loading=\"lazy\" decoding=\"async\" width=\"800\" height=\"600\" src=\"https:\/\/kulttuuriperintostrategia.fi\/wp-content\/uploads\/2025\/11\/suvilahti_skeittarit_rautjoki-laura.jpg\" alt=\"Kannen kuvakollaasi kuvaa kulttuuriperinn&#xF6;n monimuotoisuutta ja el&#xE4;mist&#xE4; arjessa. Kulttuuriperint&#xF6;&#xE4; on muun muassa piparien leivonta, skeittaus, soittaminen ja k&#xE4;sity&#xF6;t.\" class=\"wp-image-2212\" srcset=\"https:\/\/kulttuuriperintostrategia.fi\/wp-content\/uploads\/2025\/11\/suvilahti_skeittarit_rautjoki-laura.jpg 800w, https:\/\/kulttuuriperintostrategia.fi\/wp-content\/uploads\/2025\/11\/suvilahti_skeittarit_rautjoki-laura-300x225.jpg 300w, https:\/\/kulttuuriperintostrategia.fi\/wp-content\/uploads\/2025\/11\/suvilahti_skeittarit_rautjoki-laura-768x576.jpg 768w\" sizes=\"auto, (max-width: 800px) 100vw, 800px\" \/><\/figure>\n\n\n\n<figcaption class=\"gb-text\">Photo: Laura Rautjoki \/ Ministry of the Environment, image bank<\/figcaption>\n<\/figure>\n<\/div>\n<\/div>\n<\/div>\n\n<div class=\"gb-element-e12bf529\">\n<h1 class=\"gb-text gb-text-d5353b2f\">Get involved in implementing the Cultural Heritage Strategy!<\/h1><br>\n\n\n\n<p>This website brings together the work to implement the Cultural Heritage Strategy around Finland. Learn about the outlined measures and themes of the Cultural Heritage Strategy, get inspired by the presented measures and submit your own measures. In addition to measures, you can also submit good practices.<\/p>\n\n\n\n<p>By participating, you contribute to promoting the vision and objectives of the Cultural Heritage Strategy: cultural heritage serves as a bridge between people and offers solutions for building a sustainable future.<\/p>\n<\/div>\n\n<div class=\"gb-element-42285e1a\">\n<div class=\"gb-element-1b781382\">\n<p>Click the Browse measures link to read about the measures and good practices around Finland that have been submitted to the website.\u202f\u202f <\/p>\n\n\n\n<div class=\"wp-block-buttons is-layout-flex wp-block-buttons-is-layout-flex\">\n<div class=\"wp-block-button\"><a class=\"wp-block-button__link wp-element-button\" href=\"https:\/\/kulttuuriperintostrategia.fi\/en\/browse-measures-and-good-practices\/\">Browse measures<\/a><\/div>\n<\/div>\n<\/div>\n\n\n\n<div class=\"gb-element-2c512b0d\">\n<p>Click the Submit measure link to add measures or good practices that contribute to promoting the objectives of the Cultural Heritage Strategy.\u202f\u202f <\/p>\n\n\n\n<div class=\"wp-block-buttons is-layout-flex wp-block-buttons-is-layout-flex\">\n<div class=\"wp-block-button\"><a class=\"wp-block-button__link wp-element-button\" href=\"https:\/\/kulttuuriperintostrategia.fi\/en\/submit\/\">Submit measure <\/a><\/div>\n<\/div>\n<\/div>\n<\/div>\n\n<h2 class=\"gb-text gb-text-48c35d5d\">Themes of the Cultural Heritage Strategy<\/h2>\n\n<div>\n<div class=\"gb-element-53f1901b teemawrapper\">\n<div class=\"gb-element-47f50abd kuva\">\n<div class=\"kuvateksti\">\n<p>Photo: Emilia Anundi \/ Ministry of Education and Culture<\/p>\n<\/div>\n<\/div>\n\n\n\n<div>\n<div class=\"gb-element-1dd9e788 teemaelementwrap\">\n<h2>1. Cultural heritage as our own and shared property<\/h2>\n\n\n\n<p>The focus areas of the theme are participation, consideration of diversity, and the significance of cultural heritage as a societal resource that supports wellbeing.<\/p>\n\n\n\n<div class=\"wp-block-buttons is-layout-flex wp-block-buttons-is-layout-flex\">\n<div class=\"wp-block-button\"><a class=\"wp-block-button__link wp-element-button\" href=\"https:\/\/kulttuuriperintostrategia.fi\/en\/cultural-heritage-as-our-own-and-shared-property\/\">Read more<\/a><\/div>\n<\/div>\n<\/div>\n<\/div>\n<\/div>\n<\/div>\n\n<aside id=\"block-12\" class=\"widget inner-padding widget_block\"><fieldset class=\"title\"><legend>Three latest additions<\/legend><\/fieldset><\/aside>\r\n<div id=\"latest-posts\"><div class=\"post-item lisaa-hyvakaytanto teema-1-kulttuuriperinto-omana-ja-yhteisena liittyy-lapset liittyy-kulttuuriymparisto\"><h3><a href=\"https:\/\/kulttuuriperintostrategia.fi\/en\/suomenlinnan-lasten-seikkailukierros\/\">Suomenlinnan lasten seikkailukierros<\/a><\/h3><p>Tekemisen ja draaman avulla lapset oppivat kulttuuriperinn\u00f6st\u00e4.<\/p><a href=\"https:\/\/kulttuuriperintostrategia.fi\/en\/suomenlinnan-lasten-seikkailukierros\/\">View<\/a><\/div><div class=\"post-item lisaa-toimenpide vaihe-valmis teema-1-kulttuuriperinto-omana-ja-yhteisena liittyy-arkistot liittyy-museot liittyy-kulttuuriymparisto liittyy-digitaalisuus liittyy-alueellisuus liittyy-paikallisuus liittyy-tieto-ja-taidot\"><h3><a href=\"https:\/\/kulttuuriperintostrategia.fi\/en\/historia-elavaksi\/\">Lampisaaren kaivoskyl\u00e4n historia el\u00e4v\u00e4ksi<\/a><\/h3><p>Hankkeessa valmistellaan kaivoshistorian tallentamista tuleville sukupolville.<\/p><a href=\"https:\/\/kulttuuriperintostrategia.fi\/en\/historia-elavaksi\/\">View<\/a><\/div><div class=\"post-item lisaa-hyvakaytanto teema-1-kulttuuriperinto-omana-ja-yhteisena liittyy-kirjastot liittyy-aineeton-kulttuuriperinto liittyy-kansainvalisyys liittyy-tieto-ja-taidot\"><h3><a href=\"https:\/\/kulttuuriperintostrategia.fi\/en\/sksn-kirjaston-kulttuurien-tutkimuksen-ja-suomalaisen-kirjallisuuden-tutkimuksen-kokoelmat\/\">SKS:n kirjaston kulttuurien tutkimuksen ja suomalaisen kirjallisuuden tutkimuksen kokoelmat<\/a><\/h3><p>Suomalaisen Kirjallisuuden Seuran kirjasto s\u00e4ilytt\u00e4\u00e4 kulttuuriperint\u00f6mme painetut aineistot kaikkien k\u00e4ytett\u00e4v\u00e4n\u00e4 nyt ja tulevaisuudessa.<\/p><a href=\"https:\/\/kulttuuriperintostrategia.fi\/en\/sksn-kirjaston-kulttuurien-tutkimuksen-ja-suomalaisen-kirjallisuuden-tutkimuksen-kokoelmat\/\">View<\/a><\/div><\/div>\n\n<div style=\"height:50px\" aria-hidden=\"true\" class=\"wp-block-spacer\"><\/div>\n\n<div>\n<div class=\"gb-element-92c9758f teemawrapper\">\n<div class=\"gb-element-4d5c9cda kuva\">\n<div class=\"kuvateksti\">\n<p>Photo: Jaska Poikonen \/ Finnish Heritage Agency<\/p>\n<\/div>\n<\/div>\n\n\n\n<div>\n<div class=\"gb-element-4e5b4cf3 teemaelementwrap\">\n<h3 class=\"gb-text fpteema\">2. Cultural heritage, nature and climate change<\/h3>\n\n\n\n<p>The five objectives of the theme deal with cultural heritage as part of ecological sustainability.<\/p>\n\n\n\n<div class=\"wp-block-buttons is-layout-flex wp-block-buttons-is-layout-flex\">\n<div class=\"wp-block-button\"><a class=\"wp-block-button__link wp-element-button\" href=\"https:\/\/kulttuuriperintostrategia.fi\/en\/cultural-heritage-nature-and-climate-change\/\">Read more<\/a><\/div>\n<\/div>\n<\/div>\n<\/div>\n<\/div>\n<\/div>\n\n<aside id=\"block-12\" class=\"widget inner-padding widget_block\"><fieldset class=\"title\"><legend>Three latest additions<\/legend><\/fieldset><\/aside>\r\n<div id=\"latest-posts\"><div class=\"post-item lisaa-toimenpide vaihe-valmis teema-2-kulttuuriperinto-luonto-ja-ilmastonmuutos liittyy-kulttuuriymparisto liittyy-paikallisuus\"><h3><a href=\"https:\/\/kulttuuriperintostrategia.fi\/en\/kotiseututalon-paastoton-energiaratkaisu\/\">Kotiseututalon p\u00e4\u00e4st\u00f6t\u00f6n energiaratkaisu<\/a><\/h3><p>Kotiseututalon l\u00e4mmitysmuoto vaihdetaan \u00f6ljyst\u00e4 maal\u00e4mp\u00f6\u00f6n.<\/p><a href=\"https:\/\/kulttuuriperintostrategia.fi\/en\/kotiseututalon-paastoton-energiaratkaisu\/\">View<\/a><\/div><div class=\"post-item lisaa-toimenpide vaihe-kaynnissa teema-2-kulttuuriperinto-luonto-ja-ilmastonmuutos liittyy-aineeton-kulttuuriperinto liittyy-kulttuuriymparisto liittyy-alueellisuus liittyy-paikallisuus liittyy-kaupungit liittyy-tieto-ja-taidot\"><h3><a href=\"https:\/\/kulttuuriperintostrategia.fi\/en\/mustan-sauna\/\">Raahen Mustan yleinen sauna<\/a><\/h3><p>Raahen Mustaan rakennetaan korkeatasoinen yleinen sauna.<\/p><a href=\"https:\/\/kulttuuriperintostrategia.fi\/en\/mustan-sauna\/\">View<\/a><\/div><div class=\"post-item lisaa-hyvakaytanto teema-2-kulttuuriperinto-luonto-ja-ilmastonmuutos liittyy-kulttuuriymparisto liittyy-tieto-ja-taidot\"><h3><a href=\"https:\/\/kulttuuriperintostrategia.fi\/en\/valtio-restauroi\/\">Valtio restauroi -seminaari<\/a><\/h3><p>Valtio restauroi -seminaari esittelee valtion restaurointitoiminnan hyvi\u00e4 k\u00e4yt\u00e4nt\u00f6j\u00e4 ja esimerkkej\u00e4.<\/p><a href=\"https:\/\/kulttuuriperintostrategia.fi\/en\/valtio-restauroi\/\">View<\/a><\/div><\/div>\n\n<div style=\"height:50px\" aria-hidden=\"true\" class=\"wp-block-spacer\"><\/div>\n\n<div>\n<div class=\"gb-element-284d0e15 teemawrapper\">\n<div class=\"gb-element-279c9b82 kuva\">\n<div class=\"kuvateksti\">\n<p>Photo: Ilari J\u00e4rvinen \/ Finnish Heritage Agency<\/p>\n<\/div>\n<\/div>\n\n\n\n<div>\n<div class=\"gb-element-701087e5 teemaelementwrap\">\n<h2 class=\"gb-text gb-text-65638776\">3. Cultural heritage, learning, competence and research<\/h2>\n\n\n\n<p class=\"has-contrast-color has-text-color has-link-color wp-elements-df621b71dc22c24897eafb45944eb305\">The focus areas of the theme are education, competence development, research and knowledge on cultural heritage.<\/p>\n\n\n\n<div class=\"wp-block-buttons is-layout-flex wp-block-buttons-is-layout-flex\">\n<div class=\"wp-block-button\"><a class=\"wp-block-button__link wp-element-button\" href=\"https:\/\/kulttuuriperintostrategia.fi\/en\/cultural-heritage-learning-skills-and-research\/\">Read more<\/a><\/div>\n<\/div>\n<\/div>\n<\/div>\n<\/div>\n<\/div>\n\n<aside id=\"block-12\" class=\"widget inner-padding widget_block\"><fieldset class=\"title\"><legend>Three latest additions<\/legend><\/fieldset><\/aside>\r\n<div id=\"latest-posts\"><div class=\"post-item lisaa-toimenpide vaihe-kaynnissa teema-3-kulttuuriperinto-oppiminen-osaaminen-ja-tutkimus liittyy-kulttuuriymparisto\"><h3><a href=\"https:\/\/kulttuuriperintostrategia.fi\/en\/arvottaminen-ja-argumentointi-rakennusperintotyossa-hanke\/\">Arvottaminen ja argumentointi rakennusperint\u00f6ty\u00f6ss\u00e4 -hanke<\/a><\/h3><p>V\u00e4lineit\u00e4 kulttuuriymp\u00e4rist\u00f6ty\u00f6t\u00e4 tekeville lausuntoty\u00f6n ja neuvottelujen tueksi.<\/p><a href=\"https:\/\/kulttuuriperintostrategia.fi\/en\/arvottaminen-ja-argumentointi-rakennusperintotyossa-hanke\/\">View<\/a><\/div><div class=\"post-item lisaa-hyvakaytanto teema-3-kulttuuriperinto-oppiminen-osaaminen-ja-tutkimus liittyy-kulttuuriymparisto\"><h3><a href=\"https:\/\/kulttuuriperintostrategia.fi\/en\/rakennettu-hyvinvointi-verkkosivusto\/\">Rakennettu hyvinvointi -verkkosivusto<\/a><\/h3><p>Tutkittua tietoa rakennetun ymp\u00e4rist\u00f6n muutoksista 1945 \u2013 1990<\/p><a href=\"https:\/\/kulttuuriperintostrategia.fi\/en\/rakennettu-hyvinvointi-verkkosivusto\/\">View<\/a><\/div><div class=\"post-item lisaa-hyvakaytanto teema-3-kulttuuriperinto-oppiminen-osaaminen-ja-tutkimus liittyy-kirjastot liittyy-aineeton-kulttuuriperinto liittyy-digitaalisuus liittyy-kansainvalisyys liittyy-tieto-ja-taidot\"><h3><a href=\"https:\/\/kulttuuriperintostrategia.fi\/en\/sksn-kirjaston-monitieteisen-kulttuuriperinnon-tutkimuksen-metatietotyo\/\">SKS:n kirjaston monitieteisen kulttuuriperinn\u00f6n tutkimuksen metatietoty\u00f6<\/a><\/h3><p>Suomalaisen Kirjallisuuden Seuran kirjaston tuottama metatieto tukee suomalaisen monitieteisen kulttuuriperinn\u00f6n tutkimuksen n\u00e4kyvyytt\u00e4 kansallisesti ja kansainv\u00e4lisesti.<\/p><a href=\"https:\/\/kulttuuriperintostrategia.fi\/en\/sksn-kirjaston-monitieteisen-kulttuuriperinnon-tutkimuksen-metatietotyo\/\">View<\/a><\/div><\/div>\n\n<div style=\"height:50px\" aria-hidden=\"true\" class=\"wp-block-spacer\"><\/div>\n\n<div>\n<div class=\"gb-element-d773f39f teemawrapper\">\n<div class=\"gb-element-73c37289 kuva\">\n<div class=\"kuvateksti\">\n<p>Photo: The S\u00e1mi Museum Siida<\/p>\n<\/div>\n<\/div>\n\n\n\n<div>\n<div class=\"gb-element-0dfa739b teemaelementwrap\">\n<h2>4. Cultural heritage and the economy \u2013 sustainable and creative<\/h2>\n\n\n\n<p class=\"has-contrast-color has-text-color has-link-color wp-elements-f738a3c06de1e32f841e88e9dcdc74b4\">The four objectives of the theme deal with cultural heritage as joint capital, sustainable funding, a resource in the economy and business activities, and respecting its intrinsic value as part of economic activities.<\/p>\n\n\n\n<div class=\"wp-block-buttons is-layout-flex wp-block-buttons-is-layout-flex\">\n<div class=\"wp-block-button\"><a class=\"wp-block-button__link wp-element-button\" href=\"https:\/\/kulttuuriperintostrategia.fi\/en\/cultural-heritage-and-economy-sustainably-and-creatively\/\">Read more<\/a><\/div>\n<\/div>\n<\/div>\n<\/div>\n<\/div>\n<\/div>\n\n<aside id=\"block-12\" class=\"widget inner-padding widget_block\"><fieldset class=\"title\"><legend>Three latest additions<\/legend><\/fieldset><\/aside>\r\n<div id=\"latest-posts\"><div class=\"post-item lisaa-toimenpide vaihe-kaynnissa teema-4-kulttuuriperinto-ja-talous-kestavasti-ja-luovasti liittyy-aineeton-kulttuuriperinto liittyy-kulttuuriymparisto liittyy-digitaalisuus liittyy-alueellisuus liittyy-paikallisuus liittyy-tieto-ja-taidot\"><h3><a href=\"https:\/\/kulttuuriperintostrategia.fi\/en\/luontokohteiden-kulttuuriperinnosta-vetovoimaa-rajaseudun-matkailuun-hanke\/\">Luontokohteiden kulttuuriperinn\u00f6st\u00e4 vetovoimaa rajaseudun matkailuun -hanke<\/a><\/h3><p>Luontokohteiden kulttuuriperinn\u00f6st\u00e4 vetovoimaa rajaseudun matkailuun -hanke kokoaa etel\u00e4karjalaista luonnon kulttuuriperint\u00f6tietoa hy\u00f6dynnett\u00e4v\u00e4ksi matkailualalla<\/p><a href=\"https:\/\/kulttuuriperintostrategia.fi\/en\/luontokohteiden-kulttuuriperinnosta-vetovoimaa-rajaseudun-matkailuun-hanke\/\">View<\/a><\/div><div class=\"post-item lisaa-toimenpide vaihe-kaynnissa teema-4-kulttuuriperinto-ja-talous-kestavasti-ja-luovasti liittyy-museot liittyy-aineeton-kulttuuriperinto liittyy-kulttuuriymparisto liittyy-alueellisuus liittyy-paikallisuus liittyy-kaupungit liittyy-tieto-ja-taidot\"><h3><a href=\"https:\/\/kulttuuriperintostrategia.fi\/en\/kohti-vaikuttavaa-seudullista-kulttuurimatkailua-hanke\/\">Kohti vaikuttavaa seudullista kulttuurimatkailua<\/a><\/h3><p>Hankkeessa edistet\u00e4\u00e4n kulttuurimatkailutoimintaa Huittisten, H\u00e4meenkyr\u00f6n, Punkalaitumen ja Sastamalan alueella.<\/p><a href=\"https:\/\/kulttuuriperintostrategia.fi\/en\/kohti-vaikuttavaa-seudullista-kulttuurimatkailua-hanke\/\">View<\/a><\/div><div class=\"post-item lisaa-toimenpide vaihe-kaynnissa teema-4-kulttuuriperinto-ja-talous-kestavasti-ja-luovasti liittyy-aineeton-kulttuuriperinto liittyy-kulttuuriymparisto liittyy-alueellisuus liittyy-kansainvalisyys\"><h3><a href=\"https:\/\/kulttuuriperintostrategia.fi\/en\/kartanokulttuuria-kreivin-aikaan-kehittamishanke\/\">Kartanokulttuuria kreivin aikaan -kehitt\u00e4mishanke it\u00e4isell\u00e4 Uudellamaalla<\/a><\/h3><p>Hankkeen tarkoituksena on kehitt\u00e4\u00e4 uusia matkailupalveluita sek\u00e4 kasvattaa tietoisuutta It\u00e4-Uudenmaan alueen kartanoista kulttuurihistoriallisen n\u00e4k\u00f6kulman avulla.<\/p><a href=\"https:\/\/kulttuuriperintostrategia.fi\/en\/kartanokulttuuria-kreivin-aikaan-kehittamishanke\/\">View<\/a><\/div><\/div>\n\n<p><\/p>\n","protected":false},"excerpt":{"rendered":"<p>Photo: Emilia Anundi \/ Ministry of Education and CulturePhoto: Helene Schjerfbeck, Girls Reading. Hannu Aaltonen \/ Finnish National GalleryPhoto: Laura Rautjoki \/ Ministry of the Environment, image bankGet involved in implementing the Cultural Heritage Strategy! This website brings together the work to implement the Cultural Heritage Strategy around Finland. Learn about the outlined measures and &#8230; <a title=\"Front page\" class=\"read-more\" href=\"https:\/\/kulttuuriperintostrategia.fi\/en\/\" aria-label=\"Read more about Front page\">Read more<\/a><\/p>\n","protected":false},"author":1,"featured_media":0,"parent":0,"menu_order":0,"comment_status":"closed","ping_status":"closed","template":"","meta":{"_acf_changed":false,"footnotes":""},"categories":[],"class_list":["post-1853","page","type-page","status-publish"],"acf":[],"_links":{"self":[{"href":"https:\/\/kulttuuriperintostrategia.fi\/en\/wp-json\/wp\/v2\/pages\/1853","targetHints":{"allow":["GET"]}}],"collection":[{"href":"https:\/\/kulttuuriperintostrategia.fi\/en\/wp-json\/wp\/v2\/pages"}],"about":[{"href":"https:\/\/kulttuuriperintostrategia.fi\/en\/wp-json\/wp\/v2\/types\/page"}],"author":[{"embeddable":true,"href":"https:\/\/kulttuuriperintostrategia.fi\/en\/wp-json\/wp\/v2\/users\/1"}],"replies":[{"embeddable":true,"href":"https:\/\/kulttuuriperintostrategia.fi\/en\/wp-json\/wp\/v2\/comments?post=1853"}],"version-history":[{"count":20,"href":"https:\/\/kulttuuriperintostrategia.fi\/en\/wp-json\/wp\/v2\/pages\/1853\/revisions"}],"predecessor-version":[{"id":2339,"href":"https:\/\/kulttuuriperintostrategia.fi\/en\/wp-json\/wp\/v2\/pages\/1853\/revisions\/2339"}],"wp:attachment":[{"href":"https:\/\/kulttuuriperintostrategia.fi\/en\/wp-json\/wp\/v2\/media?parent=1853"}],"wp:term":[{"taxonomy":"category","embeddable":true,"href":"https:\/\/kulttuuriperintostrategia.fi\/en\/wp-json\/wp\/v2\/categories?post=1853"}],"curies":[{"name":"wp","href":"https:\/\/api.w.org\/{rel}","templated":true}]}}